{"id":11795,"date":"2022-10-13T09:38:29","date_gmt":"2022-10-13T07:38:29","guid":{"rendered":"https:\/\/mennicazielona.com\/?post_type=product&#038;p=11795"},"modified":"2022-10-13T13:35:23","modified_gmt":"2022-10-13T11:35:23","slug":"britannia-1-oz-goldmunze-24h-kopia","status":"publish","type":"product","link":"https:\/\/mennicazielona.com\/de\/produkt\/britannia-1-oz-goldmunze-24h-kopia\/","title":{"rendered":"Adler Goldm\u00fcnze 20$ &#8211; 24h"},"content":{"rendered":"<p>Die Vorderseite zeigt eine Liberty, die eine brennende Fackel und einen Olivenzweig tr\u00e4gt. Es ist von Sternen umgeben, die die Mitgliedsstaaten der Union repr\u00e4sentieren. Unten links ist das Kapitol und rechts das Pr\u00e4gejahr.<\/p>\n<p>Die R\u00fcckseite zeigt einen fliegenden Adler und eine Sonne mit goldenen Strahlen. \u00dcber dem Adler stehen die Worte \u201eUnited States of Amerika\u201c und der Nennwert \u201eTwenty Dollars\u201c. M\u00fcnzen gepr\u00e4gt ab 1908. <\/p>\n<p>Es wird sich in schwierigen Zeiten als Investition und Schutz Ihrer Ersparnisse perfekt eignen.<\/p>\n","protected":false},"excerpt":{"rendered":"<p>Reinheit: <strong>900<\/strong><br \/>\nGewicht: <strong>33,43 g (darunter 30,1 g 24 Karat Gold)\u00a0<\/strong><br \/>\nJahr: <strong>1922-1927<\/strong><br \/>\nZustand: <strong>Gebraucht<\/strong><br \/>\nVerpackung: <strong>Kappen<\/strong><br \/>\nLieferzeit: <span style=\"color: #ff0000;\"><strong>24 Stunden<\/strong><\/span><br \/>\nVerf\u00fcgbarkeit: <strong>auf Lager<\/strong><\/p>\n<p><strong>Das pr\u00e4sentierte Foto der M\u00fcnze dient der Veranschaulichung<\/strong><\/p>\n","protected":false},"featured_media":11803,"comment_status":"closed","ping_status":"closed","template":"","meta":[],"product_brand":[],"product_cat":[161,163,155],"product_tag":[],"class_list":{"0":"post-11795","1":"product","2":"type-product","3":"status-publish","4":"has-post-thumbnail","6":"product_cat-gold","7":"product_cat-historische-munzen","8":"product_cat-auf-lager-24h","10":"first","11":"instock","12":"taxable","13":"shipping-taxable","14":"purchasable","15":"product-type-simple"},"yoast_head":"<!-- This site is optimized with the Yoast SEO plugin v26.7 - https:\/\/yoast.com\/wordpress\/plugins\/seo\/ -->\n<title>Adler Goldm\u00fcnze 20$ - 24h - Mennica Zielona<\/title>\n<meta name=\"robots\" content=\"index, follow, max-snippet:-1, max-image-preview:large, max-video-preview:-1\" \/>\n<link rel=\"canonical\" href=\"https:\/\/mennicazielona.com\/de\/produkt\/britannia-1-oz-goldmunze-24h-kopia\/\" \/>\n<meta property=\"og:locale\" content=\"de_DE\" \/>\n<meta property=\"og:type\" content=\"article\" \/>\n<meta property=\"og:title\" content=\"Adler Goldm\u00fcnze 20$ - 24h - Mennica Zielona\" \/>\n<meta property=\"og:description\" content=\"Reinheit: 900 Gewicht: 33,43 g (darunter 30,1 g 24 Karat Gold)\u00a0 Jahr: 1922-1927 Zustand: Gebraucht Verpackung: Kappen Lieferzeit: 24 Stunden Verf\u00fcgbarkeit: auf Lager  Das pr\u00e4sentierte Foto der M\u00fcnze dient der Veranschaulichung\" \/>\n<meta property=\"og:url\" content=\"https:\/\/mennicazielona.com\/de\/produkt\/britannia-1-oz-goldmunze-24h-kopia\/\" \/>\n<meta property=\"og:site_name\" content=\"Mennica Zielona\" \/>\n<meta property=\"article:publisher\" content=\"https:\/\/www.facebook.com\/Mennica-Zielona-111796140639537\/\" \/>\n<meta property=\"article:modified_time\" content=\"2022-10-13T11:35:23+00:00\" \/>\n<meta property=\"og:image\" content=\"https:\/\/mennicazielona.com\/wp-content\/uploads\/2022\/10\/Orzel-20-Dolarow-1.jpg\" \/>\n\t<meta property=\"og:image:width\" content=\"1100\" \/>\n\t<meta property=\"og:image:height\" content=\"1100\" \/>\n\t<meta property=\"og:image:type\" content=\"image\/jpeg\" \/>\n<meta name=\"twitter:card\" content=\"summary_large_image\" \/>\n<!-- \/ Yoast SEO plugin. -->","yoast_head_json":{"title":"Adler Goldm\u00fcnze 20$ - 24h - Mennica Zielona","robots":{"index":"index","follow":"follow","max-snippet":"max-snippet:-1","max-image-preview":"max-image-preview:large","max-video-preview":"max-video-preview:-1"},"canonical":"https:\/\/mennicazielona.com\/de\/produkt\/britannia-1-oz-goldmunze-24h-kopia\/","og_locale":"de_DE","og_type":"article","og_title":"Adler Goldm\u00fcnze 20$ - 24h - Mennica Zielona","og_description":"Reinheit: 900 Gewicht: 33,43 g (darunter 30,1 g 24 Karat Gold)\u00a0 Jahr: 1922-1927 Zustand: Gebraucht Verpackung: Kappen Lieferzeit: 24 Stunden Verf\u00fcgbarkeit: auf Lager  Das pr\u00e4sentierte Foto der M\u00fcnze dient der Veranschaulichung","og_url":"https:\/\/mennicazielona.com\/de\/produkt\/britannia-1-oz-goldmunze-24h-kopia\/","og_site_name":"Mennica Zielona","article_publisher":"https:\/\/www.facebook.com\/Mennica-Zielona-111796140639537\/","article_modified_time":"2022-10-13T11:35:23+00:00","og_image":[{"width":1100,"height":1100,"url":"https:\/\/mennicazielona.com\/wp-content\/uploads\/2022\/10\/Orzel-20-Dolarow-1.jpg","type":"image\/jpeg"}],"twitter_card":"summary_large_image","schema":{"@context":"https:\/\/schema.org","@graph":[{"@type":"WebPage","@id":"https:\/\/mennicazielona.com\/de\/produkt\/britannia-1-oz-goldmunze-24h-kopia\/","url":"https:\/\/mennicazielona.com\/de\/produkt\/britannia-1-oz-goldmunze-24h-kopia\/","name":"Adler Goldm\u00fcnze 20$ - 24h - Mennica Zielona","isPartOf":{"@id":"https:\/\/mennicazielona.com\/de\/#website"},"primaryImageOfPage":{"@id":"https:\/\/mennicazielona.com\/de\/produkt\/britannia-1-oz-goldmunze-24h-kopia\/#primaryimage"},"image":{"@id":"https:\/\/mennicazielona.com\/de\/produkt\/britannia-1-oz-goldmunze-24h-kopia\/#primaryimage"},"thumbnailUrl":"https:\/\/mennicazielona.com\/wp-content\/uploads\/2022\/10\/Orzel-20-Dolarow-1.jpg","datePublished":"2022-10-13T07:38:29+00:00","dateModified":"2022-10-13T11:35:23+00:00","breadcrumb":{"@id":"https:\/\/mennicazielona.com\/de\/produkt\/britannia-1-oz-goldmunze-24h-kopia\/#breadcrumb"},"inLanguage":"de","potentialAction":[{"@type":"ReadAction","target":["https:\/\/mennicazielona.com\/de\/produkt\/britannia-1-oz-goldmunze-24h-kopia\/"]}]},{"@type":"ImageObject","inLanguage":"de","@id":"https:\/\/mennicazielona.com\/de\/produkt\/britannia-1-oz-goldmunze-24h-kopia\/#primaryimage","url":"https:\/\/mennicazielona.com\/wp-content\/uploads\/2022\/10\/Orzel-20-Dolarow-1.jpg","contentUrl":"https:\/\/mennicazielona.com\/wp-content\/uploads\/2022\/10\/Orzel-20-Dolarow-1.jpg","width":1100,"height":1100},{"@type":"BreadcrumbList","@id":"https:\/\/mennicazielona.com\/de\/produkt\/britannia-1-oz-goldmunze-24h-kopia\/#breadcrumb","itemListElement":[{"@type":"ListItem","position":1,"name":"Strona g\u0142\u00f3wna","item":"https:\/\/mennicazielona.com\/de\/"},{"@type":"ListItem","position":2,"name":"Sklep","item":"https:\/\/mennicazielona.com\/sklep\/"},{"@type":"ListItem","position":3,"name":"Adler Goldm\u00fcnze 20$ &#8211; 24h"}]},{"@type":"WebSite","@id":"https:\/\/mennicazielona.com\/de\/#website","url":"https:\/\/mennicazielona.com\/de\/","name":"Mennica Zielona","description":"Sprzeda\u017c z\u0142ota inwestycyjnego, sztabek oraz monet bulionowych","publisher":{"@id":"https:\/\/mennicazielona.com\/de\/#organization"},"potentialAction":[{"@type":"SearchAction","target":{"@type":"EntryPoint","urlTemplate":"https:\/\/mennicazielona.com\/de\/?s={search_term_string}"},"query-input":{"@type":"PropertyValueSpecification","valueRequired":true,"valueName":"search_term_string"}}],"inLanguage":"de"},{"@type":"Organization","@id":"https:\/\/mennicazielona.com\/de\/#organization","name":"Mennica Zielona Sp. z o.o.","url":"https:\/\/mennicazielona.com\/de\/","logo":{"@type":"ImageObject","inLanguage":"de","@id":"https:\/\/mennicazielona.com\/de\/#\/schema\/logo\/image\/","url":"https:\/\/mennicazielona.com\/wp-content\/uploads\/2021\/11\/logo-mennica-zielona.png","contentUrl":"https:\/\/mennicazielona.com\/wp-content\/uploads\/2021\/11\/logo-mennica-zielona.png","width":124,"height":139,"caption":"Mennica Zielona Sp. z o.o."},"image":{"@id":"https:\/\/mennicazielona.com\/de\/#\/schema\/logo\/image\/"},"sameAs":["https:\/\/www.facebook.com\/Mennica-Zielona-111796140639537\/","https:\/\/www.instagram.com\/mennicazielonalubuska\/?r=nametag"]}]}},"_links":{"self":[{"href":"https:\/\/mennicazielona.com\/de\/wp-json\/wp\/v2\/product\/11795","targetHints":{"allow":["GET"]}}],"collection":[{"href":"https:\/\/mennicazielona.com\/de\/wp-json\/wp\/v2\/product"}],"about":[{"href":"https:\/\/mennicazielona.com\/de\/wp-json\/wp\/v2\/types\/product"}],"replies":[{"embeddable":true,"href":"https:\/\/mennicazielona.com\/de\/wp-json\/wp\/v2\/comments?post=11795"}],"wp:featuredmedia":[{"embeddable":true,"href":"https:\/\/mennicazielona.com\/de\/wp-json\/wp\/v2\/media\/11803"}],"wp:attachment":[{"href":"https:\/\/mennicazielona.com\/de\/wp-json\/wp\/v2\/media?parent=11795"}],"wp:term":[{"taxonomy":"product_brand","embeddable":true,"href":"https:\/\/mennicazielona.com\/de\/wp-json\/wp\/v2\/product_brand?post=11795"},{"taxonomy":"product_cat","embeddable":true,"href":"https:\/\/mennicazielona.com\/de\/wp-json\/wp\/v2\/product_cat?post=11795"},{"taxonomy":"product_tag","embeddable":true,"href":"https:\/\/mennicazielona.com\/de\/wp-json\/wp\/v2\/product_tag?post=11795"}],"curies":[{"name":"wp","href":"https:\/\/api.w.org\/{rel}","templated":true}]}}