{"id":11669,"date":"2021-04-08T16:19:58","date_gmt":"2021-04-08T14:19:58","guid":{"rendered":"https:\/\/mennicazielona.com\/?post_type=product&#038;p=11669"},"modified":"2023-03-03T14:50:46","modified_gmt":"2023-03-03T13:50:46","slug":"1-g-goldbarren-lbma","status":"publish","type":"product","link":"https:\/\/mennicazielona.com\/de\/produkt\/1-g-goldbarren-lbma\/","title":{"rendered":"1 g Goldbarren LBMA"},"content":{"rendered":"<p><strong>1 g Goldbarren \u2013 Feingehalt 999,9 mit LBMA Good Delivery Zertifikat<\/strong><\/p>\n<p>Sie m\u00f6chten in Gold investieren, haben aber Angst, dass der Preis zu hoch sein wird? Machen Sie sich mit unserem Angebot des Anlagegolds mit einem Gewicht von 1 g anvertraut. Es ist das kleinste von verkauften Erzeugnissen, deshalb sind auch die Anschaffungskosten nicht relativ hoch. Sie k\u00f6nnen es als ein exklusives Geschenk an Ihre Lieben verschenken oder das St\u00e4bchen f\u00fcr sich behalten.<\/p>\n<p>Nach einem bestimmten Zeitraum, wenn der Preis f\u00fcr 1 g Gold steigt (der Wechselkurs wird h\u00f6her), wird das Produkt verf\u00fcgbar sein und man kann es zu einem teueren Preis verkaufen. Das pr\u00e4sentierte Anlagegold ist 1 Gramm reines Metall (Feingehaltsprobe 999,9)- es kommt von weltbekannten Herstellern: C. Hafner, Argor Heraeus und Valcambi. Gold mit einem Gewicht von 1 g wurde urspr\u00fcnglich von ihnen in Certipack verpackt, und dank des LBMA Good Delivery Zertifikats, ist die Authentizit\u00e4t des Produkts best\u00e4tigt. Zus\u00e4tzlich haben wir die Sicherheit, dass das Anlagegold von Valcambi, C. Hafner und Argor Heraeus mit einem Gewicht von 1 g nicht aus illegalen Quellen stammt, deshalb stellen wir es zum Verkauf weltweit, ohne den K\u00e4ufer mit eventuellen finanziellen Abz\u00fcgen zu belasten.<\/p>\n","protected":false},"excerpt":{"rendered":"<p>Reinheit: <strong>999,9<\/strong><br \/>\nBarrengewicht: <strong>1 Gramm<\/strong><br \/>\nHersteller: <strong>C. Hafner \/ Valcambi \/ Argor Heraeus<\/strong><br \/>\nHerkunftsland: <strong>Deutschland \/ Schweiz<\/strong><br \/>\nUmsetzung: <span style=\"color: #ff0000;\"><strong>10 Werktage<\/strong><\/span><br \/>\nVerf\u00fcgbarkeit: <strong>auf Bestellung<\/strong><\/p>\n<p><strong>Der Versand der Produkte erfolgt abh\u00e4ngig von der Verf\u00fcgbarkeit von Goldbarren beim Hersteller.<\/strong><\/p>\n<p>Perfekt als Geschenk zur Hochzeit, Taufe, Kommunion. M\u00f6glichkeit der dekorativen Verpackung:<\/p>\n[product id=\"1868\" limit=\"1\" columns=\"1\"]\n","protected":false},"featured_media":10844,"comment_status":"closed","ping_status":"closed","template":"","meta":[],"product_brand":[],"product_cat":[161,164],"product_tag":[],"class_list":{"0":"post-11669","1":"product","2":"type-product","3":"status-publish","4":"has-post-thumbnail","6":"product_cat-gold","7":"product_cat-goldbarren","9":"first","10":"onbackorder","11":"taxable","12":"shipping-taxable","13":"purchasable","14":"product-type-simple"},"yoast_head":"<!-- This site is optimized with the Yoast SEO plugin v26.7 - https:\/\/yoast.com\/wordpress\/plugins\/seo\/ -->\n<title>Anlagegoldbarren 1 g | M\u00fcnzst\u00e4tte<\/title>\n<meta name=\"description\" content=\"Machen Sie sich mit dem Angebot des kleinsten Anlagegoldbarren anvertraut! 1 Gramm Erz 999,9 Feingehalts wird Sie mit seinem niedrigen Preis und einer sicheren Herkunft begeistern. Pr\u00fcfen Sie, wann es sich lohnt ihn zu kaufen.\" \/>\n<meta name=\"robots\" content=\"index, follow, max-snippet:-1, max-image-preview:large, max-video-preview:-1\" \/>\n<link rel=\"canonical\" href=\"https:\/\/mennicazielona.com\/de\/produkt\/1-g-goldbarren-lbma\/\" \/>\n<meta property=\"og:locale\" content=\"de_DE\" \/>\n<meta property=\"og:type\" content=\"article\" \/>\n<meta property=\"og:title\" content=\"Anlagegoldbarren 1 g | M\u00fcnzst\u00e4tte\" \/>\n<meta property=\"og:description\" content=\"Machen Sie sich mit dem Angebot des kleinsten Anlagegoldbarren anvertraut! 1 Gramm Erz 999,9 Feingehalts wird Sie mit seinem niedrigen Preis und einer sicheren Herkunft begeistern. Pr\u00fcfen Sie, wann es sich lohnt ihn zu kaufen.\" \/>\n<meta property=\"og:url\" content=\"https:\/\/mennicazielona.com\/de\/produkt\/1-g-goldbarren-lbma\/\" \/>\n<meta property=\"og:site_name\" content=\"Mennica Zielona\" \/>\n<meta property=\"article:publisher\" content=\"https:\/\/www.facebook.com\/Mennica-Zielona-111796140639537\/\" \/>\n<meta property=\"article:modified_time\" content=\"2023-03-03T13:50:46+00:00\" \/>\n<meta property=\"og:image\" content=\"https:\/\/mennicazielona.com\/wp-content\/uploads\/2021\/04\/CHAF_1g_Feingoldbarren_VS_PK_Druck-scaled.jpg\" \/>\n\t<meta property=\"og:image:width\" content=\"1920\" \/>\n\t<meta property=\"og:image:height\" content=\"2560\" \/>\n\t<meta property=\"og:image:type\" content=\"image\/jpeg\" \/>\n<meta name=\"twitter:card\" content=\"summary_large_image\" \/>\n<meta name=\"twitter:label1\" content=\"Gesch\u00e4tzte Lesezeit\" \/>\n\t<meta name=\"twitter:data1\" content=\"1\u00a0Minute\" \/>\n<!-- \/ Yoast SEO plugin. -->","yoast_head_json":{"title":"Anlagegoldbarren 1 g | M\u00fcnzst\u00e4tte","description":"Machen Sie sich mit dem Angebot des kleinsten Anlagegoldbarren anvertraut! 1 Gramm Erz 999,9 Feingehalts wird Sie mit seinem niedrigen Preis und einer sicheren Herkunft begeistern. Pr\u00fcfen Sie, wann es sich lohnt ihn zu kaufen.","robots":{"index":"index","follow":"follow","max-snippet":"max-snippet:-1","max-image-preview":"max-image-preview:large","max-video-preview":"max-video-preview:-1"},"canonical":"https:\/\/mennicazielona.com\/de\/produkt\/1-g-goldbarren-lbma\/","og_locale":"de_DE","og_type":"article","og_title":"Anlagegoldbarren 1 g | M\u00fcnzst\u00e4tte","og_description":"Machen Sie sich mit dem Angebot des kleinsten Anlagegoldbarren anvertraut! 1 Gramm Erz 999,9 Feingehalts wird Sie mit seinem niedrigen Preis und einer sicheren Herkunft begeistern. Pr\u00fcfen Sie, wann es sich lohnt ihn zu kaufen.","og_url":"https:\/\/mennicazielona.com\/de\/produkt\/1-g-goldbarren-lbma\/","og_site_name":"Mennica Zielona","article_publisher":"https:\/\/www.facebook.com\/Mennica-Zielona-111796140639537\/","article_modified_time":"2023-03-03T13:50:46+00:00","og_image":[{"width":1920,"height":2560,"url":"https:\/\/mennicazielona.com\/wp-content\/uploads\/2021\/04\/CHAF_1g_Feingoldbarren_VS_PK_Druck-scaled.jpg","type":"image\/jpeg"}],"twitter_card":"summary_large_image","twitter_misc":{"Gesch\u00e4tzte Lesezeit":"1\u00a0Minute"},"schema":{"@context":"https:\/\/schema.org","@graph":[{"@type":"WebPage","@id":"https:\/\/mennicazielona.com\/de\/produkt\/1-g-goldbarren-lbma\/","url":"https:\/\/mennicazielona.com\/de\/produkt\/1-g-goldbarren-lbma\/","name":"Anlagegoldbarren 1 g | M\u00fcnzst\u00e4tte","isPartOf":{"@id":"https:\/\/mennicazielona.com\/de\/#website"},"primaryImageOfPage":{"@id":"https:\/\/mennicazielona.com\/de\/produkt\/1-g-goldbarren-lbma\/#primaryimage"},"image":{"@id":"https:\/\/mennicazielona.com\/de\/produkt\/1-g-goldbarren-lbma\/#primaryimage"},"thumbnailUrl":"https:\/\/mennicazielona.com\/wp-content\/uploads\/2021\/04\/CHAF_1g_Feingoldbarren_VS_PK_Druck-scaled.jpg","datePublished":"2021-04-08T14:19:58+00:00","dateModified":"2023-03-03T13:50:46+00:00","description":"Machen Sie sich mit dem Angebot des kleinsten Anlagegoldbarren anvertraut! 1 Gramm Erz 999,9 Feingehalts wird Sie mit seinem niedrigen Preis und einer sicheren Herkunft begeistern. Pr\u00fcfen Sie, wann es sich lohnt ihn zu kaufen.","breadcrumb":{"@id":"https:\/\/mennicazielona.com\/de\/produkt\/1-g-goldbarren-lbma\/#breadcrumb"},"inLanguage":"de","potentialAction":[{"@type":"ReadAction","target":["https:\/\/mennicazielona.com\/de\/produkt\/1-g-goldbarren-lbma\/"]}]},{"@type":"ImageObject","inLanguage":"de","@id":"https:\/\/mennicazielona.com\/de\/produkt\/1-g-goldbarren-lbma\/#primaryimage","url":"https:\/\/mennicazielona.com\/wp-content\/uploads\/2021\/04\/CHAF_1g_Feingoldbarren_VS_PK_Druck-scaled.jpg","contentUrl":"https:\/\/mennicazielona.com\/wp-content\/uploads\/2021\/04\/CHAF_1g_Feingoldbarren_VS_PK_Druck-scaled.jpg","width":1920,"height":2560,"caption":"1 gram sztabka z\u0142ota"},{"@type":"BreadcrumbList","@id":"https:\/\/mennicazielona.com\/de\/produkt\/1-g-goldbarren-lbma\/#breadcrumb","itemListElement":[{"@type":"ListItem","position":1,"name":"Strona g\u0142\u00f3wna","item":"https:\/\/mennicazielona.com\/de\/"},{"@type":"ListItem","position":2,"name":"Sklep","item":"https:\/\/mennicazielona.com\/sklep\/"},{"@type":"ListItem","position":3,"name":"1 g Goldbarren LBMA"}]},{"@type":"WebSite","@id":"https:\/\/mennicazielona.com\/de\/#website","url":"https:\/\/mennicazielona.com\/de\/","name":"Mennica Zielona","description":"Sprzeda\u017c z\u0142ota inwestycyjnego, sztabek oraz monet bulionowych","publisher":{"@id":"https:\/\/mennicazielona.com\/de\/#organization"},"potentialAction":[{"@type":"SearchAction","target":{"@type":"EntryPoint","urlTemplate":"https:\/\/mennicazielona.com\/de\/?s={search_term_string}"},"query-input":{"@type":"PropertyValueSpecification","valueRequired":true,"valueName":"search_term_string"}}],"inLanguage":"de"},{"@type":"Organization","@id":"https:\/\/mennicazielona.com\/de\/#organization","name":"Mennica Zielona Sp. z o.o.","url":"https:\/\/mennicazielona.com\/de\/","logo":{"@type":"ImageObject","inLanguage":"de","@id":"https:\/\/mennicazielona.com\/de\/#\/schema\/logo\/image\/","url":"https:\/\/mennicazielona.com\/wp-content\/uploads\/2021\/11\/logo-mennica-zielona.png","contentUrl":"https:\/\/mennicazielona.com\/wp-content\/uploads\/2021\/11\/logo-mennica-zielona.png","width":124,"height":139,"caption":"Mennica Zielona Sp. z o.o."},"image":{"@id":"https:\/\/mennicazielona.com\/de\/#\/schema\/logo\/image\/"},"sameAs":["https:\/\/www.facebook.com\/Mennica-Zielona-111796140639537\/","https:\/\/www.instagram.com\/mennicazielonalubuska\/?r=nametag"]}]}},"_links":{"self":[{"href":"https:\/\/mennicazielona.com\/de\/wp-json\/wp\/v2\/product\/11669","targetHints":{"allow":["GET"]}}],"collection":[{"href":"https:\/\/mennicazielona.com\/de\/wp-json\/wp\/v2\/product"}],"about":[{"href":"https:\/\/mennicazielona.com\/de\/wp-json\/wp\/v2\/types\/product"}],"replies":[{"embeddable":true,"href":"https:\/\/mennicazielona.com\/de\/wp-json\/wp\/v2\/comments?post=11669"}],"wp:featuredmedia":[{"embeddable":true,"href":"https:\/\/mennicazielona.com\/de\/wp-json\/wp\/v2\/media\/10844"}],"wp:attachment":[{"href":"https:\/\/mennicazielona.com\/de\/wp-json\/wp\/v2\/media?parent=11669"}],"wp:term":[{"taxonomy":"product_brand","embeddable":true,"href":"https:\/\/mennicazielona.com\/de\/wp-json\/wp\/v2\/product_brand?post=11669"},{"taxonomy":"product_cat","embeddable":true,"href":"https:\/\/mennicazielona.com\/de\/wp-json\/wp\/v2\/product_cat?post=11669"},{"taxonomy":"product_tag","embeddable":true,"href":"https:\/\/mennicazielona.com\/de\/wp-json\/wp\/v2\/product_tag?post=11669"}],"curies":[{"name":"wp","href":"https:\/\/api.w.org\/{rel}","templated":true}]}}