{"id":11667,"date":"2018-07-23T14:05:44","date_gmt":"2018-07-23T12:05:44","guid":{"rendered":"https:\/\/mennicazielona.com\/?post_type=product&#038;p=11667"},"modified":"2023-03-03T14:45:42","modified_gmt":"2023-03-03T13:45:42","slug":"2-g-goldbarren-lbma","status":"publish","type":"product","link":"https:\/\/mennicazielona.com\/de\/produkt\/2-g-goldbarren-lbma\/","title":{"rendered":"2 g Goldbarren LBMA"},"content":{"rendered":"<p><strong>2 g Goldbarren &#8211; Feinheit 999,9 mit LBMA Good Delivery Zertifikat<\/strong><\/p>\n<p>Suchen Sie nach einer subtilen Sch\u00f6nheit in ihrer reinsten Form? Anlagegold mit einem Gewicht von 2 g ist die beste Geschenkidee f\u00fcr eine uns liebe Person &#8211; zur Taufe, Erstkommunion, zum Geburtstag sowie zu einem anderen wichtigen Anlass. Ein 999,9 Goldbarren ist auch eine tolle Idee f\u00fcr Anf\u00e4nger. Gekauftes Gold wird verwendet, um Ihre Finanzen einzufrieren, und im Laufe der Zeit, nach der Ratenerh\u00f6hung, werden die Profite multipliziert.<\/p>\n<p>Anlagegold wiegt nur 2 Gramm und wird dennoch bei jedem Kauf weltweit entgegengenommen. Dies ist dem LBMA Good Delivery-Zertifikat zu verdanken, das die Reinheit des Goldbarrens best\u00e4tigt, die Seriennummer des Produkts sicherstellt und garantiert, dass das Produkt nicht aus einer illegalen Quelle stammt, die im Zusammenhang mit kriminellen Aktivit\u00e4ten steht. Wir werden w\u00e4hrend des Verkaufs uns mit keinen finanziellen Abz\u00fcgen im Zusammenhang mit der Echtheit des Goldes auseinandersetzen.<\/p>\n","protected":false},"excerpt":{"rendered":"<p>Reinheit: <strong>999,9<\/strong><br \/>\nBarrengewicht: <strong>2 Gramm<\/strong><br \/>\nHersteller: <strong>C. Hafner \/ Argor Heraeus<\/strong><br \/>\nHerkunftsland: <strong>Deutschland \/ Schweiz<\/strong><br \/>\nUmsetzung: <span style=\"color: #ff0000;\"><strong>10 Werktage<\/strong><\/span><br \/>\nVerf\u00fcgbarkeit: <strong>auf Bestellung<\/strong><\/p>\n<p><strong>Der Versand der Produkte erfolgt abh\u00e4ngig von der Verf\u00fcgbarkeit von Goldbarren beim Hersteller.<\/strong><\/p>\n<p>Perfekt als Geschenk zur Hochzeit, Taufe, Kommunion. M\u00f6glichkeit der dekorativen Verpackung:<\/p>\n[product id=\"1868\" limit=\"1\" columns=\"1\"]\n","protected":false},"featured_media":10845,"comment_status":"open","ping_status":"closed","template":"","meta":[],"product_brand":[],"product_cat":[161,164,154],"product_tag":[],"class_list":{"0":"post-11667","1":"product","2":"type-product","3":"status-publish","4":"has-post-thumbnail","6":"product_cat-gold","7":"product_cat-goldbarren","8":"product_cat-geschenke","10":"first","11":"onbackorder","12":"taxable","13":"shipping-taxable","14":"purchasable","15":"product-type-simple"},"yoast_head":"<!-- This site is optimized with the Yoast SEO plugin v26.7 - https:\/\/yoast.com\/wordpress\/plugins\/seo\/ -->\n<title>Anlagegoldbarren 2g | M\u00fcnzst\u00e4tte<\/title>\n<meta name=\"description\" content=\"Beginnen Sie mit kleinen Goldbarren zu investieren. Wir schlagen 999,9 Feingehalt Anlagegold mit einem Gewicht von 2 Gramm mit dem LBMA Good Delivery-Zertifikat vor. Pr\u00fcfen Sie selbst!\" \/>\n<meta name=\"robots\" content=\"index, follow, max-snippet:-1, max-image-preview:large, max-video-preview:-1\" \/>\n<link rel=\"canonical\" href=\"https:\/\/mennicazielona.com\/de\/produkt\/2-g-goldbarren-lbma\/\" \/>\n<meta property=\"og:locale\" content=\"de_DE\" \/>\n<meta property=\"og:type\" content=\"article\" \/>\n<meta property=\"og:title\" content=\"Anlagegoldbarren 2g | M\u00fcnzst\u00e4tte\" \/>\n<meta property=\"og:description\" content=\"Beginnen Sie mit kleinen Goldbarren zu investieren. Wir schlagen 999,9 Feingehalt Anlagegold mit einem Gewicht von 2 Gramm mit dem LBMA Good Delivery-Zertifikat vor. Pr\u00fcfen Sie selbst!\" \/>\n<meta property=\"og:url\" content=\"https:\/\/mennicazielona.com\/de\/produkt\/2-g-goldbarren-lbma\/\" \/>\n<meta property=\"og:site_name\" content=\"Mennica Zielona\" \/>\n<meta property=\"article:publisher\" content=\"https:\/\/www.facebook.com\/Mennica-Zielona-111796140639537\/\" \/>\n<meta property=\"article:modified_time\" content=\"2023-03-03T13:45:42+00:00\" \/>\n<meta property=\"og:image\" content=\"https:\/\/mennicazielona.com\/wp-content\/uploads\/2018\/07\/CHAF_2g_Feingoldbarren_VS_PK_Druck-scaled.jpg\" \/>\n\t<meta property=\"og:image:width\" content=\"2046\" \/>\n\t<meta property=\"og:image:height\" content=\"2560\" \/>\n\t<meta property=\"og:image:type\" content=\"image\/jpeg\" \/>\n<meta name=\"twitter:card\" content=\"summary_large_image\" \/>\n<meta name=\"twitter:label1\" content=\"Gesch\u00e4tzte Lesezeit\" \/>\n\t<meta name=\"twitter:data1\" content=\"1\u00a0Minute\" \/>\n<!-- \/ Yoast SEO plugin. -->","yoast_head_json":{"title":"Anlagegoldbarren 2g | M\u00fcnzst\u00e4tte","description":"Beginnen Sie mit kleinen Goldbarren zu investieren. Wir schlagen 999,9 Feingehalt Anlagegold mit einem Gewicht von 2 Gramm mit dem LBMA Good Delivery-Zertifikat vor. Pr\u00fcfen Sie selbst!","robots":{"index":"index","follow":"follow","max-snippet":"max-snippet:-1","max-image-preview":"max-image-preview:large","max-video-preview":"max-video-preview:-1"},"canonical":"https:\/\/mennicazielona.com\/de\/produkt\/2-g-goldbarren-lbma\/","og_locale":"de_DE","og_type":"article","og_title":"Anlagegoldbarren 2g | M\u00fcnzst\u00e4tte","og_description":"Beginnen Sie mit kleinen Goldbarren zu investieren. Wir schlagen 999,9 Feingehalt Anlagegold mit einem Gewicht von 2 Gramm mit dem LBMA Good Delivery-Zertifikat vor. Pr\u00fcfen Sie selbst!","og_url":"https:\/\/mennicazielona.com\/de\/produkt\/2-g-goldbarren-lbma\/","og_site_name":"Mennica Zielona","article_publisher":"https:\/\/www.facebook.com\/Mennica-Zielona-111796140639537\/","article_modified_time":"2023-03-03T13:45:42+00:00","og_image":[{"width":2046,"height":2560,"url":"https:\/\/mennicazielona.com\/wp-content\/uploads\/2018\/07\/CHAF_2g_Feingoldbarren_VS_PK_Druck-scaled.jpg","type":"image\/jpeg"}],"twitter_card":"summary_large_image","twitter_misc":{"Gesch\u00e4tzte Lesezeit":"1\u00a0Minute"},"schema":{"@context":"https:\/\/schema.org","@graph":[{"@type":"WebPage","@id":"https:\/\/mennicazielona.com\/de\/produkt\/2-g-goldbarren-lbma\/","url":"https:\/\/mennicazielona.com\/de\/produkt\/2-g-goldbarren-lbma\/","name":"Anlagegoldbarren 2g | M\u00fcnzst\u00e4tte","isPartOf":{"@id":"https:\/\/mennicazielona.com\/de\/#website"},"primaryImageOfPage":{"@id":"https:\/\/mennicazielona.com\/de\/produkt\/2-g-goldbarren-lbma\/#primaryimage"},"image":{"@id":"https:\/\/mennicazielona.com\/de\/produkt\/2-g-goldbarren-lbma\/#primaryimage"},"thumbnailUrl":"https:\/\/mennicazielona.com\/wp-content\/uploads\/2018\/07\/CHAF_2g_Feingoldbarren_VS_PK_Druck-scaled.jpg","datePublished":"2018-07-23T12:05:44+00:00","dateModified":"2023-03-03T13:45:42+00:00","description":"Beginnen Sie mit kleinen Goldbarren zu investieren. Wir schlagen 999,9 Feingehalt Anlagegold mit einem Gewicht von 2 Gramm mit dem LBMA Good Delivery-Zertifikat vor. Pr\u00fcfen Sie selbst!","breadcrumb":{"@id":"https:\/\/mennicazielona.com\/de\/produkt\/2-g-goldbarren-lbma\/#breadcrumb"},"inLanguage":"de","potentialAction":[{"@type":"ReadAction","target":["https:\/\/mennicazielona.com\/de\/produkt\/2-g-goldbarren-lbma\/"]}]},{"@type":"ImageObject","inLanguage":"de","@id":"https:\/\/mennicazielona.com\/de\/produkt\/2-g-goldbarren-lbma\/#primaryimage","url":"https:\/\/mennicazielona.com\/wp-content\/uploads\/2018\/07\/CHAF_2g_Feingoldbarren_VS_PK_Druck-scaled.jpg","contentUrl":"https:\/\/mennicazielona.com\/wp-content\/uploads\/2018\/07\/CHAF_2g_Feingoldbarren_VS_PK_Druck-scaled.jpg","width":2046,"height":2560},{"@type":"BreadcrumbList","@id":"https:\/\/mennicazielona.com\/de\/produkt\/2-g-goldbarren-lbma\/#breadcrumb","itemListElement":[{"@type":"ListItem","position":1,"name":"Strona g\u0142\u00f3wna","item":"https:\/\/mennicazielona.com\/de\/"},{"@type":"ListItem","position":2,"name":"Sklep","item":"https:\/\/mennicazielona.com\/sklep\/"},{"@type":"ListItem","position":3,"name":"2 g Goldbarren LBMA"}]},{"@type":"WebSite","@id":"https:\/\/mennicazielona.com\/de\/#website","url":"https:\/\/mennicazielona.com\/de\/","name":"Mennica Zielona","description":"Sprzeda\u017c z\u0142ota inwestycyjnego, sztabek oraz monet bulionowych","publisher":{"@id":"https:\/\/mennicazielona.com\/de\/#organization"},"potentialAction":[{"@type":"SearchAction","target":{"@type":"EntryPoint","urlTemplate":"https:\/\/mennicazielona.com\/de\/?s={search_term_string}"},"query-input":{"@type":"PropertyValueSpecification","valueRequired":true,"valueName":"search_term_string"}}],"inLanguage":"de"},{"@type":"Organization","@id":"https:\/\/mennicazielona.com\/de\/#organization","name":"Mennica Zielona Sp. z o.o.","url":"https:\/\/mennicazielona.com\/de\/","logo":{"@type":"ImageObject","inLanguage":"de","@id":"https:\/\/mennicazielona.com\/de\/#\/schema\/logo\/image\/","url":"https:\/\/mennicazielona.com\/wp-content\/uploads\/2021\/11\/logo-mennica-zielona.png","contentUrl":"https:\/\/mennicazielona.com\/wp-content\/uploads\/2021\/11\/logo-mennica-zielona.png","width":124,"height":139,"caption":"Mennica Zielona Sp. z o.o."},"image":{"@id":"https:\/\/mennicazielona.com\/de\/#\/schema\/logo\/image\/"},"sameAs":["https:\/\/www.facebook.com\/Mennica-Zielona-111796140639537\/","https:\/\/www.instagram.com\/mennicazielonalubuska\/?r=nametag"]}]}},"_links":{"self":[{"href":"https:\/\/mennicazielona.com\/de\/wp-json\/wp\/v2\/product\/11667","targetHints":{"allow":["GET"]}}],"collection":[{"href":"https:\/\/mennicazielona.com\/de\/wp-json\/wp\/v2\/product"}],"about":[{"href":"https:\/\/mennicazielona.com\/de\/wp-json\/wp\/v2\/types\/product"}],"replies":[{"embeddable":true,"href":"https:\/\/mennicazielona.com\/de\/wp-json\/wp\/v2\/comments?post=11667"}],"wp:featuredmedia":[{"embeddable":true,"href":"https:\/\/mennicazielona.com\/de\/wp-json\/wp\/v2\/media\/10845"}],"wp:attachment":[{"href":"https:\/\/mennicazielona.com\/de\/wp-json\/wp\/v2\/media?parent=11667"}],"wp:term":[{"taxonomy":"product_brand","embeddable":true,"href":"https:\/\/mennicazielona.com\/de\/wp-json\/wp\/v2\/product_brand?post=11667"},{"taxonomy":"product_cat","embeddable":true,"href":"https:\/\/mennicazielona.com\/de\/wp-json\/wp\/v2\/product_cat?post=11667"},{"taxonomy":"product_tag","embeddable":true,"href":"https:\/\/mennicazielona.com\/de\/wp-json\/wp\/v2\/product_tag?post=11667"}],"curies":[{"name":"wp","href":"https:\/\/api.w.org\/{rel}","templated":true}]}}