{"id":11666,"date":"2020-05-22T07:08:06","date_gmt":"2020-05-22T05:08:06","guid":{"rendered":"https:\/\/mennicazielona.com\/?post_type=product&#038;p=11666"},"modified":"2026-03-05T08:09:57","modified_gmt":"2026-03-05T07:09:57","slug":"2-g-goldbarren-lbma-24h","status":"publish","type":"product","link":"https:\/\/mennicazielona.com\/de\/produkt\/2-g-goldbarren-lbma-24h\/","title":{"rendered":"2 g Goldbarren LBMA &#8211; 24h"},"content":{"rendered":"<div>\n<div><strong><span class=\"m_-252994428852878459colour\">Ein Barren aus Gold pr. 999,9 mit LBMA Good Delivery-Zertifikat. Original verpackt im Certipack.<\/span><\/strong><span class=\"m_-252994428852878459colour\"><br \/>\n<\/span><\/div>\n<div><span class=\"m_-252994428852878459colour\">\u00a0<\/span><\/div>\n<div><span class=\"m_-252994428852878459colour\">Das LBMA Good Delivery Zertifikat best\u00e4tigt die garantierte Reinheit und die Seriennummer der Barren.<\/span><span class=\"m_-252994428852878459colour\"><br \/>\n<\/span><\/div>\n<div><span class=\"m_-252994428852878459colour\">Dadurch k\u00f6nnen die Barren weltweit ohne finanzielle Abz\u00fcge weiterverkauft werden.<\/span><span class=\"m_-252994428852878459colour\"><br \/>\n<\/span><\/div>\n<div><span class=\"m_-252994428852878459colour\">Gold mit diesem Zertifikat stammt nur aus Quellen, die nichts mit Menschenrechtsverletzungen und kriminellen Aktivit\u00e4ten zu tun haben. <\/span><span class=\"m_-252994428852878459colour\"><br \/>\n<\/span><\/div>\n<div><span class=\"m_-252994428852878459colour\">\u00a0<\/span><\/div>\n<div><span class=\"m_-252994428852878459colour\">Die Bar zeichnet sich durch ihre einzigartige \u00c4sthetik aus. Seine \u00e4u\u00dferst filigrane Oberfl\u00e4chenstruktur verleiht ihm eine exklusive Optik.<\/span><\/div>\n<\/div>\n<div><\/div>\n","protected":false},"excerpt":{"rendered":"<p>Reinheit: <strong>999,9<\/strong><br \/>\nBarrengewicht: <strong>2 Gramm<\/strong><br \/>\nHersteller: <strong>C. Hafner \/ Argor Heraeus<\/strong><br \/>\nHerkunftsland: <strong>Deutschland \/ Schweiz<\/strong><br \/>\nUmsetzung: <span style=\"color: #ff0000;\"><strong>24 Stunden<\/strong><\/span><br \/>\nVerf\u00fcgbarkeit: <strong>auf Lager<\/strong><\/p>\n<p><strong>Der Versand der Produkte erfolgt abh\u00e4ngig von der Verf\u00fcgbarkeit von Goldbarren beim Hersteller.<\/strong><\/p>\n<p>Perfekt als Geschenk zur Hochzeit, Taufe, Kommunion. M\u00f6glichkeit der dekorativen Verpackung:<\/p>\n[product id=\"1868\" limit=\"1\" columns=\"1\"]\n","protected":false},"featured_media":10845,"comment_status":"open","ping_status":"closed","template":"","meta":[],"product_brand":[],"product_cat":[161,164,154,155],"product_tag":[],"class_list":{"0":"post-11666","1":"product","2":"type-product","3":"status-publish","4":"has-post-thumbnail","6":"product_cat-gold","7":"product_cat-goldbarren","8":"product_cat-geschenke","9":"product_cat-auf-lager-24h","11":"first","12":"instock","13":"taxable","14":"shipping-taxable","15":"purchasable","16":"product-type-simple"},"yoast_head":"<!-- This site is optimized with the Yoast SEO plugin v26.7 - https:\/\/yoast.com\/wordpress\/plugins\/seo\/ -->\n<title>2 g Goldbarren LBMA - 24h - Mennica Zielona<\/title>\n<meta name=\"robots\" content=\"index, follow, max-snippet:-1, max-image-preview:large, max-video-preview:-1\" \/>\n<link rel=\"canonical\" href=\"https:\/\/mennicazielona.com\/de\/produkt\/2-g-goldbarren-lbma-24h\/\" \/>\n<meta property=\"og:locale\" content=\"de_DE\" \/>\n<meta property=\"og:type\" content=\"article\" \/>\n<meta property=\"og:title\" content=\"2 g Goldbarren LBMA - 24h - Mennica Zielona\" \/>\n<meta property=\"og:description\" content=\"Reinheit: 999,9 Barrengewicht: 2 Gramm Hersteller: C. Hafner \/ Argor Heraeus Herkunftsland: Deutschland \/ Schweiz Umsetzung: 24 Stunden Verf\u00fcgbarkeit: auf Lager  Der Versand der Produkte erfolgt abh\u00e4ngig von der Verf\u00fcgbarkeit von Goldbarren beim Hersteller.  Perfekt als Geschenk zur Hochzeit, Taufe, Kommunion. M\u00f6glichkeit der dekorativen Verpackung:\" \/>\n<meta property=\"og:url\" content=\"https:\/\/mennicazielona.com\/de\/produkt\/2-g-goldbarren-lbma-24h\/\" \/>\n<meta property=\"og:site_name\" content=\"Mennica Zielona\" \/>\n<meta property=\"article:publisher\" content=\"https:\/\/www.facebook.com\/Mennica-Zielona-111796140639537\/\" \/>\n<meta property=\"article:modified_time\" content=\"2026-03-05T07:09:57+00:00\" \/>\n<meta property=\"og:image\" content=\"https:\/\/mennicazielona.com\/wp-content\/uploads\/2018\/07\/CHAF_2g_Feingoldbarren_VS_PK_Druck-scaled.jpg\" \/>\n\t<meta property=\"og:image:width\" content=\"2046\" \/>\n\t<meta property=\"og:image:height\" content=\"2560\" \/>\n\t<meta property=\"og:image:type\" content=\"image\/jpeg\" \/>\n<meta name=\"twitter:card\" content=\"summary_large_image\" \/>\n<!-- \/ Yoast SEO plugin. -->","yoast_head_json":{"title":"2 g Goldbarren LBMA - 24h - Mennica Zielona","robots":{"index":"index","follow":"follow","max-snippet":"max-snippet:-1","max-image-preview":"max-image-preview:large","max-video-preview":"max-video-preview:-1"},"canonical":"https:\/\/mennicazielona.com\/de\/produkt\/2-g-goldbarren-lbma-24h\/","og_locale":"de_DE","og_type":"article","og_title":"2 g Goldbarren LBMA - 24h - Mennica Zielona","og_description":"Reinheit: 999,9 Barrengewicht: 2 Gramm Hersteller: C. Hafner \/ Argor Heraeus Herkunftsland: Deutschland \/ Schweiz Umsetzung: 24 Stunden Verf\u00fcgbarkeit: auf Lager  Der Versand der Produkte erfolgt abh\u00e4ngig von der Verf\u00fcgbarkeit von Goldbarren beim Hersteller.  Perfekt als Geschenk zur Hochzeit, Taufe, Kommunion. M\u00f6glichkeit der dekorativen Verpackung:","og_url":"https:\/\/mennicazielona.com\/de\/produkt\/2-g-goldbarren-lbma-24h\/","og_site_name":"Mennica Zielona","article_publisher":"https:\/\/www.facebook.com\/Mennica-Zielona-111796140639537\/","article_modified_time":"2026-03-05T07:09:57+00:00","og_image":[{"width":2046,"height":2560,"url":"https:\/\/mennicazielona.com\/wp-content\/uploads\/2018\/07\/CHAF_2g_Feingoldbarren_VS_PK_Druck-scaled.jpg","type":"image\/jpeg"}],"twitter_card":"summary_large_image","schema":{"@context":"https:\/\/schema.org","@graph":[{"@type":"WebPage","@id":"https:\/\/mennicazielona.com\/de\/produkt\/2-g-goldbarren-lbma-24h\/","url":"https:\/\/mennicazielona.com\/de\/produkt\/2-g-goldbarren-lbma-24h\/","name":"2 g Goldbarren LBMA - 24h - Mennica Zielona","isPartOf":{"@id":"https:\/\/mennicazielona.com\/de\/#website"},"primaryImageOfPage":{"@id":"https:\/\/mennicazielona.com\/de\/produkt\/2-g-goldbarren-lbma-24h\/#primaryimage"},"image":{"@id":"https:\/\/mennicazielona.com\/de\/produkt\/2-g-goldbarren-lbma-24h\/#primaryimage"},"thumbnailUrl":"https:\/\/mennicazielona.com\/wp-content\/uploads\/2018\/07\/CHAF_2g_Feingoldbarren_VS_PK_Druck-scaled.jpg","datePublished":"2020-05-22T05:08:06+00:00","dateModified":"2026-03-05T07:09:57+00:00","breadcrumb":{"@id":"https:\/\/mennicazielona.com\/de\/produkt\/2-g-goldbarren-lbma-24h\/#breadcrumb"},"inLanguage":"de","potentialAction":[{"@type":"ReadAction","target":["https:\/\/mennicazielona.com\/de\/produkt\/2-g-goldbarren-lbma-24h\/"]}]},{"@type":"ImageObject","inLanguage":"de","@id":"https:\/\/mennicazielona.com\/de\/produkt\/2-g-goldbarren-lbma-24h\/#primaryimage","url":"https:\/\/mennicazielona.com\/wp-content\/uploads\/2018\/07\/CHAF_2g_Feingoldbarren_VS_PK_Druck-scaled.jpg","contentUrl":"https:\/\/mennicazielona.com\/wp-content\/uploads\/2018\/07\/CHAF_2g_Feingoldbarren_VS_PK_Druck-scaled.jpg","width":2046,"height":2560},{"@type":"BreadcrumbList","@id":"https:\/\/mennicazielona.com\/de\/produkt\/2-g-goldbarren-lbma-24h\/#breadcrumb","itemListElement":[{"@type":"ListItem","position":1,"name":"Strona g\u0142\u00f3wna","item":"https:\/\/mennicazielona.com\/de\/"},{"@type":"ListItem","position":2,"name":"Sklep","item":"https:\/\/mennicazielona.com\/sklep\/"},{"@type":"ListItem","position":3,"name":"2 g Goldbarren LBMA &#8211; 24h"}]},{"@type":"WebSite","@id":"https:\/\/mennicazielona.com\/de\/#website","url":"https:\/\/mennicazielona.com\/de\/","name":"Mennica Zielona","description":"Sprzeda\u017c z\u0142ota inwestycyjnego, sztabek oraz monet bulionowych","publisher":{"@id":"https:\/\/mennicazielona.com\/de\/#organization"},"potentialAction":[{"@type":"SearchAction","target":{"@type":"EntryPoint","urlTemplate":"https:\/\/mennicazielona.com\/de\/?s={search_term_string}"},"query-input":{"@type":"PropertyValueSpecification","valueRequired":true,"valueName":"search_term_string"}}],"inLanguage":"de"},{"@type":"Organization","@id":"https:\/\/mennicazielona.com\/de\/#organization","name":"Mennica Zielona Sp. z o.o.","url":"https:\/\/mennicazielona.com\/de\/","logo":{"@type":"ImageObject","inLanguage":"de","@id":"https:\/\/mennicazielona.com\/de\/#\/schema\/logo\/image\/","url":"https:\/\/mennicazielona.com\/wp-content\/uploads\/2021\/11\/logo-mennica-zielona.png","contentUrl":"https:\/\/mennicazielona.com\/wp-content\/uploads\/2021\/11\/logo-mennica-zielona.png","width":124,"height":139,"caption":"Mennica Zielona Sp. z o.o."},"image":{"@id":"https:\/\/mennicazielona.com\/de\/#\/schema\/logo\/image\/"},"sameAs":["https:\/\/www.facebook.com\/Mennica-Zielona-111796140639537\/","https:\/\/www.instagram.com\/mennicazielonalubuska\/?r=nametag"]}]}},"_links":{"self":[{"href":"https:\/\/mennicazielona.com\/de\/wp-json\/wp\/v2\/product\/11666","targetHints":{"allow":["GET"]}}],"collection":[{"href":"https:\/\/mennicazielona.com\/de\/wp-json\/wp\/v2\/product"}],"about":[{"href":"https:\/\/mennicazielona.com\/de\/wp-json\/wp\/v2\/types\/product"}],"replies":[{"embeddable":true,"href":"https:\/\/mennicazielona.com\/de\/wp-json\/wp\/v2\/comments?post=11666"}],"wp:featuredmedia":[{"embeddable":true,"href":"https:\/\/mennicazielona.com\/de\/wp-json\/wp\/v2\/media\/10845"}],"wp:attachment":[{"href":"https:\/\/mennicazielona.com\/de\/wp-json\/wp\/v2\/media?parent=11666"}],"wp:term":[{"taxonomy":"product_brand","embeddable":true,"href":"https:\/\/mennicazielona.com\/de\/wp-json\/wp\/v2\/product_brand?post=11666"},{"taxonomy":"product_cat","embeddable":true,"href":"https:\/\/mennicazielona.com\/de\/wp-json\/wp\/v2\/product_cat?post=11666"},{"taxonomy":"product_tag","embeddable":true,"href":"https:\/\/mennicazielona.com\/de\/wp-json\/wp\/v2\/product_tag?post=11666"}],"curies":[{"name":"wp","href":"https:\/\/api.w.org\/{rel}","templated":true}]}}