{"id":11651,"date":"2020-06-29T14:22:11","date_gmt":"2020-06-29T12:22:11","guid":{"rendered":"https:\/\/mennicazielona.com\/?post_type=product&#038;p=11651"},"modified":"2022-10-06T15:42:12","modified_gmt":"2022-10-06T13:42:12","slug":"1-unze-goldbarren-lbma-24h","status":"publish","type":"product","link":"https:\/\/mennicazielona.com\/de\/produkt\/1-unze-goldbarren-lbma-24h\/","title":{"rendered":"1 Unze Goldbarren LBMA &#8211; 24h"},"content":{"rendered":"<div>\n<div><strong><span class=\"m_-252994428852878459colour\">Ein Barren aus Gold pr. 999,9 mit LBMA Good Delivery-Zertifikat. Original verpackt im Certipack.<\/span><\/strong><span class=\"m_-252994428852878459colour\"><br \/>\n<\/span><\/div>\n<div><span class=\"m_-252994428852878459colour\">\u00a0<\/span><\/div>\n<div><span class=\"m_-252994428852878459colour\">Das LBMA Good Delivery Zertifikat best\u00e4tigt die garantierte Reinheit und die Seriennummer der Barren.<\/span><span class=\"m_-252994428852878459colour\"><br \/>\n<\/span><\/div>\n<div><span class=\"m_-252994428852878459colour\">Dadurch k\u00f6nnen die Barren weltweit ohne finanzielle Abz\u00fcge weiterverkauft werden.<\/span><span class=\"m_-252994428852878459colour\"><br \/>\n<\/span><\/div>\n<div><span class=\"m_-252994428852878459colour\">Gold mit diesem Zertifikat stammt nur aus Quellen, die nichts mit Menschenrechtsverletzungen und kriminellen Aktivit\u00e4ten zu tun haben. <\/span><span class=\"m_-252994428852878459colour\"><br \/>\n<\/span><\/div>\n<div><span class=\"m_-252994428852878459colour\">\u00a0<\/span><\/div>\n<div><span class=\"m_-252994428852878459colour\">Die Bar zeichnet sich durch ihre einzigartige \u00c4sthetik aus. Seine \u00e4u\u00dferst filigrane Oberfl\u00e4chenstruktur verleiht ihm eine exklusive Optik.<\/span><span class=\"m_-252994428852878459colour\"><br \/>\n<\/span><\/div>\n<div><\/div>\n<div><strong>Im Rahmen des Kaufs bieten wir eine kostenlose \u00dcberpr\u00fcfung der bei uns gekauften Produkte mit einem Spektrometer und einer Magnetwaage an.<\/strong><\/div>\n<\/div>\n<div><\/div>\n","protected":false},"excerpt":{"rendered":"<p>Reinheit: <strong>999,9<\/strong><br \/>\nBarrengewicht: <strong>31,1 Gramm<\/strong><br \/>\nHersteller: <strong>C. Hafner \/ Valcambi \/ Argor Heraeus \/ Metalor<\/strong><br \/>\nHerkunftsland: <strong>Deutschland \/ Schweiz<\/strong><br \/>\nUmsetzung: <span style=\"color: #ff0000;\"><strong>24 Stunden<\/strong><\/span><br \/>\nVerf\u00fcgbarkeit: <strong>auf Lager<\/strong><\/p>\n<p><strong>Der Versand der Produkte erfolgt abh\u00e4ngig von der Verf\u00fcgbarkeit von Goldbarren beim Hersteller.<\/strong><\/p>\n<p><strong>Im Rahmen des Kaufs bieten wir einen kostenlosen Test der bei uns gekauften Produkte mit Spektrometer und Magnetwaage an.<\/strong><\/p>\n[product id=\"2539\" columns=\"1\" limit=\"1\"]\n","protected":false},"featured_media":10851,"comment_status":"open","ping_status":"closed","template":"","meta":[],"product_brand":[],"product_cat":[161,164,155],"product_tag":[],"class_list":{"0":"post-11651","1":"product","2":"type-product","3":"status-publish","4":"has-post-thumbnail","6":"product_cat-gold","7":"product_cat-goldbarren","8":"product_cat-auf-lager-24h","10":"first","11":"instock","12":"taxable","13":"shipping-taxable","14":"purchasable","15":"product-type-simple"},"yoast_head":"<!-- This site is optimized with the Yoast SEO plugin v26.7 - https:\/\/yoast.com\/wordpress\/plugins\/seo\/ -->\n<title>1 Unze Goldbarren LBMA - 24h - Mennica Zielona<\/title>\n<meta name=\"robots\" content=\"index, follow, max-snippet:-1, max-image-preview:large, max-video-preview:-1\" \/>\n<link rel=\"canonical\" href=\"https:\/\/mennicazielona.com\/de\/produkt\/1-unze-goldbarren-lbma-24h\/\" \/>\n<meta property=\"og:locale\" content=\"de_DE\" \/>\n<meta property=\"og:type\" content=\"article\" \/>\n<meta property=\"og:title\" content=\"1 Unze Goldbarren LBMA - 24h - Mennica Zielona\" \/>\n<meta property=\"og:description\" content=\"Reinheit: 999,9 Barrengewicht: 31,1 Gramm Hersteller: C. Hafner \/ Valcambi \/ Argor Heraeus \/ Metalor Herkunftsland: Deutschland \/ Schweiz Umsetzung: 24 Stunden Verf\u00fcgbarkeit: auf Lager  Der Versand der Produkte erfolgt abh\u00e4ngig von der Verf\u00fcgbarkeit von Goldbarren beim Hersteller.  Im Rahmen des Kaufs bieten wir einen kostenlosen Test der bei uns gekauften Produkte mit Spektrometer und Magnetwaage an.\" \/>\n<meta property=\"og:url\" content=\"https:\/\/mennicazielona.com\/de\/produkt\/1-unze-goldbarren-lbma-24h\/\" \/>\n<meta property=\"og:site_name\" content=\"Mennica Zielona\" \/>\n<meta property=\"article:publisher\" content=\"https:\/\/www.facebook.com\/Mennica-Zielona-111796140639537\/\" \/>\n<meta property=\"article:modified_time\" content=\"2022-10-06T13:42:12+00:00\" \/>\n<meta property=\"og:image\" content=\"https:\/\/mennicazielona.com\/wp-content\/uploads\/2020\/04\/CHAF_1oz_Feingoldbarren_VS_PK_Druck-scaled.jpg\" \/>\n\t<meta property=\"og:image:width\" content=\"1920\" \/>\n\t<meta property=\"og:image:height\" content=\"2560\" \/>\n\t<meta property=\"og:image:type\" content=\"image\/jpeg\" \/>\n<meta name=\"twitter:card\" content=\"summary_large_image\" \/>\n<meta name=\"twitter:label1\" content=\"Gesch\u00e4tzte Lesezeit\" \/>\n\t<meta name=\"twitter:data1\" content=\"1\u00a0Minute\" \/>\n<!-- \/ Yoast SEO plugin. -->","yoast_head_json":{"title":"1 Unze Goldbarren LBMA - 24h - Mennica Zielona","robots":{"index":"index","follow":"follow","max-snippet":"max-snippet:-1","max-image-preview":"max-image-preview:large","max-video-preview":"max-video-preview:-1"},"canonical":"https:\/\/mennicazielona.com\/de\/produkt\/1-unze-goldbarren-lbma-24h\/","og_locale":"de_DE","og_type":"article","og_title":"1 Unze Goldbarren LBMA - 24h - Mennica Zielona","og_description":"Reinheit: 999,9 Barrengewicht: 31,1 Gramm Hersteller: C. Hafner \/ Valcambi \/ Argor Heraeus \/ Metalor Herkunftsland: Deutschland \/ Schweiz Umsetzung: 24 Stunden Verf\u00fcgbarkeit: auf Lager  Der Versand der Produkte erfolgt abh\u00e4ngig von der Verf\u00fcgbarkeit von Goldbarren beim Hersteller.  Im Rahmen des Kaufs bieten wir einen kostenlosen Test der bei uns gekauften Produkte mit Spektrometer und Magnetwaage an.","og_url":"https:\/\/mennicazielona.com\/de\/produkt\/1-unze-goldbarren-lbma-24h\/","og_site_name":"Mennica Zielona","article_publisher":"https:\/\/www.facebook.com\/Mennica-Zielona-111796140639537\/","article_modified_time":"2022-10-06T13:42:12+00:00","og_image":[{"width":1920,"height":2560,"url":"https:\/\/mennicazielona.com\/wp-content\/uploads\/2020\/04\/CHAF_1oz_Feingoldbarren_VS_PK_Druck-scaled.jpg","type":"image\/jpeg"}],"twitter_card":"summary_large_image","twitter_misc":{"Gesch\u00e4tzte Lesezeit":"1\u00a0Minute"},"schema":{"@context":"https:\/\/schema.org","@graph":[{"@type":"WebPage","@id":"https:\/\/mennicazielona.com\/de\/produkt\/1-unze-goldbarren-lbma-24h\/","url":"https:\/\/mennicazielona.com\/de\/produkt\/1-unze-goldbarren-lbma-24h\/","name":"1 Unze Goldbarren LBMA - 24h - Mennica Zielona","isPartOf":{"@id":"https:\/\/mennicazielona.com\/de\/#website"},"primaryImageOfPage":{"@id":"https:\/\/mennicazielona.com\/de\/produkt\/1-unze-goldbarren-lbma-24h\/#primaryimage"},"image":{"@id":"https:\/\/mennicazielona.com\/de\/produkt\/1-unze-goldbarren-lbma-24h\/#primaryimage"},"thumbnailUrl":"https:\/\/mennicazielona.com\/wp-content\/uploads\/2020\/04\/CHAF_1oz_Feingoldbarren_VS_PK_Druck-scaled.jpg","datePublished":"2020-06-29T12:22:11+00:00","dateModified":"2022-10-06T13:42:12+00:00","breadcrumb":{"@id":"https:\/\/mennicazielona.com\/de\/produkt\/1-unze-goldbarren-lbma-24h\/#breadcrumb"},"inLanguage":"de","potentialAction":[{"@type":"ReadAction","target":["https:\/\/mennicazielona.com\/de\/produkt\/1-unze-goldbarren-lbma-24h\/"]}]},{"@type":"ImageObject","inLanguage":"de","@id":"https:\/\/mennicazielona.com\/de\/produkt\/1-unze-goldbarren-lbma-24h\/#primaryimage","url":"https:\/\/mennicazielona.com\/wp-content\/uploads\/2020\/04\/CHAF_1oz_Feingoldbarren_VS_PK_Druck-scaled.jpg","contentUrl":"https:\/\/mennicazielona.com\/wp-content\/uploads\/2020\/04\/CHAF_1oz_Feingoldbarren_VS_PK_Druck-scaled.jpg","width":1920,"height":2560,"caption":"sztabka z\u0142ota uncja -"},{"@type":"BreadcrumbList","@id":"https:\/\/mennicazielona.com\/de\/produkt\/1-unze-goldbarren-lbma-24h\/#breadcrumb","itemListElement":[{"@type":"ListItem","position":1,"name":"Strona g\u0142\u00f3wna","item":"https:\/\/mennicazielona.com\/de\/"},{"@type":"ListItem","position":2,"name":"Sklep","item":"https:\/\/mennicazielona.com\/sklep\/"},{"@type":"ListItem","position":3,"name":"1 Unze Goldbarren LBMA &#8211; 24h"}]},{"@type":"WebSite","@id":"https:\/\/mennicazielona.com\/de\/#website","url":"https:\/\/mennicazielona.com\/de\/","name":"Mennica Zielona","description":"Sprzeda\u017c z\u0142ota inwestycyjnego, sztabek oraz monet bulionowych","publisher":{"@id":"https:\/\/mennicazielona.com\/de\/#organization"},"potentialAction":[{"@type":"SearchAction","target":{"@type":"EntryPoint","urlTemplate":"https:\/\/mennicazielona.com\/de\/?s={search_term_string}"},"query-input":{"@type":"PropertyValueSpecification","valueRequired":true,"valueName":"search_term_string"}}],"inLanguage":"de"},{"@type":"Organization","@id":"https:\/\/mennicazielona.com\/de\/#organization","name":"Mennica Zielona Sp. z o.o.","url":"https:\/\/mennicazielona.com\/de\/","logo":{"@type":"ImageObject","inLanguage":"de","@id":"https:\/\/mennicazielona.com\/de\/#\/schema\/logo\/image\/","url":"https:\/\/mennicazielona.com\/wp-content\/uploads\/2021\/11\/logo-mennica-zielona.png","contentUrl":"https:\/\/mennicazielona.com\/wp-content\/uploads\/2021\/11\/logo-mennica-zielona.png","width":124,"height":139,"caption":"Mennica Zielona Sp. z o.o."},"image":{"@id":"https:\/\/mennicazielona.com\/de\/#\/schema\/logo\/image\/"},"sameAs":["https:\/\/www.facebook.com\/Mennica-Zielona-111796140639537\/","https:\/\/www.instagram.com\/mennicazielonalubuska\/?r=nametag"]}]}},"_links":{"self":[{"href":"https:\/\/mennicazielona.com\/de\/wp-json\/wp\/v2\/product\/11651","targetHints":{"allow":["GET"]}}],"collection":[{"href":"https:\/\/mennicazielona.com\/de\/wp-json\/wp\/v2\/product"}],"about":[{"href":"https:\/\/mennicazielona.com\/de\/wp-json\/wp\/v2\/types\/product"}],"replies":[{"embeddable":true,"href":"https:\/\/mennicazielona.com\/de\/wp-json\/wp\/v2\/comments?post=11651"}],"wp:featuredmedia":[{"embeddable":true,"href":"https:\/\/mennicazielona.com\/de\/wp-json\/wp\/v2\/media\/10851"}],"wp:attachment":[{"href":"https:\/\/mennicazielona.com\/de\/wp-json\/wp\/v2\/media?parent=11651"}],"wp:term":[{"taxonomy":"product_brand","embeddable":true,"href":"https:\/\/mennicazielona.com\/de\/wp-json\/wp\/v2\/product_brand?post=11651"},{"taxonomy":"product_cat","embeddable":true,"href":"https:\/\/mennicazielona.com\/de\/wp-json\/wp\/v2\/product_cat?post=11651"},{"taxonomy":"product_tag","embeddable":true,"href":"https:\/\/mennicazielona.com\/de\/wp-json\/wp\/v2\/product_tag?post=11651"}],"curies":[{"name":"wp","href":"https:\/\/api.w.org\/{rel}","templated":true}]}}