{"id":11643,"date":"2018-07-24T06:06:56","date_gmt":"2018-07-24T04:06:56","guid":{"rendered":"https:\/\/mennicazielona.com\/?post_type=product&#038;p=11643"},"modified":"2023-04-13T12:26:39","modified_gmt":"2023-04-13T10:26:39","slug":"100-g-goldbarren-lbma","status":"publish","type":"product","link":"https:\/\/mennicazielona.com\/de\/produkt\/100-g-goldbarren-lbma\/","title":{"rendered":"100 g Goldbarren LBMA"},"content":{"rendered":"<h2 style=\"font-size: 20px;\">Anlagegoldbarren 100 g<\/h2>\n<p>Der von uns angebotene 999,9-Goldbarren besteht aus bis zu 100 g Edelmetall. Unser Mint Green (Gr\u00fcne M\u00fcnzst\u00e4tte) bietet es in mehreren Varianten an. Die von uns angebotenen 100-g-Barren stammen von Spitzenherstellern wie C-Hafner, Valcambi, Argor und Heraeus, die alle LBMA Good Delivery zertifiziert sind &#8211; dieses Dokument garantiert die Reinheit des Goldes, best\u00e4tigt die auf dem Barren befindliche Seriennummer und stellt au\u00dferdem sicher, dass das Produkt nicht mit kriminellen Aktivit\u00e4ten in Verbindung steht. F\u00fcr jeden Anleger ist es ein sicherer Ort, um sein Geld anzulegen &#8211; und es so vor Inflation zu sch\u00fctzen. Der in Certipack originalverpackte 100-g-Goldbarren er\u00f6ffnet die M\u00f6glichkeit, in einigen Jahren erfolgreich zu investieren.<\/p>\n<h2 style=\"font-size: 20px;\">100 g LBMA-Goldbarren auf Anfrage<\/h2>\n<p>Der angebotene Barren aus 999,9er Feingold ist ein echter Blickfang und kann bei unserer Pr\u00e4geanstalt bestellt werden. Es hat ein modernes und schlichtes Design. Der Wert eines Goldbarrens ist an den aktuellen Marktpreis gekoppelt &#8211; er kann schwanken. Es ist jedoch die beste Investition und ein Schutz f\u00fcr Ihr Geld, da keine Steuern auf die Gewinne aus der Investition in dieses Edelmetall erhoben werden. 100-Gramm-Anlagegold ist in Bezug auf Menge\/Preis kosteng\u00fcnstiger als kleinere Barren\u00e4quivalente. Sie k\u00f6nnen es jederzeit und \u00fcberall auf der Welt verkaufen &#8211; denn Gold ist ein kostbarer Schatz!<\/p>\n","protected":false},"excerpt":{"rendered":"<p>Reinheit: <strong>999,9<\/strong><br \/>\nBarrengewicht: <strong>100 Gramm<\/strong><br \/>\nHersteller: <strong>C. Hafner \/ Valcambi \/ Argor Heraeus \/ Metalor<\/strong><br \/>\nHerkunftsland: <strong>Deutschland \/ Schweiz<\/strong><br \/>\nUmsetzung: <span style=\"color: #ff0000;\"><strong>10 Werktage<\/strong><\/span><br \/>\nVerf\u00fcgbarkeit: <strong>auf Bestellung<\/strong><\/p>\n<p><strong>Der Versand der Produkte erfolgt abh\u00e4ngig von der Verf\u00fcgbarkeit von Goldbarren beim Hersteller.<\/strong><\/p>\n<p><strong>Im Rahmen des Kaufs bieten wir einen kostenlosen Test der bei uns gekauften Produkte mit Spektrometer und Magnetwaage an.<\/strong><\/p>\n[product id=\"2539\" columns=\"1\" limit=\"1\"]\n","protected":false},"featured_media":10853,"comment_status":"open","ping_status":"closed","template":"","meta":[],"product_brand":[],"product_cat":[161,164],"product_tag":[],"class_list":{"0":"post-11643","1":"product","2":"type-product","3":"status-publish","4":"has-post-thumbnail","6":"product_cat-gold","7":"product_cat-goldbarren","9":"first","10":"onbackorder","11":"taxable","12":"shipping-taxable","13":"purchasable","14":"product-type-simple"},"yoast_head":"<!-- This site is optimized with the Yoast SEO plugin v26.7 - https:\/\/yoast.com\/wordpress\/plugins\/seo\/ -->\n<title>Anlagegold 100 g Feingehalt 999 | M\u00fcnzst\u00e4tte<\/title>\n<meta name=\"description\" content=\"Gold ist \u00fcberall wertvoll! Werden Sie noch heute Besitzer eines Goldbarrens 100 g. Es ist eine gelungene Investition!\" \/>\n<meta name=\"robots\" content=\"index, follow, max-snippet:-1, max-image-preview:large, max-video-preview:-1\" \/>\n<link rel=\"canonical\" href=\"https:\/\/mennicazielona.com\/de\/produkt\/100-g-goldbarren-lbma\/\" \/>\n<meta property=\"og:locale\" content=\"de_DE\" \/>\n<meta property=\"og:type\" content=\"article\" \/>\n<meta property=\"og:title\" content=\"Anlagegold 100 g Feingehalt 999 | M\u00fcnzst\u00e4tte\" \/>\n<meta property=\"og:description\" content=\"Gold ist \u00fcberall wertvoll! Werden Sie noch heute Besitzer eines Goldbarrens 100 g. Es ist eine gelungene Investition!\" \/>\n<meta property=\"og:url\" content=\"https:\/\/mennicazielona.com\/de\/produkt\/100-g-goldbarren-lbma\/\" \/>\n<meta property=\"og:site_name\" content=\"Mennica Zielona\" \/>\n<meta property=\"article:publisher\" content=\"https:\/\/www.facebook.com\/Mennica-Zielona-111796140639537\/\" \/>\n<meta property=\"article:modified_time\" content=\"2023-04-13T10:26:39+00:00\" \/>\n<meta property=\"og:image\" content=\"https:\/\/mennicazielona.com\/wp-content\/uploads\/2018\/07\/CHAF_100g_Feingoldbarren_VS_PK_Druck-scaled.jpg\" \/>\n\t<meta property=\"og:image:width\" content=\"1920\" \/>\n\t<meta property=\"og:image:height\" content=\"2560\" \/>\n\t<meta property=\"og:image:type\" content=\"image\/jpeg\" \/>\n<meta name=\"twitter:card\" content=\"summary_large_image\" \/>\n<meta name=\"twitter:label1\" content=\"Gesch\u00e4tzte Lesezeit\" \/>\n\t<meta name=\"twitter:data1\" content=\"1\u00a0Minute\" \/>\n<!-- \/ Yoast SEO plugin. -->","yoast_head_json":{"title":"Anlagegold 100 g Feingehalt 999 | M\u00fcnzst\u00e4tte","description":"Gold ist \u00fcberall wertvoll! Werden Sie noch heute Besitzer eines Goldbarrens 100 g. Es ist eine gelungene Investition!","robots":{"index":"index","follow":"follow","max-snippet":"max-snippet:-1","max-image-preview":"max-image-preview:large","max-video-preview":"max-video-preview:-1"},"canonical":"https:\/\/mennicazielona.com\/de\/produkt\/100-g-goldbarren-lbma\/","og_locale":"de_DE","og_type":"article","og_title":"Anlagegold 100 g Feingehalt 999 | M\u00fcnzst\u00e4tte","og_description":"Gold ist \u00fcberall wertvoll! Werden Sie noch heute Besitzer eines Goldbarrens 100 g. Es ist eine gelungene Investition!","og_url":"https:\/\/mennicazielona.com\/de\/produkt\/100-g-goldbarren-lbma\/","og_site_name":"Mennica Zielona","article_publisher":"https:\/\/www.facebook.com\/Mennica-Zielona-111796140639537\/","article_modified_time":"2023-04-13T10:26:39+00:00","og_image":[{"width":1920,"height":2560,"url":"https:\/\/mennicazielona.com\/wp-content\/uploads\/2018\/07\/CHAF_100g_Feingoldbarren_VS_PK_Druck-scaled.jpg","type":"image\/jpeg"}],"twitter_card":"summary_large_image","twitter_misc":{"Gesch\u00e4tzte Lesezeit":"1\u00a0Minute"},"schema":{"@context":"https:\/\/schema.org","@graph":[{"@type":"WebPage","@id":"https:\/\/mennicazielona.com\/de\/produkt\/100-g-goldbarren-lbma\/","url":"https:\/\/mennicazielona.com\/de\/produkt\/100-g-goldbarren-lbma\/","name":"Anlagegold 100 g Feingehalt 999 | M\u00fcnzst\u00e4tte","isPartOf":{"@id":"https:\/\/mennicazielona.com\/de\/#website"},"primaryImageOfPage":{"@id":"https:\/\/mennicazielona.com\/de\/produkt\/100-g-goldbarren-lbma\/#primaryimage"},"image":{"@id":"https:\/\/mennicazielona.com\/de\/produkt\/100-g-goldbarren-lbma\/#primaryimage"},"thumbnailUrl":"https:\/\/mennicazielona.com\/wp-content\/uploads\/2018\/07\/CHAF_100g_Feingoldbarren_VS_PK_Druck-scaled.jpg","datePublished":"2018-07-24T04:06:56+00:00","dateModified":"2023-04-13T10:26:39+00:00","description":"Gold ist \u00fcberall wertvoll! Werden Sie noch heute Besitzer eines Goldbarrens 100 g. Es ist eine gelungene Investition!","breadcrumb":{"@id":"https:\/\/mennicazielona.com\/de\/produkt\/100-g-goldbarren-lbma\/#breadcrumb"},"inLanguage":"de","potentialAction":[{"@type":"ReadAction","target":["https:\/\/mennicazielona.com\/de\/produkt\/100-g-goldbarren-lbma\/"]}]},{"@type":"ImageObject","inLanguage":"de","@id":"https:\/\/mennicazielona.com\/de\/produkt\/100-g-goldbarren-lbma\/#primaryimage","url":"https:\/\/mennicazielona.com\/wp-content\/uploads\/2018\/07\/CHAF_100g_Feingoldbarren_VS_PK_Druck-scaled.jpg","contentUrl":"https:\/\/mennicazielona.com\/wp-content\/uploads\/2018\/07\/CHAF_100g_Feingoldbarren_VS_PK_Druck-scaled.jpg","width":1920,"height":2560},{"@type":"BreadcrumbList","@id":"https:\/\/mennicazielona.com\/de\/produkt\/100-g-goldbarren-lbma\/#breadcrumb","itemListElement":[{"@type":"ListItem","position":1,"name":"Strona g\u0142\u00f3wna","item":"https:\/\/mennicazielona.com\/de\/"},{"@type":"ListItem","position":2,"name":"Sklep","item":"https:\/\/mennicazielona.com\/sklep\/"},{"@type":"ListItem","position":3,"name":"100 g Goldbarren LBMA"}]},{"@type":"WebSite","@id":"https:\/\/mennicazielona.com\/de\/#website","url":"https:\/\/mennicazielona.com\/de\/","name":"Mennica Zielona","description":"Sprzeda\u017c z\u0142ota inwestycyjnego, sztabek oraz monet bulionowych","publisher":{"@id":"https:\/\/mennicazielona.com\/de\/#organization"},"potentialAction":[{"@type":"SearchAction","target":{"@type":"EntryPoint","urlTemplate":"https:\/\/mennicazielona.com\/de\/?s={search_term_string}"},"query-input":{"@type":"PropertyValueSpecification","valueRequired":true,"valueName":"search_term_string"}}],"inLanguage":"de"},{"@type":"Organization","@id":"https:\/\/mennicazielona.com\/de\/#organization","name":"Mennica Zielona Sp. z o.o.","url":"https:\/\/mennicazielona.com\/de\/","logo":{"@type":"ImageObject","inLanguage":"de","@id":"https:\/\/mennicazielona.com\/de\/#\/schema\/logo\/image\/","url":"https:\/\/mennicazielona.com\/wp-content\/uploads\/2021\/11\/logo-mennica-zielona.png","contentUrl":"https:\/\/mennicazielona.com\/wp-content\/uploads\/2021\/11\/logo-mennica-zielona.png","width":124,"height":139,"caption":"Mennica Zielona Sp. z o.o."},"image":{"@id":"https:\/\/mennicazielona.com\/de\/#\/schema\/logo\/image\/"},"sameAs":["https:\/\/www.facebook.com\/Mennica-Zielona-111796140639537\/","https:\/\/www.instagram.com\/mennicazielonalubuska\/?r=nametag"]}]}},"_links":{"self":[{"href":"https:\/\/mennicazielona.com\/de\/wp-json\/wp\/v2\/product\/11643","targetHints":{"allow":["GET"]}}],"collection":[{"href":"https:\/\/mennicazielona.com\/de\/wp-json\/wp\/v2\/product"}],"about":[{"href":"https:\/\/mennicazielona.com\/de\/wp-json\/wp\/v2\/types\/product"}],"replies":[{"embeddable":true,"href":"https:\/\/mennicazielona.com\/de\/wp-json\/wp\/v2\/comments?post=11643"}],"wp:featuredmedia":[{"embeddable":true,"href":"https:\/\/mennicazielona.com\/de\/wp-json\/wp\/v2\/media\/10853"}],"wp:attachment":[{"href":"https:\/\/mennicazielona.com\/de\/wp-json\/wp\/v2\/media?parent=11643"}],"wp:term":[{"taxonomy":"product_brand","embeddable":true,"href":"https:\/\/mennicazielona.com\/de\/wp-json\/wp\/v2\/product_brand?post=11643"},{"taxonomy":"product_cat","embeddable":true,"href":"https:\/\/mennicazielona.com\/de\/wp-json\/wp\/v2\/product_cat?post=11643"},{"taxonomy":"product_tag","embeddable":true,"href":"https:\/\/mennicazielona.com\/de\/wp-json\/wp\/v2\/product_tag?post=11643"}],"curies":[{"name":"wp","href":"https:\/\/api.w.org\/{rel}","templated":true}]}}