{"id":11634,"date":"2019-01-29T10:37:02","date_gmt":"2019-01-29T09:37:02","guid":{"rendered":"https:\/\/mennicazielona.com\/?post_type=product&#038;p=11634"},"modified":"2023-03-03T14:42:04","modified_gmt":"2023-03-03T13:42:04","slug":"1000-g-goldbarren-lbma","status":"publish","type":"product","link":"https:\/\/mennicazielona.com\/de\/produkt\/1000-g-goldbarren-lbma\/","title":{"rendered":"1000 g Goldbarren LBMA"},"content":{"rendered":"<p>Der gr\u00f6\u00dfte Goldbarren 999,9 mit LBMA Good Delivery Zertifikat. Trotz Gr\u00f6\u00dfe und Gewicht hat eine extrem feine Oberfl\u00e4chenstruktur, die exklusives Aussehen verleiht. M\u00fcnzzeichen, Probe, Gewicht und die einzigartige Nummer des Goldbarren 1 kg entsprechen der Nummer auf dem Zertifikat. Ein f\u00fcr Gesch\u00e4ftsleute perfektes Produkt. Der Preis f\u00fcr 999,9 Gold kann variieren und h\u00e4ngt weitgehend vom Preis direkt beim Hersteller. Wir versuchen immer, den Preis f\u00fcr jeden unserer Kunden profitabel zu gestalten.<\/p>\n<h2>Goldbarren 1 kg von renommierten Herstellern<\/h2>\n<p>Der original in Certipack verpackte Barren stammt von den besten M\u00fcnzpr\u00e4geanstalten der London Bullion Market Association: Argor Heraeus, Valcambi, C. Hafner. Die LBMA legt die Standards f\u00fcr die Qualit\u00e4t und Sicherheit des Goldes auf dem Markt fest und \u00fcberwacht die Einhaltung durch die Produzenten. Im heutigen Zeitalter der st\u00e4ndigen Unsicherheit ist es daher die beste Investition \u2013 das gekaufte Produkt kann einfach wiederverkauft werden, in der Regel mit Gewinn. Goldbarren 1000 Gramm ist perfekte und beliebteste Form der Sparanlage.<\/p>\n","protected":false},"excerpt":{"rendered":"<p>Reinheit: <strong>999,9<\/strong><br \/>\nBarrengewicht: <strong>1000 Gramm<\/strong><br \/>\nHersteller: <strong>C. Hafner \/ Valcambi \/ Argor Heraeus \/ Metalor<\/strong><br \/>\nHerkunftsland: <strong>Deutschland \/ Schweiz<\/strong><br \/>\nUmsetzung: <span style=\"color: #ff0000;\"><strong>10 Werktage<\/strong><\/span><br \/>\nVerf\u00fcgbarkeit: <strong>auf Bestellung<\/strong><\/p>\n<p><strong>Der Versand der Produkte erfolgt abh\u00e4ngig von der Verf\u00fcgbarkeit von Goldbarren beim Hersteller.<\/strong><\/p>\n<p><strong>Im Rahmen des Kaufs bieten wir einen kostenlosen Test der bei uns gekauften Produkte mit Spektrometer und Magnetwaage an.<\/strong><\/p>\n","protected":false},"featured_media":10450,"comment_status":"closed","ping_status":"closed","template":"","meta":[],"product_brand":[],"product_cat":[161,164,153],"product_tag":[],"class_list":{"0":"post-11634","1":"product","2":"type-product","3":"status-publish","4":"has-post-thumbnail","6":"product_cat-gold","7":"product_cat-goldbarren","8":"product_cat-am-billigsten","10":"first","11":"onbackorder","12":"taxable","13":"shipping-taxable","14":"purchasable","15":"product-type-simple"},"yoast_head":"<!-- This site is optimized with the Yoast SEO plugin v26.7 - https:\/\/yoast.com\/wordpress\/plugins\/seo\/ -->\n<title>Anlage-Goldbarren 1 kg Feingewicht 999 | M\u00fcnzst\u00e4tte<\/title>\n<meta name=\"description\" content=\"1 kg Gold in einem Barren? Beste Anlage! Dieses Edelmetall ist perfekt f\u00fcr Gesch\u00e4ftsleute \u2013 beginnen Sie schon heute, damit zu Sparen.\" \/>\n<meta name=\"robots\" content=\"index, follow, max-snippet:-1, max-image-preview:large, max-video-preview:-1\" \/>\n<link rel=\"canonical\" href=\"https:\/\/mennicazielona.com\/de\/produkt\/1000-g-goldbarren-lbma\/\" \/>\n<meta property=\"og:locale\" content=\"de_DE\" \/>\n<meta property=\"og:type\" content=\"article\" \/>\n<meta property=\"og:title\" content=\"Anlage-Goldbarren 1 kg Feingewicht 999 | M\u00fcnzst\u00e4tte\" \/>\n<meta property=\"og:description\" content=\"1 kg Gold in einem Barren? Beste Anlage! Dieses Edelmetall ist perfekt f\u00fcr Gesch\u00e4ftsleute \u2013 beginnen Sie schon heute, damit zu Sparen.\" \/>\n<meta property=\"og:url\" content=\"https:\/\/mennicazielona.com\/de\/produkt\/1000-g-goldbarren-lbma\/\" \/>\n<meta property=\"og:site_name\" content=\"Mennica Zielona\" \/>\n<meta property=\"article:publisher\" content=\"https:\/\/www.facebook.com\/Mennica-Zielona-111796140639537\/\" \/>\n<meta property=\"article:modified_time\" content=\"2023-03-03T13:42:04+00:00\" \/>\n<meta property=\"og:image\" content=\"https:\/\/mennicazielona.com\/wp-content\/uploads\/2018\/09\/slider2.jpg\" \/>\n\t<meta property=\"og:image:width\" content=\"401\" \/>\n\t<meta property=\"og:image:height\" content=\"500\" \/>\n\t<meta property=\"og:image:type\" content=\"image\/jpeg\" \/>\n<meta name=\"twitter:card\" content=\"summary_large_image\" \/>\n<meta name=\"twitter:label1\" content=\"Gesch\u00e4tzte Lesezeit\" \/>\n\t<meta name=\"twitter:data1\" content=\"1\u00a0Minute\" \/>\n<!-- \/ Yoast SEO plugin. -->","yoast_head_json":{"title":"Anlage-Goldbarren 1 kg Feingewicht 999 | M\u00fcnzst\u00e4tte","description":"1 kg Gold in einem Barren? Beste Anlage! Dieses Edelmetall ist perfekt f\u00fcr Gesch\u00e4ftsleute \u2013 beginnen Sie schon heute, damit zu Sparen.","robots":{"index":"index","follow":"follow","max-snippet":"max-snippet:-1","max-image-preview":"max-image-preview:large","max-video-preview":"max-video-preview:-1"},"canonical":"https:\/\/mennicazielona.com\/de\/produkt\/1000-g-goldbarren-lbma\/","og_locale":"de_DE","og_type":"article","og_title":"Anlage-Goldbarren 1 kg Feingewicht 999 | M\u00fcnzst\u00e4tte","og_description":"1 kg Gold in einem Barren? Beste Anlage! Dieses Edelmetall ist perfekt f\u00fcr Gesch\u00e4ftsleute \u2013 beginnen Sie schon heute, damit zu Sparen.","og_url":"https:\/\/mennicazielona.com\/de\/produkt\/1000-g-goldbarren-lbma\/","og_site_name":"Mennica Zielona","article_publisher":"https:\/\/www.facebook.com\/Mennica-Zielona-111796140639537\/","article_modified_time":"2023-03-03T13:42:04+00:00","og_image":[{"width":401,"height":500,"url":"https:\/\/mennicazielona.com\/wp-content\/uploads\/2018\/09\/slider2.jpg","type":"image\/jpeg"}],"twitter_card":"summary_large_image","twitter_misc":{"Gesch\u00e4tzte Lesezeit":"1\u00a0Minute"},"schema":{"@context":"https:\/\/schema.org","@graph":[{"@type":"WebPage","@id":"https:\/\/mennicazielona.com\/de\/produkt\/1000-g-goldbarren-lbma\/","url":"https:\/\/mennicazielona.com\/de\/produkt\/1000-g-goldbarren-lbma\/","name":"Anlage-Goldbarren 1 kg Feingewicht 999 | M\u00fcnzst\u00e4tte","isPartOf":{"@id":"https:\/\/mennicazielona.com\/de\/#website"},"primaryImageOfPage":{"@id":"https:\/\/mennicazielona.com\/de\/produkt\/1000-g-goldbarren-lbma\/#primaryimage"},"image":{"@id":"https:\/\/mennicazielona.com\/de\/produkt\/1000-g-goldbarren-lbma\/#primaryimage"},"thumbnailUrl":"https:\/\/mennicazielona.com\/wp-content\/uploads\/2018\/09\/slider2.jpg","datePublished":"2019-01-29T09:37:02+00:00","dateModified":"2023-03-03T13:42:04+00:00","description":"1 kg Gold in einem Barren? Beste Anlage! Dieses Edelmetall ist perfekt f\u00fcr Gesch\u00e4ftsleute \u2013 beginnen Sie schon heute, damit zu Sparen.","breadcrumb":{"@id":"https:\/\/mennicazielona.com\/de\/produkt\/1000-g-goldbarren-lbma\/#breadcrumb"},"inLanguage":"de","potentialAction":[{"@type":"ReadAction","target":["https:\/\/mennicazielona.com\/de\/produkt\/1000-g-goldbarren-lbma\/"]}]},{"@type":"ImageObject","inLanguage":"de","@id":"https:\/\/mennicazielona.com\/de\/produkt\/1000-g-goldbarren-lbma\/#primaryimage","url":"https:\/\/mennicazielona.com\/wp-content\/uploads\/2018\/09\/slider2.jpg","contentUrl":"https:\/\/mennicazielona.com\/wp-content\/uploads\/2018\/09\/slider2.jpg","width":401,"height":500},{"@type":"BreadcrumbList","@id":"https:\/\/mennicazielona.com\/de\/produkt\/1000-g-goldbarren-lbma\/#breadcrumb","itemListElement":[{"@type":"ListItem","position":1,"name":"Strona g\u0142\u00f3wna","item":"https:\/\/mennicazielona.com\/de\/"},{"@type":"ListItem","position":2,"name":"Sklep","item":"https:\/\/mennicazielona.com\/sklep\/"},{"@type":"ListItem","position":3,"name":"1000 g Goldbarren LBMA"}]},{"@type":"WebSite","@id":"https:\/\/mennicazielona.com\/de\/#website","url":"https:\/\/mennicazielona.com\/de\/","name":"Mennica Zielona","description":"Sprzeda\u017c z\u0142ota inwestycyjnego, sztabek oraz monet bulionowych","publisher":{"@id":"https:\/\/mennicazielona.com\/de\/#organization"},"potentialAction":[{"@type":"SearchAction","target":{"@type":"EntryPoint","urlTemplate":"https:\/\/mennicazielona.com\/de\/?s={search_term_string}"},"query-input":{"@type":"PropertyValueSpecification","valueRequired":true,"valueName":"search_term_string"}}],"inLanguage":"de"},{"@type":"Organization","@id":"https:\/\/mennicazielona.com\/de\/#organization","name":"Mennica Zielona Sp. z o.o.","url":"https:\/\/mennicazielona.com\/de\/","logo":{"@type":"ImageObject","inLanguage":"de","@id":"https:\/\/mennicazielona.com\/de\/#\/schema\/logo\/image\/","url":"https:\/\/mennicazielona.com\/wp-content\/uploads\/2021\/11\/logo-mennica-zielona.png","contentUrl":"https:\/\/mennicazielona.com\/wp-content\/uploads\/2021\/11\/logo-mennica-zielona.png","width":124,"height":139,"caption":"Mennica Zielona Sp. z o.o."},"image":{"@id":"https:\/\/mennicazielona.com\/de\/#\/schema\/logo\/image\/"},"sameAs":["https:\/\/www.facebook.com\/Mennica-Zielona-111796140639537\/","https:\/\/www.instagram.com\/mennicazielonalubuska\/?r=nametag"]}]}},"_links":{"self":[{"href":"https:\/\/mennicazielona.com\/de\/wp-json\/wp\/v2\/product\/11634","targetHints":{"allow":["GET"]}}],"collection":[{"href":"https:\/\/mennicazielona.com\/de\/wp-json\/wp\/v2\/product"}],"about":[{"href":"https:\/\/mennicazielona.com\/de\/wp-json\/wp\/v2\/types\/product"}],"replies":[{"embeddable":true,"href":"https:\/\/mennicazielona.com\/de\/wp-json\/wp\/v2\/comments?post=11634"}],"wp:featuredmedia":[{"embeddable":true,"href":"https:\/\/mennicazielona.com\/de\/wp-json\/wp\/v2\/media\/10450"}],"wp:attachment":[{"href":"https:\/\/mennicazielona.com\/de\/wp-json\/wp\/v2\/media?parent=11634"}],"wp:term":[{"taxonomy":"product_brand","embeddable":true,"href":"https:\/\/mennicazielona.com\/de\/wp-json\/wp\/v2\/product_brand?post=11634"},{"taxonomy":"product_cat","embeddable":true,"href":"https:\/\/mennicazielona.com\/de\/wp-json\/wp\/v2\/product_cat?post=11634"},{"taxonomy":"product_tag","embeddable":true,"href":"https:\/\/mennicazielona.com\/de\/wp-json\/wp\/v2\/product_tag?post=11634"}],"curies":[{"name":"wp","href":"https:\/\/api.w.org\/{rel}","templated":true}]}}