{"id":11598,"date":"2021-03-10T11:21:38","date_gmt":"2021-03-10T10:21:38","guid":{"rendered":"https:\/\/mennicazielona.com\/?post_type=product&#038;p=11598"},"modified":"2022-10-05T15:34:46","modified_gmt":"2022-10-05T13:34:46","slug":"1-gramm-goldbarren-certipack-heilige-kommunion-pl-24h","status":"publish","type":"product","link":"https:\/\/mennicazielona.com\/de\/produkt\/1-gramm-goldbarren-certipack-heilige-kommunion-pl-24h\/","title":{"rendered":"1 Gramm Goldbarren CertiPack Heilige Kommunion (PL) &#8211; 24h"},"content":{"rendered":"<div><strong><span class=\"m_-252994428852878459colour\">Wyj\u0105tkowo trafiony prezent na wiele okazji do wyra\u017cenia uczu\u0107.<br \/>\nSztabka wykonana ze z\u0142ota pr. 999,9 z certyfikatem LBMA Good Delivery. Oryginalnie zapakowana w Certipack.<\/span><\/strong><span class=\"m_-252994428852878459colour\"><br \/>\n<\/span><\/div>\n<div><span class=\"m_-252994428852878459colour\">\u00a0<\/span><\/div>\n<div><span class=\"m_-252994428852878459colour\">Certyfikat LBMA Good Delivery potwierdza gwarantowana czysto\u015b\u0107 oraz nr seryjny sztabek.<\/span><span class=\"m_-252994428852878459colour\"><br \/>\n<\/span><\/div>\n<div><span class=\"m_-252994428852878459colour\">Umo\u017cliwia to odsprzedanie sztabek na ca\u0142ym \u015bwiecie bez potr\u0105ce\u0144 finansowych.<\/span><span class=\"m_-252994428852878459colour\"><br \/>\n<\/span><\/div>\n<div><span class=\"m_-252994428852878459colour\">Z\u0142oto opatrzone tym certyfikatem pochodzi wy\u0142\u0105cznie z \u017ar\u00f3de\u0142 niepowi\u0105zanych z \u0142amaniem praw cz\u0142owieka oraz dzia\u0142alno\u015bci\u0105 przest\u0119pcz\u0105. <\/span><span class=\"m_-252994428852878459colour\"><br \/>\n<\/span><\/div>\n<div><span class=\"m_-252994428852878459colour\">\u00a0<\/span><\/div>\n<div><span class=\"m_-252994428852878459colour\">Sztabka wyr\u00f3\u017cnia si\u0119 wyj\u0105tkow\u0105 estetyk\u0105. Jej niezwykle delikatna struktura powierzchni nadaje jej ekskluzywnego wygl\u0105du. Z\u0142ota sztabka jest oryginalnym i nietuzinkowym prezentem a tak\u017ce pierwsz\u0105 inwestycj\u0105<\/span><\/div>\n","protected":false},"excerpt":{"rendered":"<p>Goldtest: <strong>999,9 <\/strong><br \/>\nBarrengewicht: <strong>1 Gramm<\/strong><br \/>\nHersteller: <strong>C. Hafner<\/strong><br \/>\nHerkunftsland: <strong>Deutschland <\/strong><br \/>\nUmsetzung: <span style=\"color: #ff0000;\"><strong>24 Stunden<\/strong><\/span><br \/>\nVerf\u00fcgbarkeit: <strong>auf Lager <\/strong><br \/>\n<strong>Personalisierung auf Polnisch!<\/strong><\/p>\n<p><strong>Bitte geben Sie bei Ihrer Bestellung die Farbe Ihrer Personalisierung an. <\/strong><\/p>\n","protected":false},"featured_media":10515,"comment_status":"closed","ping_status":"closed","template":"","meta":[],"product_brand":[],"product_cat":[161,164,154,155],"product_tag":[],"class_list":{"0":"post-11598","1":"product","2":"type-product","3":"status-publish","4":"has-post-thumbnail","6":"product_cat-gold","7":"product_cat-goldbarren","8":"product_cat-geschenke","9":"product_cat-auf-lager-24h","11":"first","12":"instock","13":"taxable","14":"shipping-taxable","15":"purchasable","16":"product-type-simple"},"yoast_head":"<!-- This site is optimized with the Yoast SEO plugin v26.7 - https:\/\/yoast.com\/wordpress\/plugins\/seo\/ -->\n<title>1 Gramm Goldbarren CertiPack Heilige Kommunion (PL) - 24h<\/title>\n<meta name=\"robots\" content=\"index, follow, max-snippet:-1, max-image-preview:large, max-video-preview:-1\" \/>\n<link rel=\"canonical\" href=\"https:\/\/mennicazielona.com\/de\/produkt\/1-gramm-goldbarren-certipack-heilige-kommunion-pl-24h\/\" \/>\n<meta property=\"og:locale\" content=\"de_DE\" \/>\n<meta property=\"og:type\" content=\"article\" \/>\n<meta property=\"og:title\" content=\"1 Gramm Goldbarren CertiPack Heilige Kommunion (PL) - 24h\" \/>\n<meta property=\"og:description\" content=\"Goldtest: 999,9  Barrengewicht: 1 Gramm Hersteller: C. Hafner Herkunftsland: Deutschland  Umsetzung: 24 Stunden Verf\u00fcgbarkeit: auf Lager  Personalisierung auf Polnisch!  Bitte geben Sie bei Ihrer Bestellung die Farbe Ihrer Personalisierung an.\" \/>\n<meta property=\"og:url\" content=\"https:\/\/mennicazielona.com\/de\/produkt\/1-gramm-goldbarren-certipack-heilige-kommunion-pl-24h\/\" \/>\n<meta property=\"og:site_name\" content=\"Mennica Zielona\" \/>\n<meta property=\"article:publisher\" content=\"https:\/\/www.facebook.com\/Mennica-Zielona-111796140639537\/\" \/>\n<meta property=\"article:modified_time\" content=\"2022-10-05T13:34:46+00:00\" \/>\n<meta property=\"og:image\" content=\"https:\/\/mennicazielona.com\/wp-content\/uploads\/2019\/02\/3.jpg\" \/>\n\t<meta property=\"og:image:width\" content=\"1000\" \/>\n\t<meta property=\"og:image:height\" content=\"1000\" \/>\n\t<meta property=\"og:image:type\" content=\"image\/jpeg\" \/>\n<meta name=\"twitter:card\" content=\"summary_large_image\" \/>\n<meta name=\"twitter:label1\" content=\"Gesch\u00e4tzte Lesezeit\" \/>\n\t<meta name=\"twitter:data1\" content=\"1\u00a0Minute\" \/>\n<!-- \/ Yoast SEO plugin. -->","yoast_head_json":{"title":"1 Gramm Goldbarren CertiPack Heilige Kommunion (PL) - 24h","robots":{"index":"index","follow":"follow","max-snippet":"max-snippet:-1","max-image-preview":"max-image-preview:large","max-video-preview":"max-video-preview:-1"},"canonical":"https:\/\/mennicazielona.com\/de\/produkt\/1-gramm-goldbarren-certipack-heilige-kommunion-pl-24h\/","og_locale":"de_DE","og_type":"article","og_title":"1 Gramm Goldbarren CertiPack Heilige Kommunion (PL) - 24h","og_description":"Goldtest: 999,9  Barrengewicht: 1 Gramm Hersteller: C. Hafner Herkunftsland: Deutschland  Umsetzung: 24 Stunden Verf\u00fcgbarkeit: auf Lager  Personalisierung auf Polnisch!  Bitte geben Sie bei Ihrer Bestellung die Farbe Ihrer Personalisierung an.","og_url":"https:\/\/mennicazielona.com\/de\/produkt\/1-gramm-goldbarren-certipack-heilige-kommunion-pl-24h\/","og_site_name":"Mennica Zielona","article_publisher":"https:\/\/www.facebook.com\/Mennica-Zielona-111796140639537\/","article_modified_time":"2022-10-05T13:34:46+00:00","og_image":[{"width":1000,"height":1000,"url":"https:\/\/mennicazielona.com\/wp-content\/uploads\/2019\/02\/3.jpg","type":"image\/jpeg"}],"twitter_card":"summary_large_image","twitter_misc":{"Gesch\u00e4tzte Lesezeit":"1\u00a0Minute"},"schema":{"@context":"https:\/\/schema.org","@graph":[{"@type":"WebPage","@id":"https:\/\/mennicazielona.com\/de\/produkt\/1-gramm-goldbarren-certipack-heilige-kommunion-pl-24h\/","url":"https:\/\/mennicazielona.com\/de\/produkt\/1-gramm-goldbarren-certipack-heilige-kommunion-pl-24h\/","name":"1 Gramm Goldbarren CertiPack Heilige Kommunion (PL) - 24h","isPartOf":{"@id":"https:\/\/mennicazielona.com\/de\/#website"},"primaryImageOfPage":{"@id":"https:\/\/mennicazielona.com\/de\/produkt\/1-gramm-goldbarren-certipack-heilige-kommunion-pl-24h\/#primaryimage"},"image":{"@id":"https:\/\/mennicazielona.com\/de\/produkt\/1-gramm-goldbarren-certipack-heilige-kommunion-pl-24h\/#primaryimage"},"thumbnailUrl":"https:\/\/mennicazielona.com\/wp-content\/uploads\/2019\/02\/3.jpg","datePublished":"2021-03-10T10:21:38+00:00","dateModified":"2022-10-05T13:34:46+00:00","breadcrumb":{"@id":"https:\/\/mennicazielona.com\/de\/produkt\/1-gramm-goldbarren-certipack-heilige-kommunion-pl-24h\/#breadcrumb"},"inLanguage":"de","potentialAction":[{"@type":"ReadAction","target":["https:\/\/mennicazielona.com\/de\/produkt\/1-gramm-goldbarren-certipack-heilige-kommunion-pl-24h\/"]}]},{"@type":"ImageObject","inLanguage":"de","@id":"https:\/\/mennicazielona.com\/de\/produkt\/1-gramm-goldbarren-certipack-heilige-kommunion-pl-24h\/#primaryimage","url":"https:\/\/mennicazielona.com\/wp-content\/uploads\/2019\/02\/3.jpg","contentUrl":"https:\/\/mennicazielona.com\/wp-content\/uploads\/2019\/02\/3.jpg","width":1000,"height":1000},{"@type":"BreadcrumbList","@id":"https:\/\/mennicazielona.com\/de\/produkt\/1-gramm-goldbarren-certipack-heilige-kommunion-pl-24h\/#breadcrumb","itemListElement":[{"@type":"ListItem","position":1,"name":"Strona g\u0142\u00f3wna","item":"https:\/\/mennicazielona.com\/de\/"},{"@type":"ListItem","position":2,"name":"Sklep","item":"https:\/\/mennicazielona.com\/sklep\/"},{"@type":"ListItem","position":3,"name":"1 Gramm Goldbarren CertiPack Heilige Kommunion (PL) &#8211; 24h"}]},{"@type":"WebSite","@id":"https:\/\/mennicazielona.com\/de\/#website","url":"https:\/\/mennicazielona.com\/de\/","name":"Mennica Zielona","description":"Sprzeda\u017c z\u0142ota inwestycyjnego, sztabek oraz monet bulionowych","publisher":{"@id":"https:\/\/mennicazielona.com\/de\/#organization"},"potentialAction":[{"@type":"SearchAction","target":{"@type":"EntryPoint","urlTemplate":"https:\/\/mennicazielona.com\/de\/?s={search_term_string}"},"query-input":{"@type":"PropertyValueSpecification","valueRequired":true,"valueName":"search_term_string"}}],"inLanguage":"de"},{"@type":"Organization","@id":"https:\/\/mennicazielona.com\/de\/#organization","name":"Mennica Zielona Sp. z o.o.","url":"https:\/\/mennicazielona.com\/de\/","logo":{"@type":"ImageObject","inLanguage":"de","@id":"https:\/\/mennicazielona.com\/de\/#\/schema\/logo\/image\/","url":"https:\/\/mennicazielona.com\/wp-content\/uploads\/2021\/11\/logo-mennica-zielona.png","contentUrl":"https:\/\/mennicazielona.com\/wp-content\/uploads\/2021\/11\/logo-mennica-zielona.png","width":124,"height":139,"caption":"Mennica Zielona Sp. z o.o."},"image":{"@id":"https:\/\/mennicazielona.com\/de\/#\/schema\/logo\/image\/"},"sameAs":["https:\/\/www.facebook.com\/Mennica-Zielona-111796140639537\/","https:\/\/www.instagram.com\/mennicazielonalubuska\/?r=nametag"]}]}},"_links":{"self":[{"href":"https:\/\/mennicazielona.com\/de\/wp-json\/wp\/v2\/product\/11598","targetHints":{"allow":["GET"]}}],"collection":[{"href":"https:\/\/mennicazielona.com\/de\/wp-json\/wp\/v2\/product"}],"about":[{"href":"https:\/\/mennicazielona.com\/de\/wp-json\/wp\/v2\/types\/product"}],"replies":[{"embeddable":true,"href":"https:\/\/mennicazielona.com\/de\/wp-json\/wp\/v2\/comments?post=11598"}],"wp:featuredmedia":[{"embeddable":true,"href":"https:\/\/mennicazielona.com\/de\/wp-json\/wp\/v2\/media\/10515"}],"wp:attachment":[{"href":"https:\/\/mennicazielona.com\/de\/wp-json\/wp\/v2\/media?parent=11598"}],"wp:term":[{"taxonomy":"product_brand","embeddable":true,"href":"https:\/\/mennicazielona.com\/de\/wp-json\/wp\/v2\/product_brand?post=11598"},{"taxonomy":"product_cat","embeddable":true,"href":"https:\/\/mennicazielona.com\/de\/wp-json\/wp\/v2\/product_cat?post=11598"},{"taxonomy":"product_tag","embeddable":true,"href":"https:\/\/mennicazielona.com\/de\/wp-json\/wp\/v2\/product_tag?post=11598"}],"curies":[{"name":"wp","href":"https:\/\/api.w.org\/{rel}","templated":true}]}}