{"id":11577,"date":"2021-06-21T15:08:48","date_gmt":"2021-06-21T13:08:48","guid":{"rendered":"https:\/\/mennicazielona.com\/?post_type=product&#038;p=11577"},"modified":"2022-10-05T11:10:20","modified_gmt":"2022-10-05T09:10:20","slug":"maple-leaf-1-10-oz-goldmuenze","status":"publish","type":"product","link":"https:\/\/mennicazielona.com\/de\/produkt\/maple-leaf-1-10-oz-goldmuenze\/","title":{"rendered":"Maple Leaf &#8211; 1\/10 oz Goldm\u00fcnze"},"content":{"rendered":"<p>Sie wird von der Royal Canadian Mint produziert und ist bis heute die begehrteste und am h\u00f6chsten bewertete Anlagem\u00fcnze der Welt.<br \/>\nDie Vorderseite zeigt das Bild von Queen Elizabeth II. Die R\u00fcckseite des Ahornblattes, das ein Symbol Kanadas ist und im Allgemeinen St\u00e4rke und Ausdauer bedeutet.<\/p>\n<p>Es wird sich in schwierigen Zeiten als Investition und Schutz Ihrer Ersparnisse perfekt eignen.<\/p>\n","protected":false},"excerpt":{"rendered":"<p>Reinheit: <strong>999,9<\/strong><br \/>\nGewicht: <strong>3,11 g (1\/10 Unze 24 kt Gold)<\/strong><br \/>\nJahr: <strong>2022<\/strong><br \/>\nZustand: <strong>Neuwertig<\/strong><br \/>\nVerpackung: <strong>Kappen<\/strong><br \/>\nLieferzeit: <span style=\"color: #ff0000;\"><strong>15 Werktage<\/strong><\/span><br \/>\nVerf\u00fcgbarkeit: <strong>auf Bestellung<\/strong><\/p>\n<p><strong>Das pr\u00e4sentierte Foto der M\u00fcnze dient der Veranschaulichung<\/strong><\/p>\n","protected":false},"featured_media":10590,"comment_status":"closed","ping_status":"closed","template":"","meta":[],"product_brand":[],"product_cat":[161,162],"product_tag":[],"class_list":{"0":"post-11577","1":"product","2":"type-product","3":"status-publish","4":"has-post-thumbnail","6":"product_cat-gold","7":"product_cat-gold-anlagemunzen","9":"first","10":"outofstock","11":"taxable","12":"shipping-taxable","13":"purchasable","14":"product-type-simple"},"yoast_head":"<!-- This site is optimized with the Yoast SEO plugin v26.7 - https:\/\/yoast.com\/wordpress\/plugins\/seo\/ -->\n<title>Maple Leaf - 1\/10 oz Goldm\u00fcnze - Mennica Zielona<\/title>\n<meta name=\"robots\" content=\"index, follow, max-snippet:-1, max-image-preview:large, max-video-preview:-1\" \/>\n<link rel=\"canonical\" href=\"https:\/\/mennicazielona.com\/de\/produkt\/maple-leaf-1-10-oz-goldmuenze\/\" \/>\n<meta property=\"og:locale\" content=\"de_DE\" \/>\n<meta property=\"og:type\" content=\"article\" \/>\n<meta property=\"og:title\" content=\"Maple Leaf - 1\/10 oz Goldm\u00fcnze - Mennica Zielona\" \/>\n<meta property=\"og:description\" content=\"Reinheit: 999,9 Gewicht: 3,11 g (1\/10 Unze 24 kt Gold) Jahr: 2022 Zustand: Neuwertig Verpackung: Kappen Lieferzeit: 15 Werktage Verf\u00fcgbarkeit: auf Bestellung  Das pr\u00e4sentierte Foto der M\u00fcnze dient der Veranschaulichung\" \/>\n<meta property=\"og:url\" content=\"https:\/\/mennicazielona.com\/de\/produkt\/maple-leaf-1-10-oz-goldmuenze\/\" \/>\n<meta property=\"og:site_name\" content=\"Mennica Zielona\" \/>\n<meta property=\"article:publisher\" content=\"https:\/\/www.facebook.com\/Mennica-Zielona-111796140639537\/\" \/>\n<meta property=\"article:modified_time\" content=\"2022-10-05T09:10:20+00:00\" \/>\n<meta property=\"og:image\" content=\"https:\/\/mennicazielona.com\/wp-content\/uploads\/2020\/10\/Lisc-klonu-1-oz.jpg\" \/>\n\t<meta property=\"og:image:width\" content=\"800\" \/>\n\t<meta property=\"og:image:height\" content=\"800\" \/>\n\t<meta property=\"og:image:type\" content=\"image\/jpeg\" \/>\n<meta name=\"twitter:card\" content=\"summary_large_image\" \/>\n<!-- \/ Yoast SEO plugin. -->","yoast_head_json":{"title":"Maple Leaf - 1\/10 oz Goldm\u00fcnze - Mennica Zielona","robots":{"index":"index","follow":"follow","max-snippet":"max-snippet:-1","max-image-preview":"max-image-preview:large","max-video-preview":"max-video-preview:-1"},"canonical":"https:\/\/mennicazielona.com\/de\/produkt\/maple-leaf-1-10-oz-goldmuenze\/","og_locale":"de_DE","og_type":"article","og_title":"Maple Leaf - 1\/10 oz Goldm\u00fcnze - Mennica Zielona","og_description":"Reinheit: 999,9 Gewicht: 3,11 g (1\/10 Unze 24 kt Gold) Jahr: 2022 Zustand: Neuwertig Verpackung: Kappen Lieferzeit: 15 Werktage Verf\u00fcgbarkeit: auf Bestellung  Das pr\u00e4sentierte Foto der M\u00fcnze dient der Veranschaulichung","og_url":"https:\/\/mennicazielona.com\/de\/produkt\/maple-leaf-1-10-oz-goldmuenze\/","og_site_name":"Mennica Zielona","article_publisher":"https:\/\/www.facebook.com\/Mennica-Zielona-111796140639537\/","article_modified_time":"2022-10-05T09:10:20+00:00","og_image":[{"width":800,"height":800,"url":"https:\/\/mennicazielona.com\/wp-content\/uploads\/2020\/10\/Lisc-klonu-1-oz.jpg","type":"image\/jpeg"}],"twitter_card":"summary_large_image","schema":{"@context":"https:\/\/schema.org","@graph":[{"@type":"WebPage","@id":"https:\/\/mennicazielona.com\/de\/produkt\/maple-leaf-1-10-oz-goldmuenze\/","url":"https:\/\/mennicazielona.com\/de\/produkt\/maple-leaf-1-10-oz-goldmuenze\/","name":"Maple Leaf - 1\/10 oz Goldm\u00fcnze - Mennica Zielona","isPartOf":{"@id":"https:\/\/mennicazielona.com\/de\/#website"},"primaryImageOfPage":{"@id":"https:\/\/mennicazielona.com\/de\/produkt\/maple-leaf-1-10-oz-goldmuenze\/#primaryimage"},"image":{"@id":"https:\/\/mennicazielona.com\/de\/produkt\/maple-leaf-1-10-oz-goldmuenze\/#primaryimage"},"thumbnailUrl":"https:\/\/mennicazielona.com\/wp-content\/uploads\/2020\/10\/Lisc-klonu-1-oz.jpg","datePublished":"2021-06-21T13:08:48+00:00","dateModified":"2022-10-05T09:10:20+00:00","breadcrumb":{"@id":"https:\/\/mennicazielona.com\/de\/produkt\/maple-leaf-1-10-oz-goldmuenze\/#breadcrumb"},"inLanguage":"de","potentialAction":[{"@type":"ReadAction","target":["https:\/\/mennicazielona.com\/de\/produkt\/maple-leaf-1-10-oz-goldmuenze\/"]}]},{"@type":"ImageObject","inLanguage":"de","@id":"https:\/\/mennicazielona.com\/de\/produkt\/maple-leaf-1-10-oz-goldmuenze\/#primaryimage","url":"https:\/\/mennicazielona.com\/wp-content\/uploads\/2020\/10\/Lisc-klonu-1-oz.jpg","contentUrl":"https:\/\/mennicazielona.com\/wp-content\/uploads\/2020\/10\/Lisc-klonu-1-oz.jpg","width":800,"height":800,"caption":"Lisc klonu 1 oz"},{"@type":"BreadcrumbList","@id":"https:\/\/mennicazielona.com\/de\/produkt\/maple-leaf-1-10-oz-goldmuenze\/#breadcrumb","itemListElement":[{"@type":"ListItem","position":1,"name":"Strona g\u0142\u00f3wna","item":"https:\/\/mennicazielona.com\/de\/"},{"@type":"ListItem","position":2,"name":"Sklep","item":"https:\/\/mennicazielona.com\/sklep\/"},{"@type":"ListItem","position":3,"name":"Maple Leaf &#8211; 1\/10 oz Goldm\u00fcnze"}]},{"@type":"WebSite","@id":"https:\/\/mennicazielona.com\/de\/#website","url":"https:\/\/mennicazielona.com\/de\/","name":"Mennica Zielona","description":"Sprzeda\u017c z\u0142ota inwestycyjnego, sztabek oraz monet bulionowych","publisher":{"@id":"https:\/\/mennicazielona.com\/de\/#organization"},"potentialAction":[{"@type":"SearchAction","target":{"@type":"EntryPoint","urlTemplate":"https:\/\/mennicazielona.com\/de\/?s={search_term_string}"},"query-input":{"@type":"PropertyValueSpecification","valueRequired":true,"valueName":"search_term_string"}}],"inLanguage":"de"},{"@type":"Organization","@id":"https:\/\/mennicazielona.com\/de\/#organization","name":"Mennica Zielona Sp. z o.o.","url":"https:\/\/mennicazielona.com\/de\/","logo":{"@type":"ImageObject","inLanguage":"de","@id":"https:\/\/mennicazielona.com\/de\/#\/schema\/logo\/image\/","url":"https:\/\/mennicazielona.com\/wp-content\/uploads\/2021\/11\/logo-mennica-zielona.png","contentUrl":"https:\/\/mennicazielona.com\/wp-content\/uploads\/2021\/11\/logo-mennica-zielona.png","width":124,"height":139,"caption":"Mennica Zielona Sp. z o.o."},"image":{"@id":"https:\/\/mennicazielona.com\/de\/#\/schema\/logo\/image\/"},"sameAs":["https:\/\/www.facebook.com\/Mennica-Zielona-111796140639537\/","https:\/\/www.instagram.com\/mennicazielonalubuska\/?r=nametag"]}]}},"_links":{"self":[{"href":"https:\/\/mennicazielona.com\/de\/wp-json\/wp\/v2\/product\/11577","targetHints":{"allow":["GET"]}}],"collection":[{"href":"https:\/\/mennicazielona.com\/de\/wp-json\/wp\/v2\/product"}],"about":[{"href":"https:\/\/mennicazielona.com\/de\/wp-json\/wp\/v2\/types\/product"}],"replies":[{"embeddable":true,"href":"https:\/\/mennicazielona.com\/de\/wp-json\/wp\/v2\/comments?post=11577"}],"wp:featuredmedia":[{"embeddable":true,"href":"https:\/\/mennicazielona.com\/de\/wp-json\/wp\/v2\/media\/10590"}],"wp:attachment":[{"href":"https:\/\/mennicazielona.com\/de\/wp-json\/wp\/v2\/media?parent=11577"}],"wp:term":[{"taxonomy":"product_brand","embeddable":true,"href":"https:\/\/mennicazielona.com\/de\/wp-json\/wp\/v2\/product_brand?post=11577"},{"taxonomy":"product_cat","embeddable":true,"href":"https:\/\/mennicazielona.com\/de\/wp-json\/wp\/v2\/product_cat?post=11577"},{"taxonomy":"product_tag","embeddable":true,"href":"https:\/\/mennicazielona.com\/de\/wp-json\/wp\/v2\/product_tag?post=11577"}],"curies":[{"name":"wp","href":"https:\/\/api.w.org\/{rel}","templated":true}]}}