{"id":11553,"date":"2022-02-07T12:51:32","date_gmt":"2022-02-07T11:51:32","guid":{"rendered":"https:\/\/mennicazielona.com\/?post_type=product&#038;p=11553"},"modified":"2022-10-05T11:15:01","modified_gmt":"2022-10-05T09:15:01","slug":"wiener-philharmoniker-1-oz-goldmuenze-24h-2","status":"publish","type":"product","link":"https:\/\/mennicazielona.com\/de\/produkt\/wiener-philharmoniker-1-oz-goldmuenze-24h-2\/","title":{"rendered":"Wiener Philharmoniker &#8211; 1 oz Goldm\u00fcnze Zustand II \u2013 24h"},"content":{"rendered":"<p>1989 f\u00fchrte die M\u00fcnze \u00d6sterreich erstmals die M\u00fcnze Wiener Philharmoniker ein. Bis heute ist es die begehrteste und wertvollste Anlagem\u00fcnze der Welt.<\/p>\n<p>Auf der Vorderseite der M\u00fcnze sehen wir die Orgel im gr\u00f6\u00dften Konzertsaal des Musikvereins \u2013 dem Goldenen Saal. \u00dcber dem Bild eine Inschrift: Republik \u00d6sterreich. Unter dem Bild sind Muster, Gewicht, Nennwert und Ausgabejahr angegeben.<\/p>\n<p>Auf der R\u00fcckseite befinden sich symmetrisch angeordnete Instrumente &#8211; das Cello auf beiden Seiten &#8211; die Geige und die Bratsche auf der Oberseite &#8211; das Waldhorn, das Fagott und die Harfe. Oben auf der M\u00fcnze befindet sich eine Inschrift: Wiener Philharmoniker.<\/p>\n","protected":false},"excerpt":{"rendered":"<p>Reinheit: <strong>999,9<\/strong><br \/>\nGewicht: <strong>31,1 g (1 Unze 24 kt Gold)<\/strong><br \/>\nJahr: <strong>verschiedene<\/strong><br \/>\nZustand: <strong>Gebraucht<\/strong><br \/>\nVerpackung: <strong>Kappen<\/strong><br \/>\nLieferzeit: <span style=\"color: #ff0000;\"><strong>24 Stunden<\/strong><\/span><br \/>\nVerf\u00fcgbarkeit: <strong>auf Lager<\/strong><\/p>\n<p><strong>Das pr\u00e4sentierte Foto der M\u00fcnze dient der Veranschaulichung<\/strong><\/p>\n","protected":false},"featured_media":10862,"comment_status":"open","ping_status":"closed","template":"","meta":[],"product_brand":[],"product_cat":[161,162,153,155],"product_tag":[],"class_list":{"0":"post-11553","1":"product","2":"type-product","3":"status-publish","4":"has-post-thumbnail","6":"product_cat-gold","7":"product_cat-gold-anlagemunzen","8":"product_cat-am-billigsten","9":"product_cat-auf-lager-24h","11":"first","12":"outofstock","13":"taxable","14":"shipping-taxable","15":"purchasable","16":"product-type-simple"},"yoast_head":"<!-- This site is optimized with the Yoast SEO plugin v26.7 - https:\/\/yoast.com\/wordpress\/plugins\/seo\/ -->\n<title>Wiener Philharmoniker - 1 oz Goldm\u00fcnze Zustand II \u2013 24h - Mennica Zielona<\/title>\n<meta name=\"robots\" content=\"index, follow, max-snippet:-1, max-image-preview:large, max-video-preview:-1\" \/>\n<link rel=\"canonical\" href=\"https:\/\/mennicazielona.com\/de\/produkt\/wiener-philharmoniker-1-oz-goldmuenze-24h-2\/\" \/>\n<meta property=\"og:locale\" content=\"de_DE\" \/>\n<meta property=\"og:type\" content=\"article\" \/>\n<meta property=\"og:title\" content=\"Wiener Philharmoniker - 1 oz Goldm\u00fcnze Zustand II \u2013 24h - Mennica Zielona\" \/>\n<meta property=\"og:description\" content=\"Reinheit: 999,9 Gewicht: 31,1 g (1 Unze 24 kt Gold) Jahr: verschiedene Zustand: Gebraucht Verpackung: Kappen Lieferzeit: 24 Stunden Verf\u00fcgbarkeit: auf Lager  Das pr\u00e4sentierte Foto der M\u00fcnze dient der Veranschaulichung\" \/>\n<meta property=\"og:url\" content=\"https:\/\/mennicazielona.com\/de\/produkt\/wiener-philharmoniker-1-oz-goldmuenze-24h-2\/\" \/>\n<meta property=\"og:site_name\" content=\"Mennica Zielona\" \/>\n<meta property=\"article:publisher\" content=\"https:\/\/www.facebook.com\/Mennica-Zielona-111796140639537\/\" \/>\n<meta property=\"article:modified_time\" content=\"2022-10-05T09:15:01+00:00\" \/>\n<meta property=\"og:image\" content=\"https:\/\/mennicazielona.com\/wp-content\/uploads\/2022\/02\/pol_pl_Wiedenski-Filharmonik-1-2-uncji-Zlota-2014-5618_1.jpg\" \/>\n\t<meta property=\"og:image:width\" content=\"550\" \/>\n\t<meta property=\"og:image:height\" content=\"550\" \/>\n\t<meta property=\"og:image:type\" content=\"image\/jpeg\" \/>\n<meta name=\"twitter:card\" content=\"summary_large_image\" \/>\n<meta name=\"twitter:label1\" content=\"Gesch\u00e4tzte Lesezeit\" \/>\n\t<meta name=\"twitter:data1\" content=\"1\u00a0Minute\" \/>\n<!-- \/ Yoast SEO plugin. -->","yoast_head_json":{"title":"Wiener Philharmoniker - 1 oz Goldm\u00fcnze Zustand II \u2013 24h - Mennica Zielona","robots":{"index":"index","follow":"follow","max-snippet":"max-snippet:-1","max-image-preview":"max-image-preview:large","max-video-preview":"max-video-preview:-1"},"canonical":"https:\/\/mennicazielona.com\/de\/produkt\/wiener-philharmoniker-1-oz-goldmuenze-24h-2\/","og_locale":"de_DE","og_type":"article","og_title":"Wiener Philharmoniker - 1 oz Goldm\u00fcnze Zustand II \u2013 24h - Mennica Zielona","og_description":"Reinheit: 999,9 Gewicht: 31,1 g (1 Unze 24 kt Gold) Jahr: verschiedene Zustand: Gebraucht Verpackung: Kappen Lieferzeit: 24 Stunden Verf\u00fcgbarkeit: auf Lager  Das pr\u00e4sentierte Foto der M\u00fcnze dient der Veranschaulichung","og_url":"https:\/\/mennicazielona.com\/de\/produkt\/wiener-philharmoniker-1-oz-goldmuenze-24h-2\/","og_site_name":"Mennica Zielona","article_publisher":"https:\/\/www.facebook.com\/Mennica-Zielona-111796140639537\/","article_modified_time":"2022-10-05T09:15:01+00:00","og_image":[{"width":550,"height":550,"url":"https:\/\/mennicazielona.com\/wp-content\/uploads\/2022\/02\/pol_pl_Wiedenski-Filharmonik-1-2-uncji-Zlota-2014-5618_1.jpg","type":"image\/jpeg"}],"twitter_card":"summary_large_image","twitter_misc":{"Gesch\u00e4tzte Lesezeit":"1\u00a0Minute"},"schema":{"@context":"https:\/\/schema.org","@graph":[{"@type":"WebPage","@id":"https:\/\/mennicazielona.com\/de\/produkt\/wiener-philharmoniker-1-oz-goldmuenze-24h-2\/","url":"https:\/\/mennicazielona.com\/de\/produkt\/wiener-philharmoniker-1-oz-goldmuenze-24h-2\/","name":"Wiener Philharmoniker - 1 oz Goldm\u00fcnze Zustand II \u2013 24h - Mennica Zielona","isPartOf":{"@id":"https:\/\/mennicazielona.com\/de\/#website"},"primaryImageOfPage":{"@id":"https:\/\/mennicazielona.com\/de\/produkt\/wiener-philharmoniker-1-oz-goldmuenze-24h-2\/#primaryimage"},"image":{"@id":"https:\/\/mennicazielona.com\/de\/produkt\/wiener-philharmoniker-1-oz-goldmuenze-24h-2\/#primaryimage"},"thumbnailUrl":"https:\/\/mennicazielona.com\/wp-content\/uploads\/2022\/02\/pol_pl_Wiedenski-Filharmonik-1-2-uncji-Zlota-2014-5618_1.jpg","datePublished":"2022-02-07T11:51:32+00:00","dateModified":"2022-10-05T09:15:01+00:00","breadcrumb":{"@id":"https:\/\/mennicazielona.com\/de\/produkt\/wiener-philharmoniker-1-oz-goldmuenze-24h-2\/#breadcrumb"},"inLanguage":"de","potentialAction":[{"@type":"ReadAction","target":["https:\/\/mennicazielona.com\/de\/produkt\/wiener-philharmoniker-1-oz-goldmuenze-24h-2\/"]}]},{"@type":"ImageObject","inLanguage":"de","@id":"https:\/\/mennicazielona.com\/de\/produkt\/wiener-philharmoniker-1-oz-goldmuenze-24h-2\/#primaryimage","url":"https:\/\/mennicazielona.com\/wp-content\/uploads\/2022\/02\/pol_pl_Wiedenski-Filharmonik-1-2-uncji-Zlota-2014-5618_1.jpg","contentUrl":"https:\/\/mennicazielona.com\/wp-content\/uploads\/2022\/02\/pol_pl_Wiedenski-Filharmonik-1-2-uncji-Zlota-2014-5618_1.jpg","width":550,"height":550,"caption":"Z\u0142ota moneta Wiede\u0144scy Filharmonicy"},{"@type":"BreadcrumbList","@id":"https:\/\/mennicazielona.com\/de\/produkt\/wiener-philharmoniker-1-oz-goldmuenze-24h-2\/#breadcrumb","itemListElement":[{"@type":"ListItem","position":1,"name":"Strona g\u0142\u00f3wna","item":"https:\/\/mennicazielona.com\/de\/"},{"@type":"ListItem","position":2,"name":"Sklep","item":"https:\/\/mennicazielona.com\/sklep\/"},{"@type":"ListItem","position":3,"name":"Wiener Philharmoniker &#8211; 1 oz Goldm\u00fcnze Zustand II \u2013 24h"}]},{"@type":"WebSite","@id":"https:\/\/mennicazielona.com\/de\/#website","url":"https:\/\/mennicazielona.com\/de\/","name":"Mennica Zielona","description":"Sprzeda\u017c z\u0142ota inwestycyjnego, sztabek oraz monet bulionowych","publisher":{"@id":"https:\/\/mennicazielona.com\/de\/#organization"},"potentialAction":[{"@type":"SearchAction","target":{"@type":"EntryPoint","urlTemplate":"https:\/\/mennicazielona.com\/de\/?s={search_term_string}"},"query-input":{"@type":"PropertyValueSpecification","valueRequired":true,"valueName":"search_term_string"}}],"inLanguage":"de"},{"@type":"Organization","@id":"https:\/\/mennicazielona.com\/de\/#organization","name":"Mennica Zielona Sp. z o.o.","url":"https:\/\/mennicazielona.com\/de\/","logo":{"@type":"ImageObject","inLanguage":"de","@id":"https:\/\/mennicazielona.com\/de\/#\/schema\/logo\/image\/","url":"https:\/\/mennicazielona.com\/wp-content\/uploads\/2021\/11\/logo-mennica-zielona.png","contentUrl":"https:\/\/mennicazielona.com\/wp-content\/uploads\/2021\/11\/logo-mennica-zielona.png","width":124,"height":139,"caption":"Mennica Zielona Sp. z o.o."},"image":{"@id":"https:\/\/mennicazielona.com\/de\/#\/schema\/logo\/image\/"},"sameAs":["https:\/\/www.facebook.com\/Mennica-Zielona-111796140639537\/","https:\/\/www.instagram.com\/mennicazielonalubuska\/?r=nametag"]}]}},"_links":{"self":[{"href":"https:\/\/mennicazielona.com\/de\/wp-json\/wp\/v2\/product\/11553","targetHints":{"allow":["GET"]}}],"collection":[{"href":"https:\/\/mennicazielona.com\/de\/wp-json\/wp\/v2\/product"}],"about":[{"href":"https:\/\/mennicazielona.com\/de\/wp-json\/wp\/v2\/types\/product"}],"replies":[{"embeddable":true,"href":"https:\/\/mennicazielona.com\/de\/wp-json\/wp\/v2\/comments?post=11553"}],"wp:featuredmedia":[{"embeddable":true,"href":"https:\/\/mennicazielona.com\/de\/wp-json\/wp\/v2\/media\/10862"}],"wp:attachment":[{"href":"https:\/\/mennicazielona.com\/de\/wp-json\/wp\/v2\/media?parent=11553"}],"wp:term":[{"taxonomy":"product_brand","embeddable":true,"href":"https:\/\/mennicazielona.com\/de\/wp-json\/wp\/v2\/product_brand?post=11553"},{"taxonomy":"product_cat","embeddable":true,"href":"https:\/\/mennicazielona.com\/de\/wp-json\/wp\/v2\/product_cat?post=11553"},{"taxonomy":"product_tag","embeddable":true,"href":"https:\/\/mennicazielona.com\/de\/wp-json\/wp\/v2\/product_tag?post=11553"}],"curies":[{"name":"wp","href":"https:\/\/api.w.org\/{rel}","templated":true}]}}