{"id":11543,"date":"2020-10-22T10:36:54","date_gmt":"2020-10-22T08:36:54","guid":{"rendered":"https:\/\/mennicazielona.com\/?post_type=product&#038;p=11543"},"modified":"2023-03-07T11:39:06","modified_gmt":"2023-03-07T10:39:06","slug":"kruegerrand-1-oz-goldmuenze","status":"publish","type":"product","link":"https:\/\/mennicazielona.com\/de\/produkt\/kruegerrand-1-oz-goldmuenze\/","title":{"rendered":"Kr\u00fcgerrand \u2013 1 oz Goldm\u00fcnze"},"content":{"rendered":"<h2>Kr\u00fcgerrand 1-St\u00fcck-Anlagem\u00fcnze<\/h2>\n<p>Die Kr\u00fcgerrand-Goldm\u00fcnze wurde aus einer Zwei-Metall-Legierung hergestellt, die aus: 1 Unze 24-kar\u00e4tigem Feingold der Probe 999,9 und 8,33 % Kupfer besteht. Die Vorderseite (Avers) der M\u00fcnze zeigt in der Mitte ein Portr\u00e4t von Paul Kr\u00fcger, dem Pr\u00e4sidenten der Republik von S\u00fcdafrika. Die R\u00fcckseite hingegen zeigt eine Antilope, das nationale Tiersymbol des Landes. Eine Anlagem\u00fcnze eignet sich als Absicherung gegen die Inflation &#8211; auf diese Weise k\u00f6nnen Sie Ihr Verm\u00f6gen problemlos sch\u00fctzen.<\/p>\n<h2>Wie hoch ist der Preis der Goldm\u00fcnze Kr\u00fcgerrand?<\/h2>\n<p>Die Kr\u00fcgerrand-Goldm\u00fcnze hat keinen Nominalwert und ihr Preis richtet sich nach dem aktuellen Wert des Goldbarrens. Es handelt sich um ein Produkt, dass in einer Reihe von Online-Auktionen sowie in station\u00e4ren Filialen erh\u00e4ltlich ist und auch bei uns in der Gr\u00fcnen M\u00fcnzst\u00e4tte erworben werden kann. Der angebotene Gold-Kr\u00fcgerrand ist sowohl f\u00fcr Einsteiger im Investieren als auch f\u00fcr Sammler historischer M\u00fcnzen eine gute Option.<\/p>\n","protected":false},"excerpt":{"rendered":"<p>Reinheit: <strong>916<\/strong><br \/>\nGewicht:<strong> 33,93 g (darunter 1 Unze 24 Karat Gold)<\/strong><br \/>\nJahr: <strong>2022<\/strong><br \/>\nZustand: <strong>Neuwertig<\/strong><br \/>\nVerpackung: <strong>Kappen<\/strong><br \/>\nLieferzeit: <span style=\"color: #ff0000;\"><strong>10 Werktage<\/strong><\/span><br \/>\nVerf\u00fcgbarkeit: <strong>auf Bestellung<\/strong><\/p>\n<p><strong>Das pr\u00e4sentierte Foto der M\u00fcnze dient der Veranschaulichung<\/strong><\/p>\n","protected":false},"featured_media":10594,"comment_status":"closed","ping_status":"closed","template":"","meta":[],"product_brand":[],"product_cat":[161,162],"product_tag":[],"class_list":{"0":"post-11543","1":"product","2":"type-product","3":"status-publish","4":"has-post-thumbnail","6":"product_cat-gold","7":"product_cat-gold-anlagemunzen","9":"first","10":"onbackorder","11":"taxable","12":"shipping-taxable","13":"purchasable","14":"product-type-simple"},"yoast_head":"<!-- This site is optimized with the Yoast SEO plugin v26.7 - https:\/\/yoast.com\/wordpress\/plugins\/seo\/ -->\n<title>Goldanlagem\u00fcnzst\u00e4tte Kr\u00fcgerrand | M\u00fcnzst\u00e4tte<\/title>\n<meta name=\"description\" content=\"Suchen Sie nach einer guten Investition? Investieren Sie in eine 1-Unzen-Kr\u00fcgerrand-M\u00fcnze! Dies ist eine gute Absicherung gegen die steigende Inflation.\" \/>\n<meta name=\"robots\" content=\"index, follow, max-snippet:-1, max-image-preview:large, max-video-preview:-1\" \/>\n<link rel=\"canonical\" href=\"https:\/\/mennicazielona.com\/de\/produkt\/kruegerrand-1-oz-goldmuenze\/\" \/>\n<meta property=\"og:locale\" content=\"de_DE\" \/>\n<meta property=\"og:type\" content=\"article\" \/>\n<meta property=\"og:title\" content=\"Goldanlagem\u00fcnzst\u00e4tte Kr\u00fcgerrand | M\u00fcnzst\u00e4tte\" \/>\n<meta property=\"og:description\" content=\"Suchen Sie nach einer guten Investition? Investieren Sie in eine 1-Unzen-Kr\u00fcgerrand-M\u00fcnze! Dies ist eine gute Absicherung gegen die steigende Inflation.\" \/>\n<meta property=\"og:url\" content=\"https:\/\/mennicazielona.com\/de\/produkt\/kruegerrand-1-oz-goldmuenze\/\" \/>\n<meta property=\"og:site_name\" content=\"Mennica Zielona\" \/>\n<meta property=\"article:publisher\" content=\"https:\/\/www.facebook.com\/Mennica-Zielona-111796140639537\/\" \/>\n<meta property=\"article:modified_time\" content=\"2023-03-07T10:39:06+00:00\" \/>\n<meta property=\"og:image\" content=\"https:\/\/mennicazielona.com\/wp-content\/uploads\/2020\/10\/Krugerrand-new-photo-nr-1.jpg\" \/>\n\t<meta property=\"og:image:width\" content=\"900\" \/>\n\t<meta property=\"og:image:height\" content=\"911\" \/>\n\t<meta property=\"og:image:type\" content=\"image\/jpeg\" \/>\n<meta name=\"twitter:card\" content=\"summary_large_image\" \/>\n<meta name=\"twitter:label1\" content=\"Gesch\u00e4tzte Lesezeit\" \/>\n\t<meta name=\"twitter:data1\" content=\"1\u00a0Minute\" \/>\n<!-- \/ Yoast SEO plugin. -->","yoast_head_json":{"title":"Goldanlagem\u00fcnzst\u00e4tte Kr\u00fcgerrand | M\u00fcnzst\u00e4tte","description":"Suchen Sie nach einer guten Investition? Investieren Sie in eine 1-Unzen-Kr\u00fcgerrand-M\u00fcnze! Dies ist eine gute Absicherung gegen die steigende Inflation.","robots":{"index":"index","follow":"follow","max-snippet":"max-snippet:-1","max-image-preview":"max-image-preview:large","max-video-preview":"max-video-preview:-1"},"canonical":"https:\/\/mennicazielona.com\/de\/produkt\/kruegerrand-1-oz-goldmuenze\/","og_locale":"de_DE","og_type":"article","og_title":"Goldanlagem\u00fcnzst\u00e4tte Kr\u00fcgerrand | M\u00fcnzst\u00e4tte","og_description":"Suchen Sie nach einer guten Investition? Investieren Sie in eine 1-Unzen-Kr\u00fcgerrand-M\u00fcnze! Dies ist eine gute Absicherung gegen die steigende Inflation.","og_url":"https:\/\/mennicazielona.com\/de\/produkt\/kruegerrand-1-oz-goldmuenze\/","og_site_name":"Mennica Zielona","article_publisher":"https:\/\/www.facebook.com\/Mennica-Zielona-111796140639537\/","article_modified_time":"2023-03-07T10:39:06+00:00","og_image":[{"width":900,"height":911,"url":"https:\/\/mennicazielona.com\/wp-content\/uploads\/2020\/10\/Krugerrand-new-photo-nr-1.jpg","type":"image\/jpeg"}],"twitter_card":"summary_large_image","twitter_misc":{"Gesch\u00e4tzte Lesezeit":"1\u00a0Minute"},"schema":{"@context":"https:\/\/schema.org","@graph":[{"@type":"WebPage","@id":"https:\/\/mennicazielona.com\/de\/produkt\/kruegerrand-1-oz-goldmuenze\/","url":"https:\/\/mennicazielona.com\/de\/produkt\/kruegerrand-1-oz-goldmuenze\/","name":"Goldanlagem\u00fcnzst\u00e4tte Kr\u00fcgerrand | M\u00fcnzst\u00e4tte","isPartOf":{"@id":"https:\/\/mennicazielona.com\/de\/#website"},"primaryImageOfPage":{"@id":"https:\/\/mennicazielona.com\/de\/produkt\/kruegerrand-1-oz-goldmuenze\/#primaryimage"},"image":{"@id":"https:\/\/mennicazielona.com\/de\/produkt\/kruegerrand-1-oz-goldmuenze\/#primaryimage"},"thumbnailUrl":"https:\/\/mennicazielona.com\/wp-content\/uploads\/2020\/10\/Krugerrand-new-photo-nr-1.jpg","datePublished":"2020-10-22T08:36:54+00:00","dateModified":"2023-03-07T10:39:06+00:00","description":"Suchen Sie nach einer guten Investition? Investieren Sie in eine 1-Unzen-Kr\u00fcgerrand-M\u00fcnze! Dies ist eine gute Absicherung gegen die steigende Inflation.","breadcrumb":{"@id":"https:\/\/mennicazielona.com\/de\/produkt\/kruegerrand-1-oz-goldmuenze\/#breadcrumb"},"inLanguage":"de","potentialAction":[{"@type":"ReadAction","target":["https:\/\/mennicazielona.com\/de\/produkt\/kruegerrand-1-oz-goldmuenze\/"]}]},{"@type":"ImageObject","inLanguage":"de","@id":"https:\/\/mennicazielona.com\/de\/produkt\/kruegerrand-1-oz-goldmuenze\/#primaryimage","url":"https:\/\/mennicazielona.com\/wp-content\/uploads\/2020\/10\/Krugerrand-new-photo-nr-1.jpg","contentUrl":"https:\/\/mennicazielona.com\/wp-content\/uploads\/2020\/10\/Krugerrand-new-photo-nr-1.jpg","width":900,"height":911,"caption":"z\u0142ota moneta krugerrand 2020"},{"@type":"BreadcrumbList","@id":"https:\/\/mennicazielona.com\/de\/produkt\/kruegerrand-1-oz-goldmuenze\/#breadcrumb","itemListElement":[{"@type":"ListItem","position":1,"name":"Strona g\u0142\u00f3wna","item":"https:\/\/mennicazielona.com\/de\/"},{"@type":"ListItem","position":2,"name":"Sklep","item":"https:\/\/mennicazielona.com\/sklep\/"},{"@type":"ListItem","position":3,"name":"Kr\u00fcgerrand \u2013 1 oz Goldm\u00fcnze"}]},{"@type":"WebSite","@id":"https:\/\/mennicazielona.com\/de\/#website","url":"https:\/\/mennicazielona.com\/de\/","name":"Mennica Zielona","description":"Sprzeda\u017c z\u0142ota inwestycyjnego, sztabek oraz monet bulionowych","publisher":{"@id":"https:\/\/mennicazielona.com\/de\/#organization"},"potentialAction":[{"@type":"SearchAction","target":{"@type":"EntryPoint","urlTemplate":"https:\/\/mennicazielona.com\/de\/?s={search_term_string}"},"query-input":{"@type":"PropertyValueSpecification","valueRequired":true,"valueName":"search_term_string"}}],"inLanguage":"de"},{"@type":"Organization","@id":"https:\/\/mennicazielona.com\/de\/#organization","name":"Mennica Zielona Sp. z o.o.","url":"https:\/\/mennicazielona.com\/de\/","logo":{"@type":"ImageObject","inLanguage":"de","@id":"https:\/\/mennicazielona.com\/de\/#\/schema\/logo\/image\/","url":"https:\/\/mennicazielona.com\/wp-content\/uploads\/2021\/11\/logo-mennica-zielona.png","contentUrl":"https:\/\/mennicazielona.com\/wp-content\/uploads\/2021\/11\/logo-mennica-zielona.png","width":124,"height":139,"caption":"Mennica Zielona Sp. z o.o."},"image":{"@id":"https:\/\/mennicazielona.com\/de\/#\/schema\/logo\/image\/"},"sameAs":["https:\/\/www.facebook.com\/Mennica-Zielona-111796140639537\/","https:\/\/www.instagram.com\/mennicazielonalubuska\/?r=nametag"]}]}},"_links":{"self":[{"href":"https:\/\/mennicazielona.com\/de\/wp-json\/wp\/v2\/product\/11543","targetHints":{"allow":["GET"]}}],"collection":[{"href":"https:\/\/mennicazielona.com\/de\/wp-json\/wp\/v2\/product"}],"about":[{"href":"https:\/\/mennicazielona.com\/de\/wp-json\/wp\/v2\/types\/product"}],"replies":[{"embeddable":true,"href":"https:\/\/mennicazielona.com\/de\/wp-json\/wp\/v2\/comments?post=11543"}],"wp:featuredmedia":[{"embeddable":true,"href":"https:\/\/mennicazielona.com\/de\/wp-json\/wp\/v2\/media\/10594"}],"wp:attachment":[{"href":"https:\/\/mennicazielona.com\/de\/wp-json\/wp\/v2\/media?parent=11543"}],"wp:term":[{"taxonomy":"product_brand","embeddable":true,"href":"https:\/\/mennicazielona.com\/de\/wp-json\/wp\/v2\/product_brand?post=11543"},{"taxonomy":"product_cat","embeddable":true,"href":"https:\/\/mennicazielona.com\/de\/wp-json\/wp\/v2\/product_cat?post=11543"},{"taxonomy":"product_tag","embeddable":true,"href":"https:\/\/mennicazielona.com\/de\/wp-json\/wp\/v2\/product_tag?post=11543"}],"curies":[{"name":"wp","href":"https:\/\/api.w.org\/{rel}","templated":true}]}}