{"id":11532,"date":"2021-06-21T15:19:21","date_gmt":"2021-06-21T13:19:21","guid":{"rendered":"https:\/\/mennicazielona.com\/?post_type=product&#038;p=11532"},"modified":"2022-10-04T09:49:44","modified_gmt":"2022-10-04T07:49:44","slug":"china-panda-8-g-goldmuenze","status":"publish","type":"product","link":"https:\/\/mennicazielona.com\/de\/produkt\/china-panda-8-g-goldmuenze\/","title":{"rendered":"China Panda \u2013 8 g Goldm\u00fcnze"},"content":{"rendered":"<p>Die R\u00fcckseite der M\u00fcnze zeigt einen Riesenpanda. Au\u00dferdem wurden dort Angaben zum Gewicht und Feingehalt des Goldes sowie zum Nennwert der M\u00fcnze eingepr\u00e4gt. Jedes Jahr \u00e4ndert sich das Aussehen der R\u00fcckseite.<\/p>\n<p>Die Vorderseite zeigt den Himmelstempel und die ihn umgebende Inschrift China Volksrepublik sowie das Pr\u00e4gejahr der Goldm\u00fcnze.<\/p>\n<p>Es wird sich in schwierigen Zeiten als Investition und Schutz Ihrer Ersparnisse perfekt eignen.<br \/>\n&nbsp;<\/p>\n<p><b>Das pr\u00e4sentierte Foto der M\u00fcnze dient der Veranschaulichung<\/b><\/p>\n","protected":false},"excerpt":{"rendered":"<p>Reinheit: <strong>999,9<\/strong><br \/>\nGewicht: <strong>8 g<\/strong><br \/>\nJahr: <strong>2022<\/strong><br \/>\nZustand: <strong>Neuwertig<\/strong><br \/>\nVerpackung: <strong>Kappen<\/strong><br \/>\nLieferzeit: <span style=\"color: #ff0000;\"><strong>15 Werktage<\/strong><\/span><br \/>\nVerf\u00fcgbarkeit: <strong>auf Bestellung<\/strong><\/p>\n<p><strong>Das pr\u00e4sentierte Foto der M\u00fcnze dient der Veranschaulichung<\/strong><\/p>\n","protected":false},"featured_media":10740,"comment_status":"closed","ping_status":"closed","template":"","meta":[],"product_brand":[],"product_cat":[161,162],"product_tag":[],"class_list":{"0":"post-11532","1":"product","2":"type-product","3":"status-publish","4":"has-post-thumbnail","6":"product_cat-gold","7":"product_cat-gold-anlagemunzen","9":"first","10":"onbackorder","11":"taxable","12":"shipping-taxable","13":"purchasable","14":"product-type-simple"},"yoast_head":"<!-- This site is optimized with the Yoast SEO plugin v26.7 - https:\/\/yoast.com\/wordpress\/plugins\/seo\/ -->\n<title>China Panda \u2013 8 g Goldm\u00fcnze - Mennica Zielona<\/title>\n<meta name=\"robots\" content=\"index, follow, max-snippet:-1, max-image-preview:large, max-video-preview:-1\" \/>\n<link rel=\"canonical\" href=\"https:\/\/mennicazielona.com\/de\/produkt\/china-panda-8-g-goldmuenze\/\" \/>\n<meta property=\"og:locale\" content=\"de_DE\" \/>\n<meta property=\"og:type\" content=\"article\" \/>\n<meta property=\"og:title\" content=\"China Panda \u2013 8 g Goldm\u00fcnze - Mennica Zielona\" \/>\n<meta property=\"og:description\" content=\"Reinheit: 999,9 Gewicht: 8 g Jahr: 2022 Zustand: Neuwertig Verpackung: Kappen Lieferzeit: 15 Werktage Verf\u00fcgbarkeit: auf Bestellung  Das pr\u00e4sentierte Foto der M\u00fcnze dient der Veranschaulichung\" \/>\n<meta property=\"og:url\" content=\"https:\/\/mennicazielona.com\/de\/produkt\/china-panda-8-g-goldmuenze\/\" \/>\n<meta property=\"og:site_name\" content=\"Mennica Zielona\" \/>\n<meta property=\"article:publisher\" content=\"https:\/\/www.facebook.com\/Mennica-Zielona-111796140639537\/\" \/>\n<meta property=\"article:modified_time\" content=\"2022-10-04T07:49:44+00:00\" \/>\n<meta property=\"og:image\" content=\"https:\/\/mennicazielona.com\/wp-content\/uploads\/2021\/06\/2021-BOC-Panda-Bu-Au30-REV.jpg\" \/>\n\t<meta property=\"og:image:width\" content=\"600\" \/>\n\t<meta property=\"og:image:height\" content=\"600\" \/>\n\t<meta property=\"og:image:type\" content=\"image\/jpeg\" \/>\n<meta name=\"twitter:card\" content=\"summary_large_image\" \/>\n<!-- \/ Yoast SEO plugin. -->","yoast_head_json":{"title":"China Panda \u2013 8 g Goldm\u00fcnze - Mennica Zielona","robots":{"index":"index","follow":"follow","max-snippet":"max-snippet:-1","max-image-preview":"max-image-preview:large","max-video-preview":"max-video-preview:-1"},"canonical":"https:\/\/mennicazielona.com\/de\/produkt\/china-panda-8-g-goldmuenze\/","og_locale":"de_DE","og_type":"article","og_title":"China Panda \u2013 8 g Goldm\u00fcnze - Mennica Zielona","og_description":"Reinheit: 999,9 Gewicht: 8 g Jahr: 2022 Zustand: Neuwertig Verpackung: Kappen Lieferzeit: 15 Werktage Verf\u00fcgbarkeit: auf Bestellung  Das pr\u00e4sentierte Foto der M\u00fcnze dient der Veranschaulichung","og_url":"https:\/\/mennicazielona.com\/de\/produkt\/china-panda-8-g-goldmuenze\/","og_site_name":"Mennica Zielona","article_publisher":"https:\/\/www.facebook.com\/Mennica-Zielona-111796140639537\/","article_modified_time":"2022-10-04T07:49:44+00:00","og_image":[{"width":600,"height":600,"url":"https:\/\/mennicazielona.com\/wp-content\/uploads\/2021\/06\/2021-BOC-Panda-Bu-Au30-REV.jpg","type":"image\/jpeg"}],"twitter_card":"summary_large_image","schema":{"@context":"https:\/\/schema.org","@graph":[{"@type":"WebPage","@id":"https:\/\/mennicazielona.com\/de\/produkt\/china-panda-8-g-goldmuenze\/","url":"https:\/\/mennicazielona.com\/de\/produkt\/china-panda-8-g-goldmuenze\/","name":"China Panda \u2013 8 g Goldm\u00fcnze - Mennica Zielona","isPartOf":{"@id":"https:\/\/mennicazielona.com\/de\/#website"},"primaryImageOfPage":{"@id":"https:\/\/mennicazielona.com\/de\/produkt\/china-panda-8-g-goldmuenze\/#primaryimage"},"image":{"@id":"https:\/\/mennicazielona.com\/de\/produkt\/china-panda-8-g-goldmuenze\/#primaryimage"},"thumbnailUrl":"https:\/\/mennicazielona.com\/wp-content\/uploads\/2021\/06\/2021-BOC-Panda-Bu-Au30-REV.jpg","datePublished":"2021-06-21T13:19:21+00:00","dateModified":"2022-10-04T07:49:44+00:00","breadcrumb":{"@id":"https:\/\/mennicazielona.com\/de\/produkt\/china-panda-8-g-goldmuenze\/#breadcrumb"},"inLanguage":"de","potentialAction":[{"@type":"ReadAction","target":["https:\/\/mennicazielona.com\/de\/produkt\/china-panda-8-g-goldmuenze\/"]}]},{"@type":"ImageObject","inLanguage":"de","@id":"https:\/\/mennicazielona.com\/de\/produkt\/china-panda-8-g-goldmuenze\/#primaryimage","url":"https:\/\/mennicazielona.com\/wp-content\/uploads\/2021\/06\/2021-BOC-Panda-Bu-Au30-REV.jpg","contentUrl":"https:\/\/mennicazielona.com\/wp-content\/uploads\/2021\/06\/2021-BOC-Panda-Bu-Au30-REV.jpg","width":600,"height":600},{"@type":"BreadcrumbList","@id":"https:\/\/mennicazielona.com\/de\/produkt\/china-panda-8-g-goldmuenze\/#breadcrumb","itemListElement":[{"@type":"ListItem","position":1,"name":"Strona g\u0142\u00f3wna","item":"https:\/\/mennicazielona.com\/de\/"},{"@type":"ListItem","position":2,"name":"Sklep","item":"https:\/\/mennicazielona.com\/sklep\/"},{"@type":"ListItem","position":3,"name":"China Panda \u2013 8 g Goldm\u00fcnze"}]},{"@type":"WebSite","@id":"https:\/\/mennicazielona.com\/de\/#website","url":"https:\/\/mennicazielona.com\/de\/","name":"Mennica Zielona","description":"Sprzeda\u017c z\u0142ota inwestycyjnego, sztabek oraz monet bulionowych","publisher":{"@id":"https:\/\/mennicazielona.com\/de\/#organization"},"potentialAction":[{"@type":"SearchAction","target":{"@type":"EntryPoint","urlTemplate":"https:\/\/mennicazielona.com\/de\/?s={search_term_string}"},"query-input":{"@type":"PropertyValueSpecification","valueRequired":true,"valueName":"search_term_string"}}],"inLanguage":"de"},{"@type":"Organization","@id":"https:\/\/mennicazielona.com\/de\/#organization","name":"Mennica Zielona Sp. z o.o.","url":"https:\/\/mennicazielona.com\/de\/","logo":{"@type":"ImageObject","inLanguage":"de","@id":"https:\/\/mennicazielona.com\/de\/#\/schema\/logo\/image\/","url":"https:\/\/mennicazielona.com\/wp-content\/uploads\/2021\/11\/logo-mennica-zielona.png","contentUrl":"https:\/\/mennicazielona.com\/wp-content\/uploads\/2021\/11\/logo-mennica-zielona.png","width":124,"height":139,"caption":"Mennica Zielona Sp. z o.o."},"image":{"@id":"https:\/\/mennicazielona.com\/de\/#\/schema\/logo\/image\/"},"sameAs":["https:\/\/www.facebook.com\/Mennica-Zielona-111796140639537\/","https:\/\/www.instagram.com\/mennicazielonalubuska\/?r=nametag"]}]}},"_links":{"self":[{"href":"https:\/\/mennicazielona.com\/de\/wp-json\/wp\/v2\/product\/11532","targetHints":{"allow":["GET"]}}],"collection":[{"href":"https:\/\/mennicazielona.com\/de\/wp-json\/wp\/v2\/product"}],"about":[{"href":"https:\/\/mennicazielona.com\/de\/wp-json\/wp\/v2\/types\/product"}],"replies":[{"embeddable":true,"href":"https:\/\/mennicazielona.com\/de\/wp-json\/wp\/v2\/comments?post=11532"}],"wp:featuredmedia":[{"embeddable":true,"href":"https:\/\/mennicazielona.com\/de\/wp-json\/wp\/v2\/media\/10740"}],"wp:attachment":[{"href":"https:\/\/mennicazielona.com\/de\/wp-json\/wp\/v2\/media?parent=11532"}],"wp:term":[{"taxonomy":"product_brand","embeddable":true,"href":"https:\/\/mennicazielona.com\/de\/wp-json\/wp\/v2\/product_brand?post=11532"},{"taxonomy":"product_cat","embeddable":true,"href":"https:\/\/mennicazielona.com\/de\/wp-json\/wp\/v2\/product_cat?post=11532"},{"taxonomy":"product_tag","embeddable":true,"href":"https:\/\/mennicazielona.com\/de\/wp-json\/wp\/v2\/product_tag?post=11532"}],"curies":[{"name":"wp","href":"https:\/\/api.w.org\/{rel}","templated":true}]}}