{"id":11470,"date":"2022-05-26T13:34:46","date_gmt":"2022-05-26T11:34:46","guid":{"rendered":"https:\/\/mennicazielona.com\/?post_type=product&#038;p=11470"},"modified":"2022-09-30T14:06:33","modified_gmt":"2022-09-30T12:06:33","slug":"lech-kaczynski-pole-sein-lohnt-sich-1-unze-gold-2021-500-zloty-24h","status":"publish","type":"product","link":"https:\/\/mennicazielona.com\/de\/produkt\/lech-kaczynski-pole-sein-lohnt-sich-1-unze-gold-2021-500-zloty-24h\/","title":{"rendered":"Lech Kaczy\u0144ski &#8222;Pole sein lohnt sich&#8220; 1 Unze Gold 2021 500 Zloty \u2013 24h"},"content":{"rendered":"<p>Die Lech-Kaczy\u0144ski-M\u00fcnze \u201eEs lohnt sich, ein Pole zu sein\u201c 1 Unze Gold 2021 500 Zloty ist ein Sammlervorschlag der Nationalbank Polens.<\/p>\n<p>Die M\u00fcnze hat Abmessungen von 50 mm x 25 mm, einen Nennwert von 500 PLN und eine begrenzte Auflage, die 1.500 St\u00fcck nicht \u00fcberschreiten darf. Robert Kotowicz ist f\u00fcr das Design der M\u00fcnze verantwortlich.<\/p>\n<p>Die Wertvorderseite zeigt das Geb\u00e4ude des Museums des Warschauer Aufstands. Im mittleren Teil der M\u00fcnze sind Streikende auf der Danziger Werft in den 1980er Jahren und auf dem Polnischen Soldatenfriedhof in Katyn zu sehen. Auf der Vorderseite befinden sich die Aufschriften \u201eSolidarit\u00e4t\u201c und \u201eDie Erinnerung an die Heimat bestimmt, wer wir sind\u201c. Im unteren rechten Teil der M\u00fcnze sind Lech Kaczy\u0144ski und seine Frau Maria Kaczy\u0144ska dargestellt. Der Nennwert der M\u00fcnze befindet sich ebenfalls auf der Vorderseite.<\/p>\n<p>Die R\u00fcckseite der M\u00fcnze zeigt Pr\u00e4sident Lech Kaczy\u0144ski, das Bild des Ordens des Wei\u00dfen Adlers und den Pr\u00e4sidentenpalast in Warschau. Auf der R\u00fcckseite befindet sich die Aufschrift \u201eEs lohnt sich, Pole zu sein\u201c.<\/p>\n<p>Es wird in schwierigen Zeiten perfekt als Investition und Schutz Ihrer Ersparnisse sein.<\/p>\n","protected":false},"excerpt":{"rendered":"<p>Reinheit: <strong>999,9<\/strong><br \/>\nGewicht: <strong>31,1 g (1 Unze 24 kt Gold)<\/strong><br \/>\nJahr: <strong>2021<\/strong><br \/>\nLieferzeit: <span style=\"color: #ff0000;\"><strong>24 Stunden<\/strong><\/span><br \/>\nVerf\u00fcgbarkeit: <strong>auf Lager<\/strong><\/p>\n<p><strong>Das pr\u00e4sentierte Foto der M\u00fcnze dient der Veranschaulichung<\/strong><\/p>\n","protected":false},"featured_media":10917,"comment_status":"closed","ping_status":"closed","template":"","meta":[],"product_brand":[],"product_cat":[161,163,155],"product_tag":[],"class_list":{"0":"post-11470","1":"product","2":"type-product","3":"status-publish","4":"has-post-thumbnail","6":"product_cat-gold","7":"product_cat-historische-munzen","8":"product_cat-auf-lager-24h","10":"first","11":"instock","12":"taxable","13":"shipping-taxable","14":"purchasable","15":"product-type-simple"},"yoast_head":"<!-- This site is optimized with the Yoast SEO plugin v26.7 - https:\/\/yoast.com\/wordpress\/plugins\/seo\/ -->\n<title>Lech Kaczy\u0144ski &quot;Pole sein lohnt sich&quot; 1 Unze Gold 2021 500 Zloty \u2013 24h - Mennica Zielona<\/title>\n<meta name=\"robots\" content=\"index, follow, max-snippet:-1, max-image-preview:large, max-video-preview:-1\" \/>\n<link rel=\"canonical\" href=\"https:\/\/mennicazielona.com\/de\/produkt\/lech-kaczynski-pole-sein-lohnt-sich-1-unze-gold-2021-500-zloty-24h\/\" \/>\n<meta property=\"og:locale\" content=\"de_DE\" \/>\n<meta property=\"og:type\" content=\"article\" \/>\n<meta property=\"og:title\" content=\"Lech Kaczy\u0144ski &quot;Pole sein lohnt sich&quot; 1 Unze Gold 2021 500 Zloty \u2013 24h - Mennica Zielona\" \/>\n<meta property=\"og:description\" content=\"Reinheit: 999,9 Gewicht: 31,1 g (1 Unze 24 kt Gold) Jahr: 2021 Lieferzeit: 24 Stunden Verf\u00fcgbarkeit: auf Lager  Das pr\u00e4sentierte Foto der M\u00fcnze dient der Veranschaulichung\" \/>\n<meta property=\"og:url\" content=\"https:\/\/mennicazielona.com\/de\/produkt\/lech-kaczynski-pole-sein-lohnt-sich-1-unze-gold-2021-500-zloty-24h\/\" \/>\n<meta property=\"og:site_name\" content=\"Mennica Zielona\" \/>\n<meta property=\"article:publisher\" content=\"https:\/\/www.facebook.com\/Mennica-Zielona-111796140639537\/\" \/>\n<meta property=\"article:modified_time\" content=\"2022-09-30T12:06:33+00:00\" \/>\n<meta property=\"og:image\" content=\"https:\/\/mennicazielona.com\/wp-content\/uploads\/2022\/05\/Lech-Kaczynski.jpg\" \/>\n\t<meta property=\"og:image:width\" content=\"550\" \/>\n\t<meta property=\"og:image:height\" content=\"550\" \/>\n\t<meta property=\"og:image:type\" content=\"image\/jpeg\" \/>\n<meta name=\"twitter:card\" content=\"summary_large_image\" \/>\n<meta name=\"twitter:label1\" content=\"Gesch\u00e4tzte Lesezeit\" \/>\n\t<meta name=\"twitter:data1\" content=\"1\u00a0Minute\" \/>\n<!-- \/ Yoast SEO plugin. -->","yoast_head_json":{"title":"Lech Kaczy\u0144ski \"Pole sein lohnt sich\" 1 Unze Gold 2021 500 Zloty \u2013 24h - Mennica Zielona","robots":{"index":"index","follow":"follow","max-snippet":"max-snippet:-1","max-image-preview":"max-image-preview:large","max-video-preview":"max-video-preview:-1"},"canonical":"https:\/\/mennicazielona.com\/de\/produkt\/lech-kaczynski-pole-sein-lohnt-sich-1-unze-gold-2021-500-zloty-24h\/","og_locale":"de_DE","og_type":"article","og_title":"Lech Kaczy\u0144ski \"Pole sein lohnt sich\" 1 Unze Gold 2021 500 Zloty \u2013 24h - Mennica Zielona","og_description":"Reinheit: 999,9 Gewicht: 31,1 g (1 Unze 24 kt Gold) Jahr: 2021 Lieferzeit: 24 Stunden Verf\u00fcgbarkeit: auf Lager  Das pr\u00e4sentierte Foto der M\u00fcnze dient der Veranschaulichung","og_url":"https:\/\/mennicazielona.com\/de\/produkt\/lech-kaczynski-pole-sein-lohnt-sich-1-unze-gold-2021-500-zloty-24h\/","og_site_name":"Mennica Zielona","article_publisher":"https:\/\/www.facebook.com\/Mennica-Zielona-111796140639537\/","article_modified_time":"2022-09-30T12:06:33+00:00","og_image":[{"width":550,"height":550,"url":"https:\/\/mennicazielona.com\/wp-content\/uploads\/2022\/05\/Lech-Kaczynski.jpg","type":"image\/jpeg"}],"twitter_card":"summary_large_image","twitter_misc":{"Gesch\u00e4tzte Lesezeit":"1\u00a0Minute"},"schema":{"@context":"https:\/\/schema.org","@graph":[{"@type":"WebPage","@id":"https:\/\/mennicazielona.com\/de\/produkt\/lech-kaczynski-pole-sein-lohnt-sich-1-unze-gold-2021-500-zloty-24h\/","url":"https:\/\/mennicazielona.com\/de\/produkt\/lech-kaczynski-pole-sein-lohnt-sich-1-unze-gold-2021-500-zloty-24h\/","name":"Lech Kaczy\u0144ski \"Pole sein lohnt sich\" 1 Unze Gold 2021 500 Zloty \u2013 24h - Mennica Zielona","isPartOf":{"@id":"https:\/\/mennicazielona.com\/de\/#website"},"primaryImageOfPage":{"@id":"https:\/\/mennicazielona.com\/de\/produkt\/lech-kaczynski-pole-sein-lohnt-sich-1-unze-gold-2021-500-zloty-24h\/#primaryimage"},"image":{"@id":"https:\/\/mennicazielona.com\/de\/produkt\/lech-kaczynski-pole-sein-lohnt-sich-1-unze-gold-2021-500-zloty-24h\/#primaryimage"},"thumbnailUrl":"https:\/\/mennicazielona.com\/wp-content\/uploads\/2022\/05\/Lech-Kaczynski.jpg","datePublished":"2022-05-26T11:34:46+00:00","dateModified":"2022-09-30T12:06:33+00:00","breadcrumb":{"@id":"https:\/\/mennicazielona.com\/de\/produkt\/lech-kaczynski-pole-sein-lohnt-sich-1-unze-gold-2021-500-zloty-24h\/#breadcrumb"},"inLanguage":"de","potentialAction":[{"@type":"ReadAction","target":["https:\/\/mennicazielona.com\/de\/produkt\/lech-kaczynski-pole-sein-lohnt-sich-1-unze-gold-2021-500-zloty-24h\/"]}]},{"@type":"ImageObject","inLanguage":"de","@id":"https:\/\/mennicazielona.com\/de\/produkt\/lech-kaczynski-pole-sein-lohnt-sich-1-unze-gold-2021-500-zloty-24h\/#primaryimage","url":"https:\/\/mennicazielona.com\/wp-content\/uploads\/2022\/05\/Lech-Kaczynski.jpg","contentUrl":"https:\/\/mennicazielona.com\/wp-content\/uploads\/2022\/05\/Lech-Kaczynski.jpg","width":550,"height":550},{"@type":"BreadcrumbList","@id":"https:\/\/mennicazielona.com\/de\/produkt\/lech-kaczynski-pole-sein-lohnt-sich-1-unze-gold-2021-500-zloty-24h\/#breadcrumb","itemListElement":[{"@type":"ListItem","position":1,"name":"Strona g\u0142\u00f3wna","item":"https:\/\/mennicazielona.com\/de\/"},{"@type":"ListItem","position":2,"name":"Sklep","item":"https:\/\/mennicazielona.com\/sklep\/"},{"@type":"ListItem","position":3,"name":"Lech Kaczy\u0144ski &#8222;Pole sein lohnt sich&#8221; 1 Unze Gold 2021 500 Zloty \u2013 24h"}]},{"@type":"WebSite","@id":"https:\/\/mennicazielona.com\/de\/#website","url":"https:\/\/mennicazielona.com\/de\/","name":"Mennica Zielona","description":"Sprzeda\u017c z\u0142ota inwestycyjnego, sztabek oraz monet bulionowych","publisher":{"@id":"https:\/\/mennicazielona.com\/de\/#organization"},"potentialAction":[{"@type":"SearchAction","target":{"@type":"EntryPoint","urlTemplate":"https:\/\/mennicazielona.com\/de\/?s={search_term_string}"},"query-input":{"@type":"PropertyValueSpecification","valueRequired":true,"valueName":"search_term_string"}}],"inLanguage":"de"},{"@type":"Organization","@id":"https:\/\/mennicazielona.com\/de\/#organization","name":"Mennica Zielona Sp. z o.o.","url":"https:\/\/mennicazielona.com\/de\/","logo":{"@type":"ImageObject","inLanguage":"de","@id":"https:\/\/mennicazielona.com\/de\/#\/schema\/logo\/image\/","url":"https:\/\/mennicazielona.com\/wp-content\/uploads\/2021\/11\/logo-mennica-zielona.png","contentUrl":"https:\/\/mennicazielona.com\/wp-content\/uploads\/2021\/11\/logo-mennica-zielona.png","width":124,"height":139,"caption":"Mennica Zielona Sp. z o.o."},"image":{"@id":"https:\/\/mennicazielona.com\/de\/#\/schema\/logo\/image\/"},"sameAs":["https:\/\/www.facebook.com\/Mennica-Zielona-111796140639537\/","https:\/\/www.instagram.com\/mennicazielonalubuska\/?r=nametag"]}]}},"_links":{"self":[{"href":"https:\/\/mennicazielona.com\/de\/wp-json\/wp\/v2\/product\/11470","targetHints":{"allow":["GET"]}}],"collection":[{"href":"https:\/\/mennicazielona.com\/de\/wp-json\/wp\/v2\/product"}],"about":[{"href":"https:\/\/mennicazielona.com\/de\/wp-json\/wp\/v2\/types\/product"}],"replies":[{"embeddable":true,"href":"https:\/\/mennicazielona.com\/de\/wp-json\/wp\/v2\/comments?post=11470"}],"wp:featuredmedia":[{"embeddable":true,"href":"https:\/\/mennicazielona.com\/de\/wp-json\/wp\/v2\/media\/10917"}],"wp:attachment":[{"href":"https:\/\/mennicazielona.com\/de\/wp-json\/wp\/v2\/media?parent=11470"}],"wp:term":[{"taxonomy":"product_brand","embeddable":true,"href":"https:\/\/mennicazielona.com\/de\/wp-json\/wp\/v2\/product_brand?post=11470"},{"taxonomy":"product_cat","embeddable":true,"href":"https:\/\/mennicazielona.com\/de\/wp-json\/wp\/v2\/product_cat?post=11470"},{"taxonomy":"product_tag","embeddable":true,"href":"https:\/\/mennicazielona.com\/de\/wp-json\/wp\/v2\/product_tag?post=11470"}],"curies":[{"name":"wp","href":"https:\/\/api.w.org\/{rel}","templated":true}]}}