{"id":11468,"date":"2022-05-18T11:06:40","date_gmt":"2022-05-18T09:06:40","guid":{"rendered":"https:\/\/mennicazielona.com\/?post_type=product&#038;p=11468"},"modified":"2022-09-30T12:46:34","modified_gmt":"2022-09-30T10:46:34","slug":"nbp-sammlermuenze-michal-korybut-wisniowiecki-2-unzen-gold-24h","status":"publish","type":"product","link":"https:\/\/mennicazielona.com\/de\/produkt\/nbp-sammlermuenze-michal-korybut-wisniowiecki-2-unzen-gold-24h\/","title":{"rendered":"NBP Sammlerm\u00fcnze Micha\u0142 Korybut Wi\u015bniowiecki 2 Unzen Gold &#8211; 24h"},"content":{"rendered":"<p><strong>M\u00fcnze aus Gold pr. 999,9 mit Zertifikat der Polnischen Nationalbank.<\/strong><\/p>\n<p>Die M\u00fcnze \u201eMicha\u0142 Korybut Wi\u015bniowiecki\u201c aus der Serie \u201eSch\u00e4tze von Stanis\u0142aw August\u201c mit einem Nennwert von 500 Zloty, verpackt in einer spektakul\u00e4ren Schatulle. Die M\u00fcnze wiegt 62,2 g (2 Unzen) 24 Karat Gold.<\/p>\n<p>Der Durchmesser der M\u00fcnze betr\u00e4gt 45 mm.<\/p>\n<p>Die M\u00fcnze wurde in einer Auflage von 600 St\u00fcck gepr\u00e4gt, weshalb sie einzigartig und so einzigartig ist.<\/p>\n","protected":false},"excerpt":{"rendered":"<p>Reinheit: <strong>999,9<\/strong><br \/>\nGewicht: <strong>62,2 g (2 Unzen 24 kt Gold)<\/strong><br \/>\nDurchmesser: <strong>45 mm<\/strong><br \/>\nAuflage: <strong>600<\/strong><br \/>\nNennwert: <strong>500 PLN<\/strong><br \/>\nJahr: <strong>2021<\/strong><br \/>\nZustand: <strong>Schaltung II<\/strong><br \/>\nVerpackung: <strong>Kappen<\/strong><br \/>\nLieferzeit: <span style=\"color: #ff0000;\"><strong>24 Stunden<\/strong><\/span><br \/>\nVerf\u00fcgbarkeit:<strong> auf Lager<\/strong><\/p>\n","protected":false},"featured_media":18290,"comment_status":"open","ping_status":"closed","template":"","meta":[],"product_brand":[],"product_cat":[161,163,155],"product_tag":[],"class_list":{"0":"post-11468","1":"product","2":"type-product","3":"status-publish","4":"has-post-thumbnail","6":"product_cat-gold","7":"product_cat-historische-munzen","8":"product_cat-auf-lager-24h","10":"first","11":"instock","12":"taxable","13":"shipping-taxable","14":"purchasable","15":"product-type-simple"},"yoast_head":"<!-- This site is optimized with the Yoast SEO plugin v26.7 - https:\/\/yoast.com\/wordpress\/plugins\/seo\/ -->\n<title>Micha\u0142 Korybut Wi\u015bniowiecki 2 Unzen Gold<\/title>\n<meta name=\"robots\" content=\"index, follow, max-snippet:-1, max-image-preview:large, max-video-preview:-1\" \/>\n<link rel=\"canonical\" href=\"https:\/\/mennicazielona.com\/de\/produkt\/nbp-sammlermuenze-michal-korybut-wisniowiecki-2-unzen-gold-24h\/\" \/>\n<meta property=\"og:locale\" content=\"de_DE\" \/>\n<meta property=\"og:type\" content=\"article\" \/>\n<meta property=\"og:title\" content=\"Micha\u0142 Korybut Wi\u015bniowiecki 2 Unzen Gold\" \/>\n<meta property=\"og:description\" content=\"Reinheit: 999,9 Gewicht: 62,2 g (2 Unzen 24 kt Gold) Durchmesser: 45 mm Auflage: 600 Nennwert: 500 PLN Jahr: 2021 Zustand: Schaltung II Verpackung: Kappen Lieferzeit: 24 Stunden Verf\u00fcgbarkeit: auf Lager\" \/>\n<meta property=\"og:url\" content=\"https:\/\/mennicazielona.com\/de\/produkt\/nbp-sammlermuenze-michal-korybut-wisniowiecki-2-unzen-gold-24h\/\" \/>\n<meta property=\"og:site_name\" content=\"Mennica Zielona\" \/>\n<meta property=\"article:publisher\" content=\"https:\/\/www.facebook.com\/Mennica-Zielona-111796140639537\/\" \/>\n<meta property=\"article:modified_time\" content=\"2022-09-30T10:46:34+00:00\" \/>\n<meta property=\"og:image\" content=\"https:\/\/mennicazielona.com\/wp-content\/uploads\/2022\/05\/Michal-Korybut-Wisniowiecki-AU.jpg\" \/>\n\t<meta property=\"og:image:width\" content=\"900\" \/>\n\t<meta property=\"og:image:height\" content=\"600\" \/>\n\t<meta property=\"og:image:type\" content=\"image\/jpeg\" \/>\n<meta name=\"twitter:card\" content=\"summary_large_image\" \/>\n<!-- \/ Yoast SEO plugin. -->","yoast_head_json":{"title":"Micha\u0142 Korybut Wi\u015bniowiecki 2 Unzen Gold","robots":{"index":"index","follow":"follow","max-snippet":"max-snippet:-1","max-image-preview":"max-image-preview:large","max-video-preview":"max-video-preview:-1"},"canonical":"https:\/\/mennicazielona.com\/de\/produkt\/nbp-sammlermuenze-michal-korybut-wisniowiecki-2-unzen-gold-24h\/","og_locale":"de_DE","og_type":"article","og_title":"Micha\u0142 Korybut Wi\u015bniowiecki 2 Unzen Gold","og_description":"Reinheit: 999,9 Gewicht: 62,2 g (2 Unzen 24 kt Gold) Durchmesser: 45 mm Auflage: 600 Nennwert: 500 PLN Jahr: 2021 Zustand: Schaltung II Verpackung: Kappen Lieferzeit: 24 Stunden Verf\u00fcgbarkeit: auf Lager","og_url":"https:\/\/mennicazielona.com\/de\/produkt\/nbp-sammlermuenze-michal-korybut-wisniowiecki-2-unzen-gold-24h\/","og_site_name":"Mennica Zielona","article_publisher":"https:\/\/www.facebook.com\/Mennica-Zielona-111796140639537\/","article_modified_time":"2022-09-30T10:46:34+00:00","og_image":[{"width":900,"height":600,"url":"https:\/\/mennicazielona.com\/wp-content\/uploads\/2022\/05\/Michal-Korybut-Wisniowiecki-AU.jpg","type":"image\/jpeg"}],"twitter_card":"summary_large_image","schema":{"@context":"https:\/\/schema.org","@graph":[{"@type":"WebPage","@id":"https:\/\/mennicazielona.com\/de\/produkt\/nbp-sammlermuenze-michal-korybut-wisniowiecki-2-unzen-gold-24h\/","url":"https:\/\/mennicazielona.com\/de\/produkt\/nbp-sammlermuenze-michal-korybut-wisniowiecki-2-unzen-gold-24h\/","name":"Micha\u0142 Korybut Wi\u015bniowiecki 2 Unzen Gold","isPartOf":{"@id":"https:\/\/mennicazielona.com\/de\/#website"},"primaryImageOfPage":{"@id":"https:\/\/mennicazielona.com\/de\/produkt\/nbp-sammlermuenze-michal-korybut-wisniowiecki-2-unzen-gold-24h\/#primaryimage"},"image":{"@id":"https:\/\/mennicazielona.com\/de\/produkt\/nbp-sammlermuenze-michal-korybut-wisniowiecki-2-unzen-gold-24h\/#primaryimage"},"thumbnailUrl":"https:\/\/mennicazielona.com\/wp-content\/uploads\/2022\/05\/Michal-Korybut-Wisniowiecki-AU.jpg","datePublished":"2022-05-18T09:06:40+00:00","dateModified":"2022-09-30T10:46:34+00:00","breadcrumb":{"@id":"https:\/\/mennicazielona.com\/de\/produkt\/nbp-sammlermuenze-michal-korybut-wisniowiecki-2-unzen-gold-24h\/#breadcrumb"},"inLanguage":"de","potentialAction":[{"@type":"ReadAction","target":["https:\/\/mennicazielona.com\/de\/produkt\/nbp-sammlermuenze-michal-korybut-wisniowiecki-2-unzen-gold-24h\/"]}]},{"@type":"ImageObject","inLanguage":"de","@id":"https:\/\/mennicazielona.com\/de\/produkt\/nbp-sammlermuenze-michal-korybut-wisniowiecki-2-unzen-gold-24h\/#primaryimage","url":"https:\/\/mennicazielona.com\/wp-content\/uploads\/2022\/05\/Michal-Korybut-Wisniowiecki-AU.jpg","contentUrl":"https:\/\/mennicazielona.com\/wp-content\/uploads\/2022\/05\/Michal-Korybut-Wisniowiecki-AU.jpg","width":900,"height":600},{"@type":"BreadcrumbList","@id":"https:\/\/mennicazielona.com\/de\/produkt\/nbp-sammlermuenze-michal-korybut-wisniowiecki-2-unzen-gold-24h\/#breadcrumb","itemListElement":[{"@type":"ListItem","position":1,"name":"Strona g\u0142\u00f3wna","item":"https:\/\/mennicazielona.com\/de\/"},{"@type":"ListItem","position":2,"name":"Sklep","item":"https:\/\/mennicazielona.com\/sklep\/"},{"@type":"ListItem","position":3,"name":"NBP Sammlerm\u00fcnze Micha\u0142 Korybut Wi\u015bniowiecki 2 Unzen Gold &#8211; 24h"}]},{"@type":"WebSite","@id":"https:\/\/mennicazielona.com\/de\/#website","url":"https:\/\/mennicazielona.com\/de\/","name":"Mennica Zielona","description":"Sprzeda\u017c z\u0142ota inwestycyjnego, sztabek oraz monet bulionowych","publisher":{"@id":"https:\/\/mennicazielona.com\/de\/#organization"},"potentialAction":[{"@type":"SearchAction","target":{"@type":"EntryPoint","urlTemplate":"https:\/\/mennicazielona.com\/de\/?s={search_term_string}"},"query-input":{"@type":"PropertyValueSpecification","valueRequired":true,"valueName":"search_term_string"}}],"inLanguage":"de"},{"@type":"Organization","@id":"https:\/\/mennicazielona.com\/de\/#organization","name":"Mennica Zielona Sp. z o.o.","url":"https:\/\/mennicazielona.com\/de\/","logo":{"@type":"ImageObject","inLanguage":"de","@id":"https:\/\/mennicazielona.com\/de\/#\/schema\/logo\/image\/","url":"https:\/\/mennicazielona.com\/wp-content\/uploads\/2021\/11\/logo-mennica-zielona.png","contentUrl":"https:\/\/mennicazielona.com\/wp-content\/uploads\/2021\/11\/logo-mennica-zielona.png","width":124,"height":139,"caption":"Mennica Zielona Sp. z o.o."},"image":{"@id":"https:\/\/mennicazielona.com\/de\/#\/schema\/logo\/image\/"},"sameAs":["https:\/\/www.facebook.com\/Mennica-Zielona-111796140639537\/","https:\/\/www.instagram.com\/mennicazielonalubuska\/?r=nametag"]}]}},"_links":{"self":[{"href":"https:\/\/mennicazielona.com\/de\/wp-json\/wp\/v2\/product\/11468","targetHints":{"allow":["GET"]}}],"collection":[{"href":"https:\/\/mennicazielona.com\/de\/wp-json\/wp\/v2\/product"}],"about":[{"href":"https:\/\/mennicazielona.com\/de\/wp-json\/wp\/v2\/types\/product"}],"replies":[{"embeddable":true,"href":"https:\/\/mennicazielona.com\/de\/wp-json\/wp\/v2\/comments?post=11468"}],"wp:featuredmedia":[{"embeddable":true,"href":"https:\/\/mennicazielona.com\/de\/wp-json\/wp\/v2\/media\/18290"}],"wp:attachment":[{"href":"https:\/\/mennicazielona.com\/de\/wp-json\/wp\/v2\/media?parent=11468"}],"wp:term":[{"taxonomy":"product_brand","embeddable":true,"href":"https:\/\/mennicazielona.com\/de\/wp-json\/wp\/v2\/product_brand?post=11468"},{"taxonomy":"product_cat","embeddable":true,"href":"https:\/\/mennicazielona.com\/de\/wp-json\/wp\/v2\/product_cat?post=11468"},{"taxonomy":"product_tag","embeddable":true,"href":"https:\/\/mennicazielona.com\/de\/wp-json\/wp\/v2\/product_tag?post=11468"}],"curies":[{"name":"wp","href":"https:\/\/api.w.org\/{rel}","templated":true}]}}