{"id":11353,"date":"2022-07-25T13:06:06","date_gmt":"2022-07-25T11:06:06","guid":{"rendered":"https:\/\/mennicazielona.com\/?post_type=product&#038;p=11353"},"modified":"2026-03-05T08:15:38","modified_gmt":"2026-03-05T07:15:38","slug":"kaenguru-1-oz-silber-x-25-stueck-24h","status":"publish","type":"product","link":"https:\/\/mennicazielona.com\/de\/produkt\/kaenguru-1-oz-silber-x-25-stueck-24h\/","title":{"rendered":"K\u00e4nguru 1 oz Silber x 25 St\u00fcck &#8211; 24h"},"content":{"rendered":"<p>Das australische K\u00e4nguru ist eine der beliebtesten Anlagem\u00fcnzen der Welt. Die M\u00fcnze wird von der \u00e4ltesten M\u00fcnzst\u00e4tte Australiens \u2013 der Perth Mint \u2013 gepr\u00e4gt.<\/p>\n<p>Die Vorderseite der M\u00fcnze zeigt den klassischen Look des roten K\u00e4ngurus, dem Nationalsymbol Australiens. Die gleiche Seite der M\u00fcnze zeigt auch &#8222;AUSTRALIAN KANGAROO&#8220;, das Jahr, das Datum und das Gewicht sowie das &#8222;P&#8220;-Symbol, das das Symbol f\u00fcr die Perth Mint ist.<\/p>\n<p>Die R\u00fcckseite zeigt das Bild von K\u00f6nigin Elizabeth II. von Gro\u00dfbritannien. Unter dem Portr\u00e4t ist der Nennwert der 1-Dollar-M\u00fcnze angegeben.Eine oz (1 oz) M\u00fcnze aus 9999 reinem Silber.<\/p>\n<p>Es wird sich in schwierigen Zeiten als Investition und Schutz Ihrer Ersparnisse perfekt eignen.<\/p>\n","protected":false},"excerpt":{"rendered":"<p><strong>Satz von 25 St\u00fcck M\u00fcnzen K\u00e4nguru 1 oz Silber in einem Sammelr\u00f6hrchen<\/strong><\/p>\n<p>Reinheit: <strong>9999<\/strong><br \/>\nGewicht: <strong>25 x 31,1 g<\/strong><br \/>\nJahr: <strong>2022<\/strong><br \/>\nZustand: <strong>Neuwertig<\/strong><br \/>\nVerpackung: <strong>Sammelr\u00f6hrchen<\/strong><br \/>\nLieferzeit: <span style=\"color: #ff0000;\"><strong>24 Stunden<\/strong><\/span><br \/>\nVerf\u00fcgbarkeit: <strong>auf Lager<\/strong><\/p>\n<p><strong>Das pr\u00e4sentierte Foto der M\u00fcnze dient der Veranschaulichung<\/strong><\/p>\n","protected":false},"featured_media":10941,"comment_status":"closed","ping_status":"closed","template":"","meta":[],"product_brand":[],"product_cat":[157,158,155],"product_tag":[],"class_list":{"0":"post-11353","1":"product","2":"type-product","3":"status-publish","4":"has-post-thumbnail","6":"product_cat-silber","7":"product_cat-silber-anlagemunzen","8":"product_cat-auf-lager-24h","10":"first","11":"instock","12":"taxable","13":"shipping-taxable","14":"purchasable","15":"product-type-simple"},"yoast_head":"<!-- This site is optimized with the Yoast SEO plugin v26.7 - https:\/\/yoast.com\/wordpress\/plugins\/seo\/ -->\n<title>K\u00e4nguru 1 oz Silber x 25 St\u00fcck - 24h - Mennica Zielona<\/title>\n<meta name=\"robots\" content=\"index, follow, max-snippet:-1, max-image-preview:large, max-video-preview:-1\" \/>\n<link rel=\"canonical\" href=\"https:\/\/mennicazielona.com\/de\/produkt\/kaenguru-1-oz-silber-x-25-stueck-24h\/\" \/>\n<meta property=\"og:locale\" content=\"de_DE\" \/>\n<meta property=\"og:type\" content=\"article\" \/>\n<meta property=\"og:title\" content=\"K\u00e4nguru 1 oz Silber x 25 St\u00fcck - 24h - Mennica Zielona\" \/>\n<meta property=\"og:description\" content=\"Satz von 25 St\u00fcck M\u00fcnzen K\u00e4nguru 1 oz Silber in einem Sammelr\u00f6hrchen  Reinheit: 9999 Gewicht: 25 x 31,1 g Jahr: 2022 Zustand: Neuwertig Verpackung: Sammelr\u00f6hrchen Lieferzeit: 24 Stunden Verf\u00fcgbarkeit: auf Lager  Das pr\u00e4sentierte Foto der M\u00fcnze dient der Veranschaulichung\" \/>\n<meta property=\"og:url\" content=\"https:\/\/mennicazielona.com\/de\/produkt\/kaenguru-1-oz-silber-x-25-stueck-24h\/\" \/>\n<meta property=\"og:site_name\" content=\"Mennica Zielona\" \/>\n<meta property=\"article:publisher\" content=\"https:\/\/www.facebook.com\/Mennica-Zielona-111796140639537\/\" \/>\n<meta property=\"article:modified_time\" content=\"2026-03-05T07:15:38+00:00\" \/>\n<meta property=\"og:image\" content=\"https:\/\/mennicazielona.com\/wp-content\/uploads\/2022\/06\/Kangur-1-oz.png\" \/>\n\t<meta property=\"og:image:width\" content=\"535\" \/>\n\t<meta property=\"og:image:height\" content=\"512\" \/>\n\t<meta property=\"og:image:type\" content=\"image\/png\" \/>\n<meta name=\"twitter:card\" content=\"summary_large_image\" \/>\n<meta name=\"twitter:label1\" content=\"Gesch\u00e4tzte Lesezeit\" \/>\n\t<meta name=\"twitter:data1\" content=\"1\u00a0Minute\" \/>\n<!-- \/ Yoast SEO plugin. -->","yoast_head_json":{"title":"K\u00e4nguru 1 oz Silber x 25 St\u00fcck - 24h - Mennica Zielona","robots":{"index":"index","follow":"follow","max-snippet":"max-snippet:-1","max-image-preview":"max-image-preview:large","max-video-preview":"max-video-preview:-1"},"canonical":"https:\/\/mennicazielona.com\/de\/produkt\/kaenguru-1-oz-silber-x-25-stueck-24h\/","og_locale":"de_DE","og_type":"article","og_title":"K\u00e4nguru 1 oz Silber x 25 St\u00fcck - 24h - Mennica Zielona","og_description":"Satz von 25 St\u00fcck M\u00fcnzen K\u00e4nguru 1 oz Silber in einem Sammelr\u00f6hrchen  Reinheit: 9999 Gewicht: 25 x 31,1 g Jahr: 2022 Zustand: Neuwertig Verpackung: Sammelr\u00f6hrchen Lieferzeit: 24 Stunden Verf\u00fcgbarkeit: auf Lager  Das pr\u00e4sentierte Foto der M\u00fcnze dient der Veranschaulichung","og_url":"https:\/\/mennicazielona.com\/de\/produkt\/kaenguru-1-oz-silber-x-25-stueck-24h\/","og_site_name":"Mennica Zielona","article_publisher":"https:\/\/www.facebook.com\/Mennica-Zielona-111796140639537\/","article_modified_time":"2026-03-05T07:15:38+00:00","og_image":[{"width":535,"height":512,"url":"https:\/\/mennicazielona.com\/wp-content\/uploads\/2022\/06\/Kangur-1-oz.png","type":"image\/png"}],"twitter_card":"summary_large_image","twitter_misc":{"Gesch\u00e4tzte Lesezeit":"1\u00a0Minute"},"schema":{"@context":"https:\/\/schema.org","@graph":[{"@type":"WebPage","@id":"https:\/\/mennicazielona.com\/de\/produkt\/kaenguru-1-oz-silber-x-25-stueck-24h\/","url":"https:\/\/mennicazielona.com\/de\/produkt\/kaenguru-1-oz-silber-x-25-stueck-24h\/","name":"K\u00e4nguru 1 oz Silber x 25 St\u00fcck - 24h - Mennica Zielona","isPartOf":{"@id":"https:\/\/mennicazielona.com\/de\/#website"},"primaryImageOfPage":{"@id":"https:\/\/mennicazielona.com\/de\/produkt\/kaenguru-1-oz-silber-x-25-stueck-24h\/#primaryimage"},"image":{"@id":"https:\/\/mennicazielona.com\/de\/produkt\/kaenguru-1-oz-silber-x-25-stueck-24h\/#primaryimage"},"thumbnailUrl":"https:\/\/mennicazielona.com\/wp-content\/uploads\/2022\/06\/Kangur-1-oz.png","datePublished":"2022-07-25T11:06:06+00:00","dateModified":"2026-03-05T07:15:38+00:00","breadcrumb":{"@id":"https:\/\/mennicazielona.com\/de\/produkt\/kaenguru-1-oz-silber-x-25-stueck-24h\/#breadcrumb"},"inLanguage":"de","potentialAction":[{"@type":"ReadAction","target":["https:\/\/mennicazielona.com\/de\/produkt\/kaenguru-1-oz-silber-x-25-stueck-24h\/"]}]},{"@type":"ImageObject","inLanguage":"de","@id":"https:\/\/mennicazielona.com\/de\/produkt\/kaenguru-1-oz-silber-x-25-stueck-24h\/#primaryimage","url":"https:\/\/mennicazielona.com\/wp-content\/uploads\/2022\/06\/Kangur-1-oz.png","contentUrl":"https:\/\/mennicazielona.com\/wp-content\/uploads\/2022\/06\/Kangur-1-oz.png","width":535,"height":512},{"@type":"BreadcrumbList","@id":"https:\/\/mennicazielona.com\/de\/produkt\/kaenguru-1-oz-silber-x-25-stueck-24h\/#breadcrumb","itemListElement":[{"@type":"ListItem","position":1,"name":"Strona g\u0142\u00f3wna","item":"https:\/\/mennicazielona.com\/de\/"},{"@type":"ListItem","position":2,"name":"Sklep","item":"https:\/\/mennicazielona.com\/sklep\/"},{"@type":"ListItem","position":3,"name":"K\u00e4nguru 1 oz Silber x 25 St\u00fcck &#8211; 24h"}]},{"@type":"WebSite","@id":"https:\/\/mennicazielona.com\/de\/#website","url":"https:\/\/mennicazielona.com\/de\/","name":"Mennica Zielona","description":"Sprzeda\u017c z\u0142ota inwestycyjnego, sztabek oraz monet bulionowych","publisher":{"@id":"https:\/\/mennicazielona.com\/de\/#organization"},"potentialAction":[{"@type":"SearchAction","target":{"@type":"EntryPoint","urlTemplate":"https:\/\/mennicazielona.com\/de\/?s={search_term_string}"},"query-input":{"@type":"PropertyValueSpecification","valueRequired":true,"valueName":"search_term_string"}}],"inLanguage":"de"},{"@type":"Organization","@id":"https:\/\/mennicazielona.com\/de\/#organization","name":"Mennica Zielona Sp. z o.o.","url":"https:\/\/mennicazielona.com\/de\/","logo":{"@type":"ImageObject","inLanguage":"de","@id":"https:\/\/mennicazielona.com\/de\/#\/schema\/logo\/image\/","url":"https:\/\/mennicazielona.com\/wp-content\/uploads\/2021\/11\/logo-mennica-zielona.png","contentUrl":"https:\/\/mennicazielona.com\/wp-content\/uploads\/2021\/11\/logo-mennica-zielona.png","width":124,"height":139,"caption":"Mennica Zielona Sp. z o.o."},"image":{"@id":"https:\/\/mennicazielona.com\/de\/#\/schema\/logo\/image\/"},"sameAs":["https:\/\/www.facebook.com\/Mennica-Zielona-111796140639537\/","https:\/\/www.instagram.com\/mennicazielonalubuska\/?r=nametag"]}]}},"_links":{"self":[{"href":"https:\/\/mennicazielona.com\/de\/wp-json\/wp\/v2\/product\/11353","targetHints":{"allow":["GET"]}}],"collection":[{"href":"https:\/\/mennicazielona.com\/de\/wp-json\/wp\/v2\/product"}],"about":[{"href":"https:\/\/mennicazielona.com\/de\/wp-json\/wp\/v2\/types\/product"}],"replies":[{"embeddable":true,"href":"https:\/\/mennicazielona.com\/de\/wp-json\/wp\/v2\/comments?post=11353"}],"wp:featuredmedia":[{"embeddable":true,"href":"https:\/\/mennicazielona.com\/de\/wp-json\/wp\/v2\/media\/10941"}],"wp:attachment":[{"href":"https:\/\/mennicazielona.com\/de\/wp-json\/wp\/v2\/media?parent=11353"}],"wp:term":[{"taxonomy":"product_brand","embeddable":true,"href":"https:\/\/mennicazielona.com\/de\/wp-json\/wp\/v2\/product_brand?post=11353"},{"taxonomy":"product_cat","embeddable":true,"href":"https:\/\/mennicazielona.com\/de\/wp-json\/wp\/v2\/product_cat?post=11353"},{"taxonomy":"product_tag","embeddable":true,"href":"https:\/\/mennicazielona.com\/de\/wp-json\/wp\/v2\/product_tag?post=11353"}],"curies":[{"name":"wp","href":"https:\/\/api.w.org\/{rel}","templated":true}]}}