{"id":11308,"date":"2022-07-20T14:59:16","date_gmt":"2022-07-20T12:59:16","guid":{"rendered":"https:\/\/mennicazielona.com\/?post_type=product&#038;p=11308"},"modified":"2022-09-22T12:46:23","modified_gmt":"2022-09-22T10:46:23","slug":"goldkette-versuch-585-art-z28","status":"publish","type":"product","link":"https:\/\/mennicazielona.com\/de\/produkt\/goldkette-versuch-585-art-z28\/","title":{"rendered":"Goldkette (585) Art. Z28"},"content":{"rendered":"","protected":false},"excerpt":{"rendered":"<p>Metall: <strong>Gold (Au)<\/strong><br \/>\nReinheit:<strong>585<\/strong><br \/>\nGewicht: <strong>80,8 g<\/strong><br \/>\nL\u00e4nge: <strong>65,5 cm<\/strong><br \/>\nMenge: <strong>1 St\u00fcck<\/strong><br \/>\nVerf\u00fcgbarkeit:<strong>auf Lager<\/strong><br \/>\nVorlaufzeit: <strong><span style=\"color: #ff0000;\">24 h<\/span><br \/>\n<\/strong><\/p>\n<p>Herren-Vollkette aus Gold (nicht gepufft). Versuchter Stempel auf der Kettenschlie\u00dfe.<\/p>\n<p>&nbsp;<\/p>\n<p>Wir f\u00fchren auch Einzelbestellungen f\u00fcr Goldketten durch \u2013 bitte kontaktieren Sie uns telefonisch oder per E-Mail.<\/p>\n","protected":false},"featured_media":10976,"comment_status":"closed","ping_status":"closed","template":"","meta":[],"product_brand":[],"product_cat":[149,152,155],"product_tag":[],"class_list":{"0":"post-11308","1":"product","2":"type-product","3":"status-publish","4":"has-post-thumbnail","6":"product_cat-schmuck","7":"product_cat-herrenketten","8":"product_cat-auf-lager-24h","10":"first","11":"instock","12":"taxable","13":"shipping-taxable","14":"purchasable","15":"product-type-simple"},"yoast_head":"<!-- This site is optimized with the Yoast SEO plugin v26.7 - https:\/\/yoast.com\/wordpress\/plugins\/seo\/ -->\n<title>Goldkette (585) Art. Z28 - Mennica Zielona<\/title>\n<meta name=\"robots\" content=\"index, follow, max-snippet:-1, max-image-preview:large, max-video-preview:-1\" \/>\n<link rel=\"canonical\" href=\"https:\/\/mennicazielona.com\/de\/produkt\/goldkette-versuch-585-art-z28\/\" \/>\n<meta property=\"og:locale\" content=\"de_DE\" \/>\n<meta property=\"og:type\" content=\"article\" \/>\n<meta property=\"og:title\" content=\"Goldkette (585) Art. Z28 - Mennica Zielona\" \/>\n<meta property=\"og:description\" content=\"Metall: Gold (Au) Reinheit:585 Gewicht: 80,8 g L\u00e4nge: 65,5 cm Menge: 1 St\u00fcck Verf\u00fcgbarkeit:auf Lager Vorlaufzeit: 24 h   Herren-Vollkette aus Gold (nicht gepufft). Versuchter Stempel auf der Kettenschlie\u00dfe.  &nbsp;  Wir f\u00fchren auch Einzelbestellungen f\u00fcr Goldketten durch \u2013 bitte kontaktieren Sie uns telefonisch oder per E-Mail.\" \/>\n<meta property=\"og:url\" content=\"https:\/\/mennicazielona.com\/de\/produkt\/goldkette-versuch-585-art-z28\/\" \/>\n<meta property=\"og:site_name\" content=\"Mennica Zielona\" \/>\n<meta property=\"article:publisher\" content=\"https:\/\/www.facebook.com\/Mennica-Zielona-111796140639537\/\" \/>\n<meta property=\"article:modified_time\" content=\"2022-09-22T10:46:23+00:00\" \/>\n<meta property=\"og:image\" content=\"https:\/\/mennicazielona.com\/wp-content\/uploads\/2022\/07\/IMG_20220708_150951-scaled.jpg\" \/>\n\t<meta property=\"og:image:width\" content=\"2560\" \/>\n\t<meta property=\"og:image:height\" content=\"2258\" \/>\n\t<meta property=\"og:image:type\" content=\"image\/jpeg\" \/>\n<meta name=\"twitter:card\" content=\"summary_large_image\" \/>\n<!-- \/ Yoast SEO plugin. -->","yoast_head_json":{"title":"Goldkette (585) Art. Z28 - Mennica Zielona","robots":{"index":"index","follow":"follow","max-snippet":"max-snippet:-1","max-image-preview":"max-image-preview:large","max-video-preview":"max-video-preview:-1"},"canonical":"https:\/\/mennicazielona.com\/de\/produkt\/goldkette-versuch-585-art-z28\/","og_locale":"de_DE","og_type":"article","og_title":"Goldkette (585) Art. Z28 - Mennica Zielona","og_description":"Metall: Gold (Au) Reinheit:585 Gewicht: 80,8 g L\u00e4nge: 65,5 cm Menge: 1 St\u00fcck Verf\u00fcgbarkeit:auf Lager Vorlaufzeit: 24 h   Herren-Vollkette aus Gold (nicht gepufft). Versuchter Stempel auf der Kettenschlie\u00dfe.  &nbsp;  Wir f\u00fchren auch Einzelbestellungen f\u00fcr Goldketten durch \u2013 bitte kontaktieren Sie uns telefonisch oder per E-Mail.","og_url":"https:\/\/mennicazielona.com\/de\/produkt\/goldkette-versuch-585-art-z28\/","og_site_name":"Mennica Zielona","article_publisher":"https:\/\/www.facebook.com\/Mennica-Zielona-111796140639537\/","article_modified_time":"2022-09-22T10:46:23+00:00","og_image":[{"width":2560,"height":2258,"url":"https:\/\/mennicazielona.com\/wp-content\/uploads\/2022\/07\/IMG_20220708_150951-scaled.jpg","type":"image\/jpeg"}],"twitter_card":"summary_large_image","schema":{"@context":"https:\/\/schema.org","@graph":[{"@type":"WebPage","@id":"https:\/\/mennicazielona.com\/de\/produkt\/goldkette-versuch-585-art-z28\/","url":"https:\/\/mennicazielona.com\/de\/produkt\/goldkette-versuch-585-art-z28\/","name":"Goldkette (585) Art. Z28 - Mennica Zielona","isPartOf":{"@id":"https:\/\/mennicazielona.com\/de\/#website"},"primaryImageOfPage":{"@id":"https:\/\/mennicazielona.com\/de\/produkt\/goldkette-versuch-585-art-z28\/#primaryimage"},"image":{"@id":"https:\/\/mennicazielona.com\/de\/produkt\/goldkette-versuch-585-art-z28\/#primaryimage"},"thumbnailUrl":"https:\/\/mennicazielona.com\/wp-content\/uploads\/2022\/07\/IMG_20220708_150951-scaled.jpg","datePublished":"2022-07-20T12:59:16+00:00","dateModified":"2022-09-22T10:46:23+00:00","breadcrumb":{"@id":"https:\/\/mennicazielona.com\/de\/produkt\/goldkette-versuch-585-art-z28\/#breadcrumb"},"inLanguage":"de","potentialAction":[{"@type":"ReadAction","target":["https:\/\/mennicazielona.com\/de\/produkt\/goldkette-versuch-585-art-z28\/"]}]},{"@type":"ImageObject","inLanguage":"de","@id":"https:\/\/mennicazielona.com\/de\/produkt\/goldkette-versuch-585-art-z28\/#primaryimage","url":"https:\/\/mennicazielona.com\/wp-content\/uploads\/2022\/07\/IMG_20220708_150951-scaled.jpg","contentUrl":"https:\/\/mennicazielona.com\/wp-content\/uploads\/2022\/07\/IMG_20220708_150951-scaled.jpg","width":2560,"height":2258},{"@type":"BreadcrumbList","@id":"https:\/\/mennicazielona.com\/de\/produkt\/goldkette-versuch-585-art-z28\/#breadcrumb","itemListElement":[{"@type":"ListItem","position":1,"name":"Strona g\u0142\u00f3wna","item":"https:\/\/mennicazielona.com\/de\/"},{"@type":"ListItem","position":2,"name":"Sklep","item":"https:\/\/mennicazielona.com\/sklep\/"},{"@type":"ListItem","position":3,"name":"Goldkette (585) Art. Z28"}]},{"@type":"WebSite","@id":"https:\/\/mennicazielona.com\/de\/#website","url":"https:\/\/mennicazielona.com\/de\/","name":"Mennica Zielona","description":"Sprzeda\u017c z\u0142ota inwestycyjnego, sztabek oraz monet bulionowych","publisher":{"@id":"https:\/\/mennicazielona.com\/de\/#organization"},"potentialAction":[{"@type":"SearchAction","target":{"@type":"EntryPoint","urlTemplate":"https:\/\/mennicazielona.com\/de\/?s={search_term_string}"},"query-input":{"@type":"PropertyValueSpecification","valueRequired":true,"valueName":"search_term_string"}}],"inLanguage":"de"},{"@type":"Organization","@id":"https:\/\/mennicazielona.com\/de\/#organization","name":"Mennica Zielona Sp. z o.o.","url":"https:\/\/mennicazielona.com\/de\/","logo":{"@type":"ImageObject","inLanguage":"de","@id":"https:\/\/mennicazielona.com\/de\/#\/schema\/logo\/image\/","url":"https:\/\/mennicazielona.com\/wp-content\/uploads\/2021\/11\/logo-mennica-zielona.png","contentUrl":"https:\/\/mennicazielona.com\/wp-content\/uploads\/2021\/11\/logo-mennica-zielona.png","width":124,"height":139,"caption":"Mennica Zielona Sp. z o.o."},"image":{"@id":"https:\/\/mennicazielona.com\/de\/#\/schema\/logo\/image\/"},"sameAs":["https:\/\/www.facebook.com\/Mennica-Zielona-111796140639537\/","https:\/\/www.instagram.com\/mennicazielonalubuska\/?r=nametag"]}]}},"_links":{"self":[{"href":"https:\/\/mennicazielona.com\/de\/wp-json\/wp\/v2\/product\/11308","targetHints":{"allow":["GET"]}}],"collection":[{"href":"https:\/\/mennicazielona.com\/de\/wp-json\/wp\/v2\/product"}],"about":[{"href":"https:\/\/mennicazielona.com\/de\/wp-json\/wp\/v2\/types\/product"}],"replies":[{"embeddable":true,"href":"https:\/\/mennicazielona.com\/de\/wp-json\/wp\/v2\/comments?post=11308"}],"wp:featuredmedia":[{"embeddable":true,"href":"https:\/\/mennicazielona.com\/de\/wp-json\/wp\/v2\/media\/10976"}],"wp:attachment":[{"href":"https:\/\/mennicazielona.com\/de\/wp-json\/wp\/v2\/media?parent=11308"}],"wp:term":[{"taxonomy":"product_brand","embeddable":true,"href":"https:\/\/mennicazielona.com\/de\/wp-json\/wp\/v2\/product_brand?post=11308"},{"taxonomy":"product_cat","embeddable":true,"href":"https:\/\/mennicazielona.com\/de\/wp-json\/wp\/v2\/product_cat?post=11308"},{"taxonomy":"product_tag","embeddable":true,"href":"https:\/\/mennicazielona.com\/de\/wp-json\/wp\/v2\/product_tag?post=11308"}],"curies":[{"name":"wp","href":"https:\/\/api.w.org\/{rel}","templated":true}]}}