{"id":11268,"date":"2022-09-06T13:50:50","date_gmt":"2022-09-06T11:50:50","guid":{"rendered":"https:\/\/mennicazielona.com\/produkt\/american-buffalo-1-oz-goldmuenze-24h\/"},"modified":"2022-09-22T12:36:03","modified_gmt":"2022-09-22T10:36:03","slug":"american-buffalo-1-oz-goldmunze-24h","status":"publish","type":"product","link":"https:\/\/mennicazielona.com\/de\/produkt\/american-buffalo-1-oz-goldmunze-24h\/","title":{"rendered":"American Buffalo \u2013 1 oz Goldm\u00fcnze &#8211; 24h"},"content":{"rendered":"<p>Der American Bison ist die erste 24 Karat Goldm\u00fcnze, die von der United States Mint gepr\u00e4gt wurde. Die Vorderseite der M\u00fcnze zeigt den Kopf eines Indianers, w\u00e4hrend die R\u00fcckseite die Silhouette eines amerikanischen B\u00fcffels zeigt.<\/p>\n<p>Es wird in schwierigen Zeiten perfekt als Investition und Schutz Ihrer Ersparnisse sein.<\/p>\n","protected":false},"excerpt":{"rendered":"<p>Reinheit: <strong>999.9<br \/>\n<\/strong>Gewicht: <strong>31.1 g (1 oz 24 Karat Gold)<br \/>\n<\/strong>Jahrgang: <strong>2022<br \/>\n<\/strong>Zustand: <strong>Neuwertig<br \/>\n<\/strong>Verpackung: <strong>Flaschendeckel<\/strong><br \/>\nVorlaufzeit: <strong><span style=\"color: #ff0000;\">24 h<br \/>\n<\/span><\/strong><span style=\"color: #ff0000;\"><span style=\"color: #000000;\">Verf\u00fcgbarkeit:<\/span><\/span><strong><span style=\"color: #ff0000;\"><span style=\"color: #000000;\"> auf Lager<\/span><br \/>\n<\/span><\/strong><\/p>\n<p><b>Das Foto der M\u00fcnze ist ein Beispiel.<\/b><\/p>\n","protected":false},"featured_media":10959,"comment_status":"closed","ping_status":"closed","template":"","meta":[],"product_brand":[],"product_cat":[161,162],"product_tag":[],"class_list":{"0":"post-11268","1":"product","2":"type-product","3":"status-publish","4":"has-post-thumbnail","6":"product_cat-gold","7":"product_cat-gold-anlagemunzen","9":"first","10":"outofstock","11":"taxable","12":"shipping-taxable","13":"purchasable","14":"product-type-simple"},"yoast_head":"<!-- This site is optimized with the Yoast SEO plugin v26.7 - https:\/\/yoast.com\/wordpress\/plugins\/seo\/ -->\n<title>American Buffalo \u2013 1 oz Goldm\u00fcnze - 24h - Mennica Zielona<\/title>\n<meta name=\"description\" content=\"Diese amerikanische M\u00fcnze aus 999,9 Gold wiegt 1 Unze. Es wird in schwierigen Zeiten als Investition perfekt sein.\" \/>\n<meta name=\"robots\" content=\"index, follow, max-snippet:-1, max-image-preview:large, max-video-preview:-1\" \/>\n<link rel=\"canonical\" href=\"https:\/\/mennicazielona.com\/de\/produkt\/american-buffalo-1-oz-goldmunze-24h\/\" \/>\n<meta property=\"og:locale\" content=\"de_DE\" \/>\n<meta property=\"og:type\" content=\"article\" \/>\n<meta property=\"og:title\" content=\"American Buffalo \u2013 1 oz Goldm\u00fcnze - 24h - Mennica Zielona\" \/>\n<meta property=\"og:description\" content=\"Diese amerikanische M\u00fcnze aus 999,9 Gold wiegt 1 Unze. Es wird in schwierigen Zeiten als Investition perfekt sein.\" \/>\n<meta property=\"og:url\" content=\"https:\/\/mennicazielona.com\/de\/produkt\/american-buffalo-1-oz-goldmunze-24h\/\" \/>\n<meta property=\"og:site_name\" content=\"Mennica Zielona\" \/>\n<meta property=\"article:publisher\" content=\"https:\/\/www.facebook.com\/Mennica-Zielona-111796140639537\/\" \/>\n<meta property=\"article:modified_time\" content=\"2022-09-22T10:36:03+00:00\" \/>\n<meta property=\"og:image\" content=\"https:\/\/mennicazielona.com\/wp-content\/uploads\/2022\/07\/Amerykanski-Bizon-1-oz.jpg\" \/>\n\t<meta property=\"og:image:width\" content=\"750\" \/>\n\t<meta property=\"og:image:height\" content=\"750\" \/>\n\t<meta property=\"og:image:type\" content=\"image\/jpeg\" \/>\n<meta name=\"twitter:card\" content=\"summary_large_image\" \/>\n<!-- \/ Yoast SEO plugin. -->","yoast_head_json":{"title":"American Buffalo \u2013 1 oz Goldm\u00fcnze - 24h - Mennica Zielona","description":"Diese amerikanische M\u00fcnze aus 999,9 Gold wiegt 1 Unze. Es wird in schwierigen Zeiten als Investition perfekt sein.","robots":{"index":"index","follow":"follow","max-snippet":"max-snippet:-1","max-image-preview":"max-image-preview:large","max-video-preview":"max-video-preview:-1"},"canonical":"https:\/\/mennicazielona.com\/de\/produkt\/american-buffalo-1-oz-goldmunze-24h\/","og_locale":"de_DE","og_type":"article","og_title":"American Buffalo \u2013 1 oz Goldm\u00fcnze - 24h - Mennica Zielona","og_description":"Diese amerikanische M\u00fcnze aus 999,9 Gold wiegt 1 Unze. Es wird in schwierigen Zeiten als Investition perfekt sein.","og_url":"https:\/\/mennicazielona.com\/de\/produkt\/american-buffalo-1-oz-goldmunze-24h\/","og_site_name":"Mennica Zielona","article_publisher":"https:\/\/www.facebook.com\/Mennica-Zielona-111796140639537\/","article_modified_time":"2022-09-22T10:36:03+00:00","og_image":[{"width":750,"height":750,"url":"https:\/\/mennicazielona.com\/wp-content\/uploads\/2022\/07\/Amerykanski-Bizon-1-oz.jpg","type":"image\/jpeg"}],"twitter_card":"summary_large_image","schema":{"@context":"https:\/\/schema.org","@graph":[{"@type":"WebPage","@id":"https:\/\/mennicazielona.com\/de\/produkt\/american-buffalo-1-oz-goldmunze-24h\/","url":"https:\/\/mennicazielona.com\/de\/produkt\/american-buffalo-1-oz-goldmunze-24h\/","name":"American Buffalo \u2013 1 oz Goldm\u00fcnze - 24h - Mennica Zielona","isPartOf":{"@id":"https:\/\/mennicazielona.com\/de\/#website"},"primaryImageOfPage":{"@id":"https:\/\/mennicazielona.com\/de\/produkt\/american-buffalo-1-oz-goldmunze-24h\/#primaryimage"},"image":{"@id":"https:\/\/mennicazielona.com\/de\/produkt\/american-buffalo-1-oz-goldmunze-24h\/#primaryimage"},"thumbnailUrl":"https:\/\/mennicazielona.com\/wp-content\/uploads\/2022\/07\/Amerykanski-Bizon-1-oz.jpg","datePublished":"2022-09-06T11:50:50+00:00","dateModified":"2022-09-22T10:36:03+00:00","description":"Diese amerikanische M\u00fcnze aus 999,9 Gold wiegt 1 Unze. Es wird in schwierigen Zeiten als Investition perfekt sein.","breadcrumb":{"@id":"https:\/\/mennicazielona.com\/de\/produkt\/american-buffalo-1-oz-goldmunze-24h\/#breadcrumb"},"inLanguage":"de","potentialAction":[{"@type":"ReadAction","target":["https:\/\/mennicazielona.com\/de\/produkt\/american-buffalo-1-oz-goldmunze-24h\/"]}]},{"@type":"ImageObject","inLanguage":"de","@id":"https:\/\/mennicazielona.com\/de\/produkt\/american-buffalo-1-oz-goldmunze-24h\/#primaryimage","url":"https:\/\/mennicazielona.com\/wp-content\/uploads\/2022\/07\/Amerykanski-Bizon-1-oz.jpg","contentUrl":"https:\/\/mennicazielona.com\/wp-content\/uploads\/2022\/07\/Amerykanski-Bizon-1-oz.jpg","width":750,"height":750},{"@type":"BreadcrumbList","@id":"https:\/\/mennicazielona.com\/de\/produkt\/american-buffalo-1-oz-goldmunze-24h\/#breadcrumb","itemListElement":[{"@type":"ListItem","position":1,"name":"Strona g\u0142\u00f3wna","item":"https:\/\/mennicazielona.com\/de\/"},{"@type":"ListItem","position":2,"name":"Sklep","item":"https:\/\/mennicazielona.com\/sklep\/"},{"@type":"ListItem","position":3,"name":"American Buffalo \u2013 1 oz Goldm\u00fcnze &#8211; 24h"}]},{"@type":"WebSite","@id":"https:\/\/mennicazielona.com\/de\/#website","url":"https:\/\/mennicazielona.com\/de\/","name":"Mennica Zielona","description":"Sprzeda\u017c z\u0142ota inwestycyjnego, sztabek oraz monet bulionowych","publisher":{"@id":"https:\/\/mennicazielona.com\/de\/#organization"},"potentialAction":[{"@type":"SearchAction","target":{"@type":"EntryPoint","urlTemplate":"https:\/\/mennicazielona.com\/de\/?s={search_term_string}"},"query-input":{"@type":"PropertyValueSpecification","valueRequired":true,"valueName":"search_term_string"}}],"inLanguage":"de"},{"@type":"Organization","@id":"https:\/\/mennicazielona.com\/de\/#organization","name":"Mennica Zielona Sp. z o.o.","url":"https:\/\/mennicazielona.com\/de\/","logo":{"@type":"ImageObject","inLanguage":"de","@id":"https:\/\/mennicazielona.com\/de\/#\/schema\/logo\/image\/","url":"https:\/\/mennicazielona.com\/wp-content\/uploads\/2021\/11\/logo-mennica-zielona.png","contentUrl":"https:\/\/mennicazielona.com\/wp-content\/uploads\/2021\/11\/logo-mennica-zielona.png","width":124,"height":139,"caption":"Mennica Zielona Sp. z o.o."},"image":{"@id":"https:\/\/mennicazielona.com\/de\/#\/schema\/logo\/image\/"},"sameAs":["https:\/\/www.facebook.com\/Mennica-Zielona-111796140639537\/","https:\/\/www.instagram.com\/mennicazielonalubuska\/?r=nametag"]}]}},"_links":{"self":[{"href":"https:\/\/mennicazielona.com\/de\/wp-json\/wp\/v2\/product\/11268","targetHints":{"allow":["GET"]}}],"collection":[{"href":"https:\/\/mennicazielona.com\/de\/wp-json\/wp\/v2\/product"}],"about":[{"href":"https:\/\/mennicazielona.com\/de\/wp-json\/wp\/v2\/types\/product"}],"replies":[{"embeddable":true,"href":"https:\/\/mennicazielona.com\/de\/wp-json\/wp\/v2\/comments?post=11268"}],"wp:featuredmedia":[{"embeddable":true,"href":"https:\/\/mennicazielona.com\/de\/wp-json\/wp\/v2\/media\/10959"}],"wp:attachment":[{"href":"https:\/\/mennicazielona.com\/de\/wp-json\/wp\/v2\/media?parent=11268"}],"wp:term":[{"taxonomy":"product_brand","embeddable":true,"href":"https:\/\/mennicazielona.com\/de\/wp-json\/wp\/v2\/product_brand?post=11268"},{"taxonomy":"product_cat","embeddable":true,"href":"https:\/\/mennicazielona.com\/de\/wp-json\/wp\/v2\/product_cat?post=11268"},{"taxonomy":"product_tag","embeddable":true,"href":"https:\/\/mennicazielona.com\/de\/wp-json\/wp\/v2\/product_tag?post=11268"}],"curies":[{"name":"wp","href":"https:\/\/api.w.org\/{rel}","templated":true}]}}