{"id":11750,"date":"2021-03-10T12:02:02","date_gmt":"2021-03-10T11:02:02","guid":{"rendered":"https:\/\/mennicazielona.com\/sicher-einkaufen\/"},"modified":"2021-03-10T12:02:02","modified_gmt":"2021-03-10T11:02:02","slug":"sicher-einkaufen","status":"publish","type":"page","link":"https:\/\/mennicazielona.com\/de\/sicher-einkaufen\/","title":{"rendered":"Sicher einkaufen"},"content":{"rendered":"<p>Verschl\u00fcsselte Seite. <strong>SSL-Zertifikat<\/strong> gew\u00e4hrleistet die Sicherheit der vom Kunden gesendeten Daten. Wir liefern Pakete \u00fcber ein Kurierunternehmen oder bei Einzelauftr\u00e4gen mit hohem Wert durch einen Wertkonvoi, der direkt von unserem Mitarbeiter an seine eigenen H\u00e4nde geliefert wird.<\/p>\n","protected":false},"excerpt":{"rendered":"<p>Verschl\u00fcsselte Seite. SSL-Zertifikat gew\u00e4hrleistet die Sicherheit der vom Kunden gesendeten Daten. Wir&#8230;<\/p>\n","protected":false},"author":1,"featured_media":0,"parent":0,"menu_order":0,"comment_status":"closed","ping_status":"closed","template":"","meta":{"footnotes":""},"class_list":["post-11750","page","type-page","status-publish","hentry"],"yoast_head":"<!-- This site is optimized with the Yoast SEO plugin v26.7 - https:\/\/yoast.com\/wordpress\/plugins\/seo\/ -->\n<title>Sicher einkaufen - Mennica Zielona<\/title>\n<meta name=\"robots\" content=\"index, follow, max-snippet:-1, max-image-preview:large, max-video-preview:-1\" \/>\n<link rel=\"canonical\" href=\"https:\/\/mennicazielona.com\/de\/sicher-einkaufen\/\" \/>\n<meta property=\"og:locale\" content=\"de_DE\" \/>\n<meta property=\"og:type\" content=\"article\" \/>\n<meta property=\"og:title\" content=\"Sicher einkaufen - Mennica Zielona\" \/>\n<meta property=\"og:description\" content=\"Verschl\u00fcsselte Seite. SSL-Zertifikat gew\u00e4hrleistet die Sicherheit der vom Kunden gesendeten Daten. Wir...\" \/>\n<meta property=\"og:url\" content=\"https:\/\/mennicazielona.com\/de\/sicher-einkaufen\/\" \/>\n<meta property=\"og:site_name\" content=\"Mennica Zielona\" \/>\n<meta property=\"article:publisher\" content=\"https:\/\/www.facebook.com\/Mennica-Zielona-111796140639537\/\" \/>\n<meta name=\"twitter:card\" content=\"summary_large_image\" \/>\n<!-- \/ Yoast SEO plugin. -->","yoast_head_json":{"title":"Sicher einkaufen - Mennica Zielona","robots":{"index":"index","follow":"follow","max-snippet":"max-snippet:-1","max-image-preview":"max-image-preview:large","max-video-preview":"max-video-preview:-1"},"canonical":"https:\/\/mennicazielona.com\/de\/sicher-einkaufen\/","og_locale":"de_DE","og_type":"article","og_title":"Sicher einkaufen - Mennica Zielona","og_description":"Verschl\u00fcsselte Seite. SSL-Zertifikat gew\u00e4hrleistet die Sicherheit der vom Kunden gesendeten Daten. Wir...","og_url":"https:\/\/mennicazielona.com\/de\/sicher-einkaufen\/","og_site_name":"Mennica Zielona","article_publisher":"https:\/\/www.facebook.com\/Mennica-Zielona-111796140639537\/","twitter_card":"summary_large_image","schema":{"@context":"https:\/\/schema.org","@graph":[{"@type":"WebPage","@id":"https:\/\/mennicazielona.com\/de\/sicher-einkaufen\/","url":"https:\/\/mennicazielona.com\/de\/sicher-einkaufen\/","name":"Sicher einkaufen - Mennica Zielona","isPartOf":{"@id":"https:\/\/mennicazielona.com\/de\/#website"},"datePublished":"2021-03-10T11:02:02+00:00","breadcrumb":{"@id":"https:\/\/mennicazielona.com\/de\/sicher-einkaufen\/#breadcrumb"},"inLanguage":"de","potentialAction":[{"@type":"ReadAction","target":["https:\/\/mennicazielona.com\/de\/sicher-einkaufen\/"]}]},{"@type":"BreadcrumbList","@id":"https:\/\/mennicazielona.com\/de\/sicher-einkaufen\/#breadcrumb","itemListElement":[{"@type":"ListItem","position":1,"name":"Strona g\u0142\u00f3wna","item":"https:\/\/mennicazielona.com\/de\/"},{"@type":"ListItem","position":2,"name":"Sicher einkaufen"}]},{"@type":"WebSite","@id":"https:\/\/mennicazielona.com\/de\/#website","url":"https:\/\/mennicazielona.com\/de\/","name":"Mennica Zielona","description":"Sprzeda\u017c z\u0142ota inwestycyjnego, sztabek oraz monet bulionowych","publisher":{"@id":"https:\/\/mennicazielona.com\/de\/#organization"},"potentialAction":[{"@type":"SearchAction","target":{"@type":"EntryPoint","urlTemplate":"https:\/\/mennicazielona.com\/de\/?s={search_term_string}"},"query-input":{"@type":"PropertyValueSpecification","valueRequired":true,"valueName":"search_term_string"}}],"inLanguage":"de"},{"@type":"Organization","@id":"https:\/\/mennicazielona.com\/de\/#organization","name":"Mennica Zielona Sp. z o.o.","url":"https:\/\/mennicazielona.com\/de\/","logo":{"@type":"ImageObject","inLanguage":"de","@id":"https:\/\/mennicazielona.com\/de\/#\/schema\/logo\/image\/","url":"https:\/\/mennicazielona.com\/wp-content\/uploads\/2021\/11\/logo-mennica-zielona.png","contentUrl":"https:\/\/mennicazielona.com\/wp-content\/uploads\/2021\/11\/logo-mennica-zielona.png","width":124,"height":139,"caption":"Mennica Zielona Sp. z o.o."},"image":{"@id":"https:\/\/mennicazielona.com\/de\/#\/schema\/logo\/image\/"},"sameAs":["https:\/\/www.facebook.com\/Mennica-Zielona-111796140639537\/","https:\/\/www.instagram.com\/mennicazielonalubuska\/?r=nametag"]}]}},"_links":{"self":[{"href":"https:\/\/mennicazielona.com\/de\/wp-json\/wp\/v2\/pages\/11750","targetHints":{"allow":["GET"]}}],"collection":[{"href":"https:\/\/mennicazielona.com\/de\/wp-json\/wp\/v2\/pages"}],"about":[{"href":"https:\/\/mennicazielona.com\/de\/wp-json\/wp\/v2\/types\/page"}],"author":[{"embeddable":true,"href":"https:\/\/mennicazielona.com\/de\/wp-json\/wp\/v2\/users\/1"}],"replies":[{"embeddable":true,"href":"https:\/\/mennicazielona.com\/de\/wp-json\/wp\/v2\/comments?post=11750"}],"version-history":[{"count":0,"href":"https:\/\/mennicazielona.com\/de\/wp-json\/wp\/v2\/pages\/11750\/revisions"}],"wp:attachment":[{"href":"https:\/\/mennicazielona.com\/de\/wp-json\/wp\/v2\/media?parent=11750"}],"curies":[{"name":"wp","href":"https:\/\/api.w.org\/{rel}","templated":true}]}}